{"id":193,"date":"2024-10-23T12:09:02","date_gmt":"2024-10-23T10:09:02","guid":{"rendered":"http:\/\/billigtrikots.com\/?post_type=product&#038;p=193"},"modified":"2024-10-23T12:11:07","modified_gmt":"2024-10-23T10:11:07","slug":"fc-barcelona-2021-22-herren-heimtrikot-blau-rot-mit-aufdruck-firpo-24","status":"publish","type":"product","link":"https:\/\/www.billigtrikotde.com\/hr\/fc-barcelona-2021-22-herren-heimtrikot-blau-rot-mit-aufdruck-firpo-24\/","title":{"rendered":"FC Barcelona 2021\/22 Mu\u0161ki doma\u0107i dres plavo-crveni s natpisom FIRPO 24"},"content":{"rendered":"<p>Podr\u017ei svoj klub u sezoni 2021\/2022 i poka\u017ei svoj ponos na slu\u017ebenoj FC Barcelona replika doma\u0107oj majici. Autenti\u010dni dizajn doma\u0107e majice za mu\u0161karce temelji se na utakmicama profesionalaca. Funkcionalni materijal s recikliranim 100% TPU-om i Nike Dri-FIT tehnologijom posebno je prozra\u010dan i pru\u017ea ugodan osje\u0107aj tijekom no\u0161enja. Autenti\u010dni detalji tima poput grba kluba na prsima potvr\u0111uju tvoju strast prema Barci, bilo na terenu ili na ulici.<\/p>\n<p>Savjeti za ispis: Ako ime i broj na slici to\u010dno odgovaraju va\u0161im \u017eeljama, ne morate ih ponovno unositi. Ako ne, unesite \u017eeljeno ime i broj.<\/p>\n<p>Savjeti za pranje: Preporu\u010duje se ru\u010dno pranje nogometnih dresova. Ako \u017eelite koristiti perilicu, sjetite se okrenuti dresove naopako prije pranja. Napunite perilicu hladnom vodom i koristite program za osjetljive tkanine kako biste bolje za\u0161titili boje.<\/p>","protected":false},"excerpt":{"rendered":"<p>Podr\u017ei svoj klub u sezoni 2021\/2022 i poka\u017ei svoj ponos na slu\u017ebenoj repliki doma\u0107e majice FC Barcelona. Autenti\u010dni dizajn ku\u0107ne majice za mu\u0161karce temelji se na utakmicama profesionalaca. Materijal s recikla\u017eom od 100% TPU i Nike Dri-FIT tehnologijom posebno je prozra\u010dan i pru\u017ea osje\u0107aj svje\u017eine. Autenti\u010dni detalji tima poput grba kluba na [\u2026]<\/p>","protected":false},"featured_media":235,"comment_status":"open","ping_status":"closed","template":"","meta":[],"product_brand":[],"product_cat":[31],"product_tag":[32,20,33,21,22,23,24],"class_list":{"0":"post-193","1":"product","2":"type-product","3":"status-publish","4":"has-post-thumbnail","6":"product_cat-fc-barcelona","7":"product_tag-barcelona-heimtrikot","8":"product_tag-coole-fussballtrikots","9":"product_tag-fc-barcelona-trikots","10":"product_tag-fussballtrikot-fuer-herren","11":"product_tag-fussballtrikot-guenstig-kaufen","12":"product_tag-fussballtrikot-kurzarm","13":"product_tag-guenstiges-fussballtrikot","15":"first","16":"instock","17":"shipping-taxable","18":"purchasable","19":"product-type-variable"},"_links":{"self":[{"href":"https:\/\/www.billigtrikotde.com\/hr\/wp-json\/wp\/v2\/product\/193","targetHints":{"allow":["GET"]}}],"collection":[{"href":"https:\/\/www.billigtrikotde.com\/hr\/wp-json\/wp\/v2\/product"}],"about":[{"href":"https:\/\/www.billigtrikotde.com\/hr\/wp-json\/wp\/v2\/types\/product"}],"replies":[{"embeddable":true,"href":"https:\/\/www.billigtrikotde.com\/hr\/wp-json\/wp\/v2\/comments?post=193"}],"wp:featuredmedia":[{"embeddable":true,"href":"https:\/\/www.billigtrikotde.com\/hr\/wp-json\/wp\/v2\/media\/235"}],"wp:attachment":[{"href":"https:\/\/www.billigtrikotde.com\/hr\/wp-json\/wp\/v2\/media?parent=193"}],"wp:term":[{"taxonomy":"product_brand","embeddable":true,"href":"https:\/\/www.billigtrikotde.com\/hr\/wp-json\/wp\/v2\/product_brand?post=193"},{"taxonomy":"product_cat","embeddable":true,"href":"https:\/\/www.billigtrikotde.com\/hr\/wp-json\/wp\/v2\/product_cat?post=193"},{"taxonomy":"product_tag","embeddable":true,"href":"https:\/\/www.billigtrikotde.com\/hr\/wp-json\/wp\/v2\/product_tag?post=193"}],"curies":[{"name":"wp","href":"https:\/\/api.w.org\/{rel}","templated":true}]}}