{"id":19294,"date":"2024-10-24T11:20:11","date_gmt":"2024-10-24T09:20:11","guid":{"rendered":"http:\/\/billigtrikots.com\/?post_type=product&#038;p=19294"},"modified":"2025-05-30T16:13:30","modified_gmt":"2025-05-30T14:13:30","slug":"fussballtrikot-fuer-herren-manchester-united-auswaertstrikot-2024-2025","status":"publish","type":"product","link":"https:\/\/www.billigtrikotde.com\/hr\/fussballtrikot-fuer-herren-manchester-united-auswaertstrikot-2024-2025\/","title":{"rendered":"Nogometni dres za mu\u0161karce Manchester United gostuju\u0107i dres 2024-2025"},"content":{"rendered":"<p>Novi gostuju\u0107i dres Manchester United FC 24-25 ima tamnoplavu glavnu boju (\u201eNight Indigo\u201c), kombiniranu s svjetlosrebrnim logotipima i crvenim akcentima. Gostuju\u0107i dres Manchester United 24-25 na prednjoj strani ima zig-zag uzorak koji je sastavljen od slova M. Svjetloplava grafika na elegantnom polo ovratniku odaje po\u010dast rijeci pored koje se nalazi Old Trafford.<\/p>\n<p>Savjeti za ispis: Ako ime i broj na slici to\u010dno odgovaraju va\u0161im \u017eeljama, ne morate ih ponovno unositi. Ako ne, unesite \u017eeljeno ime i broj.<\/p>\n<p>Savjeti za pranje: Preporu\u010duje se ru\u010dno pranje nogometnih dresova. Ako \u017eelite koristiti perilicu, sjetite se okrenuti dresove naopako prije pranja. Napunite perilicu hladnom vodom i koristite program za osjetljive tkanine kako biste bolje za\u0161titili boje.<\/p>","protected":false},"excerpt":{"rendered":"<p>Novi gostuju\u0107i dres Manchester United FC 24-25 ima tamnoplavu glavnu boju (\u201eNight Indigo\u201c), kombiniranu s svjetlosrebrnim logotipima i crvenim akcentima. Gostuju\u0107i dres Manchester United 24-25 na prednjoj strani ima zig-zag uzorak koji je sastavljen od slova M. Svjetloplava grafika na elegantnom polo ovratniku odaje po\u010dast rijeci pored koje se nalazi Old Trafford.<\/p>","protected":false},"featured_media":19340,"comment_status":"open","ping_status":"closed","template":"","meta":[],"product_brand":[],"product_cat":[50],"product_tag":[20,574,21,23,24,1298,672,673],"class_list":{"0":"post-19294","1":"product","2":"type-product","3":"status-publish","4":"has-post-thumbnail","6":"product_cat-manchester-united","7":"product_tag-coole-fussballtrikots","8":"product_tag-fussballtrikot-deutschland","9":"product_tag-fussballtrikot-fuer-herren","10":"product_tag-fussballtrikot-kurzarm","11":"product_tag-guenstiges-fussballtrikot","12":"product_tag-manchester-united-24-25-auswaertstrikot","13":"product_tag-manchester-united-fussballtrikot","14":"product_tag-manchester-united-trikot","16":"first","17":"instock","18":"shipping-taxable","19":"purchasable","20":"product-type-variable"},"_links":{"self":[{"href":"https:\/\/www.billigtrikotde.com\/hr\/wp-json\/wp\/v2\/product\/19294","targetHints":{"allow":["GET"]}}],"collection":[{"href":"https:\/\/www.billigtrikotde.com\/hr\/wp-json\/wp\/v2\/product"}],"about":[{"href":"https:\/\/www.billigtrikotde.com\/hr\/wp-json\/wp\/v2\/types\/product"}],"replies":[{"embeddable":true,"href":"https:\/\/www.billigtrikotde.com\/hr\/wp-json\/wp\/v2\/comments?post=19294"}],"wp:featuredmedia":[{"embeddable":true,"href":"https:\/\/www.billigtrikotde.com\/hr\/wp-json\/wp\/v2\/media\/19340"}],"wp:attachment":[{"href":"https:\/\/www.billigtrikotde.com\/hr\/wp-json\/wp\/v2\/media?parent=19294"}],"wp:term":[{"taxonomy":"product_brand","embeddable":true,"href":"https:\/\/www.billigtrikotde.com\/hr\/wp-json\/wp\/v2\/product_brand?post=19294"},{"taxonomy":"product_cat","embeddable":true,"href":"https:\/\/www.billigtrikotde.com\/hr\/wp-json\/wp\/v2\/product_cat?post=19294"},{"taxonomy":"product_tag","embeddable":true,"href":"https:\/\/www.billigtrikotde.com\/hr\/wp-json\/wp\/v2\/product_tag?post=19294"}],"curies":[{"name":"wp","href":"https:\/\/api.w.org\/{rel}","templated":true}]}}