{"id":19285,"date":"2024-10-24T11:19:35","date_gmt":"2024-10-24T09:19:35","guid":{"rendered":"http:\/\/billigtrikots.com\/?post_type=product&#038;p=19285"},"modified":"2025-05-30T16:13:38","modified_gmt":"2025-05-30T14:13:38","slug":"manchester-united-herren-set-heimtrikot-2024-25-marcus-rashford-10","status":"publish","type":"product","link":"https:\/\/www.billigtrikotde.com\/hr\/manchester-united-herren-set-heimtrikot-2024-25-marcus-rashford-10\/","title":{"rendered":"Mu\u0161ki set Manchester United doma\u0107i dres 2024-25 Marcus Rashford 10"},"content":{"rendered":"<p>Manchester United FC 24-25 dres kombinira dvije nijanse crvene u gradijentnom dizajnu. Nije prvi put da dres Manchester Uniteda kombinira dvije nijanse crvene. Zadnji put to je bilo sezone 2016-17. Posebnost dresa 24-25 Manchester Uniteda je diskretan uzorak crveno-na-crveno u gradijentu.<\/p>\n<p>Savjeti za ispis: Ako ime i broj na slici to\u010dno odgovaraju va\u0161im \u017eeljama, ne morate ih ponovno unositi. Ako ne, unesite \u017eeljeno ime i broj.<\/p>\n<p>Savjeti za pranje: Preporu\u010duje se ru\u010dno pranje nogometnih dresova. Ako \u017eelite koristiti perilicu, sjetite se okrenuti dresove naopako prije pranja. Napunite perilicu hladnom vodom i koristite program za osjetljive tkanine kako biste bolje za\u0161titili boje.<\/p>","protected":false},"excerpt":{"rendered":"<p>Trikot Manchester United FC 24-25 kombinira dvije nijanse crvene u dizajnu s preljevom boja. Nije prvi put da Manchester United dres kombinira dvije nijanse crvene. Zadnji put se to dogodilo u sezoni 2016-17.Das Besondere am Trikot 24-25 von Manchester United ist ein dezentes Rot-auf-Rot-Verlaufsmuster. Tipps zum Drucken: Wenn der Name [\u2026]<\/p>","protected":false},"featured_media":19329,"comment_status":"open","ping_status":"closed","template":"","meta":[],"product_brand":[],"product_cat":[50],"product_tag":[20,574,21,23,24,672,673,1296],"class_list":{"0":"post-19285","1":"product","2":"type-product","3":"status-publish","4":"has-post-thumbnail","6":"product_cat-manchester-united","7":"product_tag-coole-fussballtrikots","8":"product_tag-fussballtrikot-deutschland","9":"product_tag-fussballtrikot-fuer-herren","10":"product_tag-fussballtrikot-kurzarm","11":"product_tag-guenstiges-fussballtrikot","12":"product_tag-manchester-united-fussballtrikot","13":"product_tag-manchester-united-trikot","14":"product_tag-marcus-rashford-trikots","16":"first","17":"instock","18":"shipping-taxable","19":"purchasable","20":"product-type-variable"},"_links":{"self":[{"href":"https:\/\/www.billigtrikotde.com\/hr\/wp-json\/wp\/v2\/product\/19285","targetHints":{"allow":["GET"]}}],"collection":[{"href":"https:\/\/www.billigtrikotde.com\/hr\/wp-json\/wp\/v2\/product"}],"about":[{"href":"https:\/\/www.billigtrikotde.com\/hr\/wp-json\/wp\/v2\/types\/product"}],"replies":[{"embeddable":true,"href":"https:\/\/www.billigtrikotde.com\/hr\/wp-json\/wp\/v2\/comments?post=19285"}],"wp:featuredmedia":[{"embeddable":true,"href":"https:\/\/www.billigtrikotde.com\/hr\/wp-json\/wp\/v2\/media\/19329"}],"wp:attachment":[{"href":"https:\/\/www.billigtrikotde.com\/hr\/wp-json\/wp\/v2\/media?parent=19285"}],"wp:term":[{"taxonomy":"product_brand","embeddable":true,"href":"https:\/\/www.billigtrikotde.com\/hr\/wp-json\/wp\/v2\/product_brand?post=19285"},{"taxonomy":"product_cat","embeddable":true,"href":"https:\/\/www.billigtrikotde.com\/hr\/wp-json\/wp\/v2\/product_cat?post=19285"},{"taxonomy":"product_tag","embeddable":true,"href":"https:\/\/www.billigtrikotde.com\/hr\/wp-json\/wp\/v2\/product_tag?post=19285"}],"curies":[{"name":"wp","href":"https:\/\/api.w.org\/{rel}","templated":true}]}}