{"id":1928,"date":"2024-10-23T13:52:09","date_gmt":"2024-10-23T11:52:09","guid":{"rendered":"http:\/\/billigtrikots.com\/?post_type=product&#038;p=1928"},"modified":"2024-10-23T13:54:12","modified_gmt":"2024-10-23T11:54:12","slug":"wolverhampton-wanderers-gelb-trikot-2022-heim-mit-aufdruck-raul-9","status":"publish","type":"product","link":"https:\/\/www.billigtrikotde.com\/hr\/wolverhampton-wanderers-gelb-trikot-2022-heim-mit-aufdruck-raul-9\/","title":{"rendered":"Wolverhampton Wanderers \u017duto dres 2022 doma\u0107i s otiskom RAUL 9"},"content":{"rendered":"<p>Pripremi se i poka\u017ei svoju podr\u0161ku u ovom mu\u0161kom Wolverhampton Wanderers FC 2021\/22 doma\u0107em dresu od Castore. Ovaj standardni majica u boji zlata izra\u0111ena je od laganog poliesterskog materijala koji \u0107e te odr\u017eavati hladnim i udobnim na terenu. Ima V-izrez, kratke rukave i kontrastne crne umetke i man\u017eete. S prepoznatljivim brendom Castore, ova majica ima ikoni\u010dni grb vukova na prsima. Periv u perilici.<\/p>\n<p>Savjeti za ispis: Ako ime i broj na slici to\u010dno odgovaraju va\u0161im \u017eeljama, ne morate ih ponovno unositi. Ako ne, unesite \u017eeljeno ime i broj.<\/p>\n<p>Savjeti za pranje: Preporu\u010duje se ru\u010dno pranje nogometnih dresova. Ako \u017eelite koristiti perilicu, sjetite se okrenuti dresove naopako prije pranja. Napunite perilicu hladnom vodom i koristite program za osjetljive tkanine kako biste bolje za\u0161titili boje.<\/p>","protected":false},"excerpt":{"rendered":"<p>Pripremi se i poka\u017ei svoju podr\u0161ku u ovom mu\u0161kom Wolverhampton Wanderers FC 2021\/22 doma\u0107em dresu od Castore. Ovaj standardni fit majica u boji zlata izra\u0111ena je od laganog poliesterskog materijala koji \u0107e te odr\u017eavati hladnim i udobnim na terenu. Ima V-izrez, kratke rukave i kontrastne crne umetke i man\u017eete. S prepoznatljivim Castore brendiranjem, ovaj [\u2026]<\/p>","protected":false},"featured_media":1959,"comment_status":"open","ping_status":"closed","template":"","meta":[],"product_brand":[],"product_cat":[69],"product_tag":[20,70,21,22,23,24,71],"class_list":{"0":"post-1928","1":"product","2":"type-product","3":"status-publish","4":"has-post-thumbnail","6":"product_cat-wolverhampton-wanderers","7":"product_tag-coole-fussballtrikots","8":"product_tag-castore-wolves-heimtrikot","9":"product_tag-fussballtrikot-fuer-herren","10":"product_tag-fussballtrikot-guenstig-kaufen","11":"product_tag-fussballtrikot-kurzarm","12":"product_tag-guenstiges-fussballtrikot","13":"product_tag-wolverhampton-wanderers-trikots","15":"first","16":"instock","17":"shipping-taxable","18":"purchasable","19":"product-type-variable"},"_links":{"self":[{"href":"https:\/\/www.billigtrikotde.com\/hr\/wp-json\/wp\/v2\/product\/1928","targetHints":{"allow":["GET"]}}],"collection":[{"href":"https:\/\/www.billigtrikotde.com\/hr\/wp-json\/wp\/v2\/product"}],"about":[{"href":"https:\/\/www.billigtrikotde.com\/hr\/wp-json\/wp\/v2\/types\/product"}],"replies":[{"embeddable":true,"href":"https:\/\/www.billigtrikotde.com\/hr\/wp-json\/wp\/v2\/comments?post=1928"}],"wp:featuredmedia":[{"embeddable":true,"href":"https:\/\/www.billigtrikotde.com\/hr\/wp-json\/wp\/v2\/media\/1959"}],"wp:attachment":[{"href":"https:\/\/www.billigtrikotde.com\/hr\/wp-json\/wp\/v2\/media?parent=1928"}],"wp:term":[{"taxonomy":"product_brand","embeddable":true,"href":"https:\/\/www.billigtrikotde.com\/hr\/wp-json\/wp\/v2\/product_brand?post=1928"},{"taxonomy":"product_cat","embeddable":true,"href":"https:\/\/www.billigtrikotde.com\/hr\/wp-json\/wp\/v2\/product_cat?post=1928"},{"taxonomy":"product_tag","embeddable":true,"href":"https:\/\/www.billigtrikotde.com\/hr\/wp-json\/wp\/v2\/product_tag?post=1928"}],"curies":[{"name":"wp","href":"https:\/\/api.w.org\/{rel}","templated":true}]}}