{"id":19267,"date":"2024-10-24T11:18:28","date_gmt":"2024-10-24T09:18:28","guid":{"rendered":"http:\/\/billigtrikots.com\/?post_type=product&#038;p=19267"},"modified":"2025-03-13T00:59:04","modified_gmt":"2025-03-12T23:59:04","slug":"frauen-fussballtrikots-fc-barcelona-2024-25-heimtrikot-online-bestellen","status":"publish","type":"product","link":"https:\/\/www.billigtrikotde.com\/hr\/frauen-fussballtrikots-fc-barcelona-2024-25-heimtrikot-online-bestellen\/","title":{"rendered":"\u017denski nogometni dresovi FC Barcelona dres crni zlatni 2024-25 Online narud\u017eba"},"content":{"rendered":"<p>Dres FC Barcelona 2024-25 ima obe\u0107avaju\u0107u kombinaciju boja i dizajn. Dres Barcelona 2024-25 kombinira kraljevsko plavu, mornarsko plavu i crvenu s zlatnim logotipima. \u0160to se ti\u010de dizajna, dres Barcelona 24-25 ima polu-podijeljeni izgled u plavoj i kestenskoj sme\u0111oj boji. Swoosh i Spotify logotipi su zlatne boje, dok je grb u standardnim bojama. Ovratnik i man\u017eete na rukavima su mornarsko plavi. Kombinacija boja i dizajn podsje\u0107aju na dres za 100. obljetnicu Barcelone.<\/p>\n<p>Savjeti za ispis: Ako ime i broj na slici to\u010dno odgovaraju va\u0161im \u017eeljama, ne morate ih ponovno unositi. Ako ne, unesite \u017eeljeno ime i broj.<\/p>\n<p>Savjeti za pranje: Preporu\u010duje se ru\u010dno pranje nogometnih dresova. Ako \u017eelite koristiti perilicu, sjetite se okrenuti dresove naopako prije pranja. Napunite perilicu hladnom vodom i koristite program za osjetljive tkanine kako biste bolje za\u0161titili boje.<\/p>","protected":false},"excerpt":{"rendered":"<p>FC Barcelona 2024-25 majica ima obe\u0107avaju\u0107u kombinaciju boja i dizajn. Barcelona 2024-25 majica kombinira kraljevsko plavu, mornarsko plavu i crvenu s zlatnim logotipima. \u0160to se ti\u010de dizajna, Barcelona 24-25 majica ima polovi\u010dni izgled u plavoj i kestenskoj boji. Swoosh i Spotify logotipi su zlatne boje, dok je grb u standardnim bojama. Ovratnik [...]<\/p>","protected":false},"featured_media":19308,"comment_status":"open","ping_status":"closed","template":"","meta":[],"product_brand":[],"product_cat":[526],"product_tag":[528,529,1373,20,518,519,574],"class_list":{"0":"post-19267","1":"product","2":"type-product","3":"status-publish","4":"has-post-thumbnail","6":"product_cat-barcelona-damen-trikot","7":"product_tag-barcelona-fussballtrikots-damen","8":"product_tag-barcelona-trikot-fuer-damen","9":"product_tag-barcelona-trikot-schwarz-gold","10":"product_tag-coole-fussballtrikots","11":"product_tag-damen-fussballtrikot","12":"product_tag-frauen-fussball-trikotsatz","13":"product_tag-fussballtrikot-deutschland","15":"first","16":"instock","17":"shipping-taxable","18":"purchasable","19":"product-type-variable"},"_links":{"self":[{"href":"https:\/\/www.billigtrikotde.com\/hr\/wp-json\/wp\/v2\/product\/19267","targetHints":{"allow":["GET"]}}],"collection":[{"href":"https:\/\/www.billigtrikotde.com\/hr\/wp-json\/wp\/v2\/product"}],"about":[{"href":"https:\/\/www.billigtrikotde.com\/hr\/wp-json\/wp\/v2\/types\/product"}],"replies":[{"embeddable":true,"href":"https:\/\/www.billigtrikotde.com\/hr\/wp-json\/wp\/v2\/comments?post=19267"}],"wp:featuredmedia":[{"embeddable":true,"href":"https:\/\/www.billigtrikotde.com\/hr\/wp-json\/wp\/v2\/media\/19308"}],"wp:attachment":[{"href":"https:\/\/www.billigtrikotde.com\/hr\/wp-json\/wp\/v2\/media?parent=19267"}],"wp:term":[{"taxonomy":"product_brand","embeddable":true,"href":"https:\/\/www.billigtrikotde.com\/hr\/wp-json\/wp\/v2\/product_brand?post=19267"},{"taxonomy":"product_cat","embeddable":true,"href":"https:\/\/www.billigtrikotde.com\/hr\/wp-json\/wp\/v2\/product_cat?post=19267"},{"taxonomy":"product_tag","embeddable":true,"href":"https:\/\/www.billigtrikotde.com\/hr\/wp-json\/wp\/v2\/product_tag?post=19267"}],"curies":[{"name":"wp","href":"https:\/\/api.w.org\/{rel}","templated":true}]}}