{"id":19222,"date":"2024-10-24T11:16:01","date_gmt":"2024-10-24T09:16:01","guid":{"rendered":"http:\/\/billigtrikots.com\/?post_type=product&#038;p=19222"},"modified":"2025-06-09T04:41:40","modified_gmt":"2025-06-09T02:41:40","slug":"fussball-trikots-kaufen-arsenal-2024-25-schwarz-auswaertstrikot-declan-rice-41","status":"publish","type":"product","link":"https:\/\/www.billigtrikotde.com\/hr\/fussball-trikots-kaufen-arsenal-2024-25-schwarz-auswaertstrikot-declan-rice-41\/","title":{"rendered":"Nogometni dresovi za kupnju Arsenal 2024-25 crni gostuju\u0107i dres Declan Rice 41"},"content":{"rendered":"<p>Arsenalov gostuju\u0107i dres za sezonu 2024-25 dizajniran je u suradnji s londonskom tvrtkom Labrum. To je posveta biv\u0161im Arsenalovim igra\u010dima Davidu Rocastleu i Ianu Wrightu, s crnom podlogom te naglascima u crvenoj i zelenoj boji.<\/p>\n<p>Savjeti za ispis: Ako ime i broj na slici to\u010dno odgovaraju va\u0161im \u017eeljama, ne morate ih ponovno unositi. Ako ne, unesite \u017eeljeno ime i broj.<\/p>\n<p>Savjeti za pranje: Preporu\u010duje se ru\u010dno pranje nogometnih dresova. Ako \u017eelite koristiti perilicu, sjetite se okrenuti dresove naopako prije pranja. Napunite perilicu hladnom vodom i koristite program za osjetljive tkanine kako biste bolje za\u0161titili boje.<\/p>","protected":false},"excerpt":{"rendered":"<p>Gostuju\u0107i dres Arsenal 2024-25 izra\u0111en je u suradnji s tvrtkom Labrum iz Hrvatske. To je hommage biv\u0161im igra\u010dima Arsenala Davidu Rocastleu i Ianu Wrightu s crnom osnovom i akcentima u crvenoj i zelenoj boji. Savjeti za tisak: Ako ime i broj na slici to\u010dno odgovaraju va\u0161im \u017eeljama, morate ih [\u2026]<\/p>","protected":false},"featured_media":19268,"comment_status":"open","ping_status":"closed","template":"","meta":[],"product_brand":[],"product_cat":[55],"product_tag":[609,610,1007,1287,21,23,24],"class_list":{"0":"post-19222","1":"product","2":"type-product","3":"status-publish","4":"has-post-thumbnail","6":"product_cat-arsenal","7":"product_tag-arsenal-fussballtrikot","8":"product_tag-arsenal-trikot","9":"product_tag-arsenal-trikot-2024","10":"product_tag-declan-rice-trikots","11":"product_tag-fussballtrikot-fuer-herren","12":"product_tag-fussballtrikot-kurzarm","13":"product_tag-guenstiges-fussballtrikot","15":"first","16":"instock","17":"shipping-taxable","18":"purchasable","19":"product-type-variable"},"_links":{"self":[{"href":"https:\/\/www.billigtrikotde.com\/hr\/wp-json\/wp\/v2\/product\/19222","targetHints":{"allow":["GET"]}}],"collection":[{"href":"https:\/\/www.billigtrikotde.com\/hr\/wp-json\/wp\/v2\/product"}],"about":[{"href":"https:\/\/www.billigtrikotde.com\/hr\/wp-json\/wp\/v2\/types\/product"}],"replies":[{"embeddable":true,"href":"https:\/\/www.billigtrikotde.com\/hr\/wp-json\/wp\/v2\/comments?post=19222"}],"wp:featuredmedia":[{"embeddable":true,"href":"https:\/\/www.billigtrikotde.com\/hr\/wp-json\/wp\/v2\/media\/19268"}],"wp:attachment":[{"href":"https:\/\/www.billigtrikotde.com\/hr\/wp-json\/wp\/v2\/media?parent=19222"}],"wp:term":[{"taxonomy":"product_brand","embeddable":true,"href":"https:\/\/www.billigtrikotde.com\/hr\/wp-json\/wp\/v2\/product_brand?post=19222"},{"taxonomy":"product_cat","embeddable":true,"href":"https:\/\/www.billigtrikotde.com\/hr\/wp-json\/wp\/v2\/product_cat?post=19222"},{"taxonomy":"product_tag","embeddable":true,"href":"https:\/\/www.billigtrikotde.com\/hr\/wp-json\/wp\/v2\/product_tag?post=19222"}],"curies":[{"name":"wp","href":"https:\/\/api.w.org\/{rel}","templated":true}]}}