{"id":19185,"date":"2024-10-24T11:13:43","date_gmt":"2024-10-24T09:13:43","guid":{"rendered":"http:\/\/billigtrikots.com\/?post_type=product&#038;p=19185"},"modified":"2024-10-24T11:17:06","modified_gmt":"2024-10-24T09:17:06","slug":"chelsea-kinder-set-heimtrikot-2024-25-mit-aufdruck-christopher-nkunku-18","status":"publish","type":"product","link":"https:\/\/www.billigtrikotde.com\/hr\/chelsea-kinder-set-heimtrikot-2024-25-mit-aufdruck-christopher-nkunku-18\/","title":{"rendered":"Chelsea dje\u010dji set doma\u0107i dres s natpisom Christopher Nkunku 18"},"content":{"rendered":"<p>Chelsea FC dres 24-25 predstavlja premijeru u povijesti kluba. Kombinira tradicionalnu plavu i bijelu-naran\u010dastu boju. Logotipi Chelsea 24-25 doma\u0107eg dresa su svijetloplavi i okru\u017eeni s \u201eTeam Orange\u201c. Oba imaju 3D efekt. Ono \u0161to je primjetno je valoviti dizajn koji podsje\u0107a na efekt pjene valova.<\/p>\n<p>Savjeti za ispis: Ako ime i broj na slici to\u010dno odgovaraju va\u0161im \u017eeljama, ne morate ih ponovno unositi. Ako ne, unesite \u017eeljeno ime i broj.<\/p>\n<p>Savjeti za pranje: Preporu\u010duje se ru\u010dno pranje nogometnih dresova. Ako \u017eelite koristiti perilicu, sjetite se okrenuti dresove naopako prije pranja. Napunite perilicu hladnom vodom i koristite program za osjetljive tkanine kako biste bolje za\u0161titili boje.<\/p>","protected":false},"excerpt":{"rendered":"<p>Chelsea FC dres 24-25 predstavlja premijeru u povijesti kluba. Kombinira tradicionalnu plavu i bijelu-naran\u010dastu boju. Logotipi Chelsea 24-25 doma\u0107eg dresa su svijetloplavi i okru\u017eeni s \u201eTeam Orange\u201c. Oba imaju 3D efekt. Ono \u0161to je primjetno je valoviti dizajn koji podsje\u0107a na efekt pjene valova.<\/p>","protected":false},"featured_media":19230,"comment_status":"open","ping_status":"closed","template":"","meta":[],"product_brand":[],"product_cat":[162],"product_tag":[20,1280,831,832,163,1281,1282,24,94],"class_list":{"0":"post-19185","1":"product","2":"type-product","3":"status-publish","4":"has-post-thumbnail","6":"product_cat-chelsea-kindertrikot","7":"product_tag-coole-fussballtrikots","8":"product_tag-chelsea-fc-24-25-trikot","9":"product_tag-chelsea-fussballtrikots-kinder","10":"product_tag-chelsea-trikot-fuer-kinder","11":"product_tag-chelsea-trikotsatz-fuer-kinder","12":"product_tag-christopher-nkunku-trikot-kinder-kaufen","13":"product_tag-guenstige-christopher-nkunku-trikot-kinder","14":"product_tag-guenstiges-fussballtrikot","15":"product_tag-kinder-fussball-trikotsatz","17":"first","18":"instock","19":"shipping-taxable","20":"purchasable","21":"product-type-variable"},"_links":{"self":[{"href":"https:\/\/www.billigtrikotde.com\/hr\/wp-json\/wp\/v2\/product\/19185","targetHints":{"allow":["GET"]}}],"collection":[{"href":"https:\/\/www.billigtrikotde.com\/hr\/wp-json\/wp\/v2\/product"}],"about":[{"href":"https:\/\/www.billigtrikotde.com\/hr\/wp-json\/wp\/v2\/types\/product"}],"replies":[{"embeddable":true,"href":"https:\/\/www.billigtrikotde.com\/hr\/wp-json\/wp\/v2\/comments?post=19185"}],"wp:featuredmedia":[{"embeddable":true,"href":"https:\/\/www.billigtrikotde.com\/hr\/wp-json\/wp\/v2\/media\/19230"}],"wp:attachment":[{"href":"https:\/\/www.billigtrikotde.com\/hr\/wp-json\/wp\/v2\/media?parent=19185"}],"wp:term":[{"taxonomy":"product_brand","embeddable":true,"href":"https:\/\/www.billigtrikotde.com\/hr\/wp-json\/wp\/v2\/product_brand?post=19185"},{"taxonomy":"product_cat","embeddable":true,"href":"https:\/\/www.billigtrikotde.com\/hr\/wp-json\/wp\/v2\/product_cat?post=19185"},{"taxonomy":"product_tag","embeddable":true,"href":"https:\/\/www.billigtrikotde.com\/hr\/wp-json\/wp\/v2\/product_tag?post=19185"}],"curies":[{"name":"wp","href":"https:\/\/api.w.org\/{rel}","templated":true}]}}