{"id":19172,"date":"2024-10-24T11:13:06","date_gmt":"2024-10-24T09:13:06","guid":{"rendered":"http:\/\/billigtrikots.com\/?post_type=product&#038;p=19172"},"modified":"2024-10-24T11:15:55","modified_gmt":"2024-10-24T09:15:55","slug":"fussballtrikot-kinder-sale-athletic-bilbao-auswaertstrikot-2024-25-blau-trikotsatz","status":"publish","type":"product","link":"https:\/\/www.billigtrikotde.com\/hr\/fussballtrikot-kinder-sale-athletic-bilbao-auswaertstrikot-2024-25-blau-trikotsatz\/","title":{"rendered":"Nogometni dres za djecu na sni\u017eenju Athletic Bilbao gostuju\u0107i dres 2024-25 plavi komplet dresova"},"content":{"rendered":"<p>Castore Athletic Bilbao 24-25 gostuju\u0107i dres ima kraljevsko plavu boju (\u201eBilbao-plava\u201c \u2013 \u201eGabarra-plava\u201c) kao glavnu boju, kombiniranu s sivim ovratnikom s crvenim obrubom. Bo\u010dne strane dresa tako\u0111er su sive i crvene. Posljednji put kada je Bilbao koristio kraljevsko plavu za svoj gostuju\u0107i dres bio je u sezoni 2018-19, Na prednjoj strani nalazi se diskretan otisak i na stra\u017enjoj stranici baskijska zastava u obliku lava, koja aludira na klub \u201eMade in Euskal Herria\u201c<\/p>\n<p>Savjeti za ispis: Ako ime i broj na slici to\u010dno odgovaraju va\u0161im \u017eeljama, ne morate ih ponovno unositi. Ako ne, unesite \u017eeljeno ime i broj.<\/p>\n<p>Savjeti za pranje: Preporu\u010duje se ru\u010dno pranje nogometnih dresova. Ako \u017eelite koristiti perilicu, sjetite se okrenuti dresove naopako prije pranja. Napunite perilicu hladnom vodom i koristite program za osjetljive tkanine kako biste bolje za\u0161titili boje.<\/p>","protected":false},"excerpt":{"rendered":"<p>Das Castore Athletic Bilbao 24-25 Ausw\u00e4rtstrikot hat eine k\u00f6nigsblaue (&#8222;Bilbao-Blau&#8220; &#8211; &#8222;Gabarra-Blau&#8220;) Hauptfarbe, kombiniert mit einem grauen Kragen mit roter Einfassung. Die Seiten des Trikots sind ebenfalls grau und rot.Das letzte Mal, dass Bilbao k\u00f6nigsblau f\u00fcr sein Ausw\u00e4rtstrikot verwendet hat, war in der Saison 2018-19,Auf der Vorderseite gibt es einen dezenten Aufdruck und auf der [&hellip;]<\/p>","protected":false},"featured_media":19218,"comment_status":"open","ping_status":"closed","template":"","meta":[],"product_brand":[],"product_cat":[1025],"product_tag":[1279,1278,1026,1027,20,574,23,24,94],"class_list":{"0":"post-19172","1":"product","2":"type-product","3":"status-publish","4":"has-post-thumbnail","6":"product_cat-athletic-bilbao-kindertrikot","7":"product_tag-athletic-bilbao-24-25-auswaertstrikot","8":"product_tag-athletic-bilbao-24-25-trikot","9":"product_tag-athletic-bilbao-fussballtrikots-kinder","10":"product_tag-athletic-bilbao-trikot-fuer-kinder","11":"product_tag-coole-fussballtrikots","12":"product_tag-fussballtrikot-deutschland","13":"product_tag-fussballtrikot-kurzarm","14":"product_tag-guenstiges-fussballtrikot","15":"product_tag-kinder-fussball-trikotsatz","17":"first","18":"instock","19":"shipping-taxable","20":"purchasable","21":"product-type-variable"},"_links":{"self":[{"href":"https:\/\/www.billigtrikotde.com\/hr\/wp-json\/wp\/v2\/product\/19172","targetHints":{"allow":["GET"]}}],"collection":[{"href":"https:\/\/www.billigtrikotde.com\/hr\/wp-json\/wp\/v2\/product"}],"about":[{"href":"https:\/\/www.billigtrikotde.com\/hr\/wp-json\/wp\/v2\/types\/product"}],"replies":[{"embeddable":true,"href":"https:\/\/www.billigtrikotde.com\/hr\/wp-json\/wp\/v2\/comments?post=19172"}],"wp:featuredmedia":[{"embeddable":true,"href":"https:\/\/www.billigtrikotde.com\/hr\/wp-json\/wp\/v2\/media\/19218"}],"wp:attachment":[{"href":"https:\/\/www.billigtrikotde.com\/hr\/wp-json\/wp\/v2\/media?parent=19172"}],"wp:term":[{"taxonomy":"product_brand","embeddable":true,"href":"https:\/\/www.billigtrikotde.com\/hr\/wp-json\/wp\/v2\/product_brand?post=19172"},{"taxonomy":"product_cat","embeddable":true,"href":"https:\/\/www.billigtrikotde.com\/hr\/wp-json\/wp\/v2\/product_cat?post=19172"},{"taxonomy":"product_tag","embeddable":true,"href":"https:\/\/www.billigtrikotde.com\/hr\/wp-json\/wp\/v2\/product_tag?post=19172"}],"curies":[{"name":"wp","href":"https:\/\/api.w.org\/{rel}","templated":true}]}}