{"id":1914,"date":"2024-10-23T13:51:34","date_gmt":"2024-10-23T11:51:34","guid":{"rendered":"http:\/\/billigtrikots.com\/?post_type=product&#038;p=1914"},"modified":"2024-10-23T13:53:09","modified_gmt":"2024-10-23T11:53:09","slug":"gelbe-trikotsatz-borussia-dortmund-2022-fussball-trikots-online-kaufen-anpassbarer","status":"publish","type":"product","link":"https:\/\/www.billigtrikotde.com\/hr\/gelbe-trikotsatz-borussia-dortmund-2022-fussball-trikots-online-kaufen-anpassbarer\/","title":{"rendered":"\u017duti komplet dresova Borussia Dortmund 2022 nogometni dresovi online kupnja prilagodljivi"},"content":{"rendered":"<p>Iz srca \u017eelim pokazati svoje divljenje u aktualnom doma\u0107em dresu Borussije, koji se predstavlja u tradicionalnoj doma\u0107oj boji \u017duta\/Crna. Naravno, ovogodi\u0161nji dres ponosno nosi klubsku stijeg na srcu. P-uma markantni detalji ne smiju nedostajati, kao ni tekstovi sponzora i logotipovi.<\/p>\n<p>Kao da dizajn klubovske vjernosti nije dovoljan razlog da se odlu\u010di\u0161 za BVB doma\u0107i dres 2021.\/22., gornji dio dolazi i u vrhunskoj P-uma kvaliteti. Sastoji se od izdr\u017eljivog, oblikuju\u0107eg poliestera koji ti cijeli dan pru\u017ea najbolju podr\u0161ku.<\/p>\n<p>Njegov High-Performance dryCELL materijal \u0161titi te od vlage na tijelu i odr\u017eava tvoj tijelo suhim i hladnim. Replica verzija BVB doma\u0107eg dresa lijepo pristaje uz tijelo i daje ti puno pokreta u svim smjerovima. Popularni Raglan rukavi upotpunjuju uskla\u0111enu prilagodbu i obe\u0107avaju jo\u0161 prikladniju udobnost no\u0161enja.<\/p>\n<p>A\u017euriraj svoju navija\u010dku garderobu na najnoviju razinu i osiguraj si na vrijeme novo BVB mu\u0161ki doma\u0107i dres 2021\/22 za tvoj autenti\u010dni domoljubni navija\u010dki ples!<\/p>\n<p>Savjeti za ispis: Ako ime i broj na slici to\u010dno odgovaraju va\u0161im \u017eeljama, ne morate ih ponovno unositi. Ako ne, unesite \u017eeljeno ime i broj.<\/p>\n<p>Savjeti za pranje: Preporu\u010duje se ru\u010dno pranje nogometnih dresova. Ako \u017eelite koristiti perilicu, sjetite se okrenuti dresove naopako prije pranja. Napunite perilicu hladnom vodom i koristite program za osjetljive tkanine kako biste bolje za\u0161titili boje.<\/p>","protected":false},"excerpt":{"rendered":"<p>Aus tiefstem Herzen zeigst du deine Bewunderung im aktuellen Borussen Heim Trikot, das sich in der traditionellen Heimfarbe Gelb\/Schwarz pr\u00e4sentiert. Nat\u00fcrlich tr\u00e4gt auch das diesj\u00e4hrige Jersey mit Stolz das Vereinswappen direkt auf dem Herzen. P-uma Markendetails d\u00fcrfen ebenso, wie die Sponsorenschriftz\u00fcge und \u2013logos, nicht fehlen. Als w\u00e4re das clubtreue Design nicht schon Grund genug, dich [&hellip;]<\/p>","protected":false},"featured_media":1945,"comment_status":"open","ping_status":"closed","template":"","meta":[],"product_brand":[],"product_cat":[63],"product_tag":[20,65,66,67,21,22,23,24],"class_list":{"0":"post-1914","1":"product","2":"type-product","3":"status-publish","4":"has-post-thumbnail","6":"product_cat-borussia-dortmund","7":"product_tag-coole-fussballtrikots","8":"product_tag-borussia-dortmund-trikots","9":"product_tag-bvb-trikots","10":"product_tag-fussball-trikotsatz","11":"product_tag-fussballtrikot-fuer-herren","12":"product_tag-fussballtrikot-guenstig-kaufen","13":"product_tag-fussballtrikot-kurzarm","14":"product_tag-guenstiges-fussballtrikot","16":"first","17":"instock","18":"shipping-taxable","19":"purchasable","20":"product-type-variable"},"_links":{"self":[{"href":"https:\/\/www.billigtrikotde.com\/hr\/wp-json\/wp\/v2\/product\/1914","targetHints":{"allow":["GET"]}}],"collection":[{"href":"https:\/\/www.billigtrikotde.com\/hr\/wp-json\/wp\/v2\/product"}],"about":[{"href":"https:\/\/www.billigtrikotde.com\/hr\/wp-json\/wp\/v2\/types\/product"}],"replies":[{"embeddable":true,"href":"https:\/\/www.billigtrikotde.com\/hr\/wp-json\/wp\/v2\/comments?post=1914"}],"wp:featuredmedia":[{"embeddable":true,"href":"https:\/\/www.billigtrikotde.com\/hr\/wp-json\/wp\/v2\/media\/1945"}],"wp:attachment":[{"href":"https:\/\/www.billigtrikotde.com\/hr\/wp-json\/wp\/v2\/media?parent=1914"}],"wp:term":[{"taxonomy":"product_brand","embeddable":true,"href":"https:\/\/www.billigtrikotde.com\/hr\/wp-json\/wp\/v2\/product_brand?post=1914"},{"taxonomy":"product_cat","embeddable":true,"href":"https:\/\/www.billigtrikotde.com\/hr\/wp-json\/wp\/v2\/product_cat?post=1914"},{"taxonomy":"product_tag","embeddable":true,"href":"https:\/\/www.billigtrikotde.com\/hr\/wp-json\/wp\/v2\/product_tag?post=1914"}],"curies":[{"name":"wp","href":"https:\/\/api.w.org\/{rel}","templated":true}]}}