{"id":19090,"date":"2024-10-24T11:08:58","date_gmt":"2024-10-24T09:08:58","guid":{"rendered":"http:\/\/billigtrikots.com\/?post_type=product&#038;p=19090"},"modified":"2024-10-24T11:12:22","modified_gmt":"2024-10-24T09:12:22","slug":"kinderheim-trikot-arsenal-heimtrikot-2024-2025-weiss-rot-trikotsatz","status":"publish","type":"product","link":"https:\/\/www.billigtrikotde.com\/hr\/kinderheim-trikot-arsenal-heimtrikot-2024-2025-weiss-rot-trikotsatz\/","title":{"rendered":"Dje\u010dja doma\u0107a majica Arsenal doma\u0107a majica 2024-2025 bijela crvena set majica"},"content":{"rendered":"<p>Das Arsenal 2024-2025 Trikot kombiniert die klassische rote Hauptfarbe des Vereins (Better Scarlet) mit wei\u00dfen Logos und dunkelblauen Designelementen.<\/p>\n<p>Savjeti za ispis: Ako ime i broj na slici to\u010dno odgovaraju va\u0161im \u017eeljama, ne morate ih ponovno unositi. Ako ne, unesite \u017eeljeno ime i broj.<\/p>\n<p>Savjeti za pranje: Preporu\u010duje se ru\u010dno pranje nogometnih dresova. Ako \u017eelite koristiti perilicu, sjetite se okrenuti dresove naopako prije pranja. Napunite perilicu hladnom vodom i koristite program za osjetljive tkanine kako biste bolje za\u0161titili boje.<\/p>","protected":false},"excerpt":{"rendered":"<p>Arsenal 2024-2025 dres kombinira klasi\u010dnu crvenu glavnu boju kluba (Better Scarlet) s bijelim logotipima i tamnoplavi\u010dnim dizajnerskim elementima. Savjeti za tiskanje: Ako ime i broj na slici to\u010dno odgovaraju va\u0161im \u017eeljama, nema potrebe ponovno ih unositi. Ako ne, unesite \u017eeljeno ime i broj. Savjeti za pranje: [\u2026]<\/p>","protected":false},"featured_media":19143,"comment_status":"open","ping_status":"closed","template":"","meta":[],"product_brand":[],"product_cat":[167],"product_tag":[851,852,1263,20,574,23,24,94,586],"class_list":{"0":"post-19090","1":"product","2":"type-product","3":"status-publish","4":"has-post-thumbnail","6":"product_cat-arsenal-kindertrikot","7":"product_tag-arsenal-fussballtrikots-kinder","8":"product_tag-arsenal-trikot-fuer-kinder","9":"product_tag-arsenal-trikotsatz-fuer-kinder","10":"product_tag-coole-fussballtrikots","11":"product_tag-fussballtrikot-deutschland","12":"product_tag-fussballtrikot-kurzarm","13":"product_tag-guenstiges-fussballtrikot","14":"product_tag-kinder-fussball-trikotsatz","15":"product_tag-kinder-fussballtrikot","17":"first","18":"instock","19":"shipping-taxable","20":"purchasable","21":"product-type-variable"},"_links":{"self":[{"href":"https:\/\/www.billigtrikotde.com\/hr\/wp-json\/wp\/v2\/product\/19090","targetHints":{"allow":["GET"]}}],"collection":[{"href":"https:\/\/www.billigtrikotde.com\/hr\/wp-json\/wp\/v2\/product"}],"about":[{"href":"https:\/\/www.billigtrikotde.com\/hr\/wp-json\/wp\/v2\/types\/product"}],"replies":[{"embeddable":true,"href":"https:\/\/www.billigtrikotde.com\/hr\/wp-json\/wp\/v2\/comments?post=19090"}],"wp:featuredmedia":[{"embeddable":true,"href":"https:\/\/www.billigtrikotde.com\/hr\/wp-json\/wp\/v2\/media\/19143"}],"wp:attachment":[{"href":"https:\/\/www.billigtrikotde.com\/hr\/wp-json\/wp\/v2\/media?parent=19090"}],"wp:term":[{"taxonomy":"product_brand","embeddable":true,"href":"https:\/\/www.billigtrikotde.com\/hr\/wp-json\/wp\/v2\/product_brand?post=19090"},{"taxonomy":"product_cat","embeddable":true,"href":"https:\/\/www.billigtrikotde.com\/hr\/wp-json\/wp\/v2\/product_cat?post=19090"},{"taxonomy":"product_tag","embeddable":true,"href":"https:\/\/www.billigtrikotde.com\/hr\/wp-json\/wp\/v2\/product_tag?post=19090"}],"curies":[{"name":"wp","href":"https:\/\/api.w.org\/{rel}","templated":true}]}}