{"id":19024,"date":"2024-10-24T11:06:38","date_gmt":"2024-10-24T09:06:38","guid":{"rendered":"http:\/\/billigtrikots.com\/?post_type=product&#038;p=19024"},"modified":"2024-10-24T11:07:58","modified_gmt":"2024-10-24T09:07:58","slug":"kinder-fussballtrikot-set-manchester-city-heimtrikotsatz-2024-25-erling-haaland-9","status":"publish","type":"product","link":"https:\/\/www.billigtrikotde.com\/hr\/kinder-fussballtrikot-set-manchester-city-heimtrikotsatz-2024-25-erling-haaland-9\/","title":{"rendered":"Dje\u010dji nogometni dres set Manchester City doma\u0107i dres set 2024-25 Erling Haaland 9"},"content":{"rendered":"<p>Novi dres Manchester City 2024-25 kombinira klasi\u010dnu nebesko plavu boju s tamnoplavim detaljima i bijelim logotipima. Ono \u0161to posebno isti\u010de dres Manchester City 24-25 su ovratnik i man\u017eete na rukavima. Oba su ukra\u0161ena jedinstvenom graffiti-inspiriranom 0161 grafikom, koja odaje po\u010dast podru\u010dju 0161 u Manchesteru. Pozivni broj 0161 pokriva veliki dio podru\u010dja Manchestera, uklju\u010duju\u0107i centar grada i okolna podru\u010dja.<\/p>\n<p>Savjeti za ispis: Ako ime i broj na slici to\u010dno odgovaraju va\u0161im \u017eeljama, ne morate ih ponovno unositi. Ako ne, unesite \u017eeljeno ime i broj.<\/p>\n<p>Savjeti za pranje: Preporu\u010duje se ru\u010dno pranje nogometnih dresova. Ako \u017eelite koristiti perilicu, sjetite se okrenuti dresove naopako prije pranja. Napunite perilicu hladnom vodom i koristite program za osjetljive tkanine kako biste bolje za\u0161titili boje.<\/p>","protected":false},"excerpt":{"rendered":"<p>Das neue Man City 2024-25 Trikot hat die klassische himmelblaue Farbe kombiniert mit navyfarbenen Applikationen und wei\u00dfen Logos.Was das Manchester City 24-25 Trikot besonders auszeichnet, sind der Kragen und die \u00c4rmelb\u00fcndchen. Beide sind mit einer einzigartigen, von Graffiti inspirierten 0161-Grafik versehen, die eine Hommage an den 0161-Bereich von Manchester ist. Die Telefonvorwahl 0161 deckt einen [&hellip;]<\/p>","protected":false},"featured_media":19040,"comment_status":"closed","ping_status":"closed","template":"","meta":[],"product_brand":[],"product_cat":[144],"product_tag":[20,1233,22,23,24],"class_list":{"0":"post-19024","1":"product","2":"type-product","3":"status-publish","4":"has-post-thumbnail","6":"product_cat-manchester-city-kindertrikot","7":"product_tag-coole-fussballtrikots","8":"product_tag-erling-haaland-trikots","9":"product_tag-fussballtrikot-guenstig-kaufen","10":"product_tag-fussballtrikot-kurzarm","11":"product_tag-guenstiges-fussballtrikot","13":"first","14":"instock","15":"purchasable","16":"product-type-variable"},"_links":{"self":[{"href":"https:\/\/www.billigtrikotde.com\/hr\/wp-json\/wp\/v2\/product\/19024","targetHints":{"allow":["GET"]}}],"collection":[{"href":"https:\/\/www.billigtrikotde.com\/hr\/wp-json\/wp\/v2\/product"}],"about":[{"href":"https:\/\/www.billigtrikotde.com\/hr\/wp-json\/wp\/v2\/types\/product"}],"replies":[{"embeddable":true,"href":"https:\/\/www.billigtrikotde.com\/hr\/wp-json\/wp\/v2\/comments?post=19024"}],"wp:featuredmedia":[{"embeddable":true,"href":"https:\/\/www.billigtrikotde.com\/hr\/wp-json\/wp\/v2\/media\/19040"}],"wp:attachment":[{"href":"https:\/\/www.billigtrikotde.com\/hr\/wp-json\/wp\/v2\/media?parent=19024"}],"wp:term":[{"taxonomy":"product_brand","embeddable":true,"href":"https:\/\/www.billigtrikotde.com\/hr\/wp-json\/wp\/v2\/product_brand?post=19024"},{"taxonomy":"product_cat","embeddable":true,"href":"https:\/\/www.billigtrikotde.com\/hr\/wp-json\/wp\/v2\/product_cat?post=19024"},{"taxonomy":"product_tag","embeddable":true,"href":"https:\/\/www.billigtrikotde.com\/hr\/wp-json\/wp\/v2\/product_tag?post=19024"}],"curies":[{"name":"wp","href":"https:\/\/api.w.org\/{rel}","templated":true}]}}