{"id":18941,"date":"2024-10-24T11:03:07","date_gmt":"2024-10-24T09:03:07","guid":{"rendered":"http:\/\/billigtrikots.com\/?post_type=product&#038;p=18941"},"modified":"2024-10-24T11:04:22","modified_gmt":"2024-10-24T09:04:22","slug":"spanien-auswaertstrikot-em-2024-guenstige-fussball-trikotsatz-alvaro-morata-7","status":"publish","type":"product","link":"https:\/\/www.billigtrikotde.com\/hr\/spanien-auswaertstrikot-em-2024-guenstige-fussball-trikotsatz-alvaro-morata-7\/","title":{"rendered":"\u0160panjolska gostuju\u0107i dres EURO 2024 Povoljan nogometni komplet dresa Alvaro Morata 7"},"content":{"rendered":"<p>Gostuju\u0107a majica \u0160panjolske za 2024. godinu ima osvje\u017eavaju\u0107u i uo\u010dljivu kombinaciju boja. Uglavnom je blijedo neonsko \u017euta, vjerojatno inspirirana pje\u0161\u010danim dinama zemlje. Jedan jedinstveni element gostuju\u0107ih dresova \u0160panjolske za Euro 2024 su plo\u010de \u2013 svijetloplave plo\u010de s natpisom dinarske grafike.<\/p>\n<p>Savjeti za ispis: Ako ime i broj na slici to\u010dno odgovaraju va\u0161im \u017eeljama, ne morate ih ponovno unositi. Ako ne, unesite \u017eeljeno ime i broj.<\/p>\n<p>Savjeti za pranje: Preporu\u010duje se ru\u010dno pranje nogometnih dresova. Ako \u017eelite koristiti perilicu, sjetite se okrenuti dresove naopako prije pranja. Napunite perilicu hladnom vodom i koristite program za osjetljive tkanine kako biste bolje za\u0161titili boje.<\/p>","protected":false},"excerpt":{"rendered":"<p>Gostuju\u0107a majica \u0160panjolske za 2024. ima svje\u017eu i upadljivu kombinaciju boja. Prije svega je blijedo neonsko \u017euta, mo\u017eda inspirirana pje\u0161\u010danim dinama zemlje. Jedinstvena zna\u010dajka gostuju\u0107e majice \u0160panjolske za Euro 2024 su paneli \u2013 svijetloplavi paneli su ukra\u0161eni grafikom pje\u0161\u010danih dina. Savjeti za tiskanje: Ako je ime i broj na slici to\u010dan [\u2026]<\/p>","protected":false},"featured_media":18966,"comment_status":"closed","ping_status":"closed","template":"","meta":[],"product_brand":[],"product_cat":[1079],"product_tag":[1228,20,1076,22,23,24],"class_list":{"0":"post-18941","1":"product","2":"type-product","3":"status-publish","4":"has-post-thumbnail","6":"product_cat-em-2024-spanien","7":"product_tag-alvaro-morata-trikots","8":"product_tag-coole-fussballtrikots","9":"product_tag-em-2024-trikot","10":"product_tag-fussballtrikot-guenstig-kaufen","11":"product_tag-fussballtrikot-kurzarm","12":"product_tag-guenstiges-fussballtrikot","14":"first","15":"instock","16":"purchasable","17":"product-type-variable"},"_links":{"self":[{"href":"https:\/\/www.billigtrikotde.com\/hr\/wp-json\/wp\/v2\/product\/18941","targetHints":{"allow":["GET"]}}],"collection":[{"href":"https:\/\/www.billigtrikotde.com\/hr\/wp-json\/wp\/v2\/product"}],"about":[{"href":"https:\/\/www.billigtrikotde.com\/hr\/wp-json\/wp\/v2\/types\/product"}],"replies":[{"embeddable":true,"href":"https:\/\/www.billigtrikotde.com\/hr\/wp-json\/wp\/v2\/comments?post=18941"}],"wp:featuredmedia":[{"embeddable":true,"href":"https:\/\/www.billigtrikotde.com\/hr\/wp-json\/wp\/v2\/media\/18966"}],"wp:attachment":[{"href":"https:\/\/www.billigtrikotde.com\/hr\/wp-json\/wp\/v2\/media?parent=18941"}],"wp:term":[{"taxonomy":"product_brand","embeddable":true,"href":"https:\/\/www.billigtrikotde.com\/hr\/wp-json\/wp\/v2\/product_brand?post=18941"},{"taxonomy":"product_cat","embeddable":true,"href":"https:\/\/www.billigtrikotde.com\/hr\/wp-json\/wp\/v2\/product_cat?post=18941"},{"taxonomy":"product_tag","embeddable":true,"href":"https:\/\/www.billigtrikotde.com\/hr\/wp-json\/wp\/v2\/product_tag?post=18941"}],"curies":[{"name":"wp","href":"https:\/\/api.w.org\/{rel}","templated":true}]}}