{"id":18904,"date":"2024-10-24T11:01:36","date_gmt":"2024-10-24T09:01:36","guid":{"rendered":"http:\/\/billigtrikots.com\/?post_type=product&#038;p=18904"},"modified":"2024-10-24T11:02:52","modified_gmt":"2024-10-24T09:02:52","slug":"fussballtrikot-outlet-kinder-england-euro-2024-auswaertstrikot-kieran-trippier-12","status":"publish","type":"product","link":"https:\/\/www.billigtrikotde.com\/hr\/fussballtrikot-outlet-kinder-england-euro-2024-auswaertstrikot-kieran-trippier-12\/","title":{"rendered":"Outlet nogometni dres Djeca Engleska Euro 2024 gostuju\u0107i dres Kieran Trippier 12"},"content":{"rendered":"<p>England Euro 2024 gostuju\u0107a majica pokazuje tamnu, svijetlu ljesnjak sme\u0111u, nazvanu \u201eDark Raisin\u201c, kombiniranu s \u201eSesame\u201c za logotipe, \u0161to je zlatno obojen ton. Ono \u0161to \u010dini Englesku 2024. gostuju\u0107u majicu posebnijom je vi\u0161ebojni dizajn sa obje strane. Na unutarnjoj strani ovratnika nalazi se kri\u017e sv. Georgija, dizajniran u istim bojama kao bo\u010dne trake [\u2026]<\/p>\n<p>Savjeti za ispis: Ako ime i broj na slici to\u010dno odgovaraju va\u0161im \u017eeljama, ne morate ih ponovno unositi. Ako ne, unesite \u017eeljeno ime i broj.<\/p>\n<p>Savjeti za pranje: Preporu\u010duje se ru\u010dno pranje nogometnih dresova. Ako \u017eelite koristiti perilicu, sjetite se okrenuti dresove naopako prije pranja. Napunite perilicu hladnom vodom i koristite program za osjetljive tkanine kako biste bolje za\u0161titili boje.<\/p>","protected":false},"excerpt":{"rendered":"<p>England Euro 2024 gostuju\u0107a majica pokazuje tamnu, svijetlu ljesnjak sme\u0111u, nazvanu \u201eDark Raisin\u201c, kombiniranu s \u201eSesame\u201c za logotipe, \u0161to je zlatno obojen ton. Ono \u0161to \u010dini Englesku 2024. gostuju\u0107u majicu posebnijom je vi\u0161ebojni dizajn sa obje strane. Na unutarnjoj strani ovratnika nalazi se kri\u017e sv. Georgija, dizajniran u istim bojama kao bo\u010dne trake [\u2026]<\/p>","protected":false},"featured_media":18929,"comment_status":"closed","ping_status":"closed","template":"","meta":[],"product_brand":[],"product_cat":[1096],"product_tag":[20,1076,22,23,24,1224],"class_list":{"0":"post-18904","1":"product","2":"type-product","3":"status-publish","4":"has-post-thumbnail","6":"product_cat-em-2024-england","7":"product_tag-coole-fussballtrikots","8":"product_tag-em-2024-trikot","9":"product_tag-fussballtrikot-guenstig-kaufen","10":"product_tag-fussballtrikot-kurzarm","11":"product_tag-guenstiges-fussballtrikot","12":"product_tag-kieran-trippier-trikots","14":"first","15":"instock","16":"purchasable","17":"product-type-variable"},"_links":{"self":[{"href":"https:\/\/www.billigtrikotde.com\/hr\/wp-json\/wp\/v2\/product\/18904","targetHints":{"allow":["GET"]}}],"collection":[{"href":"https:\/\/www.billigtrikotde.com\/hr\/wp-json\/wp\/v2\/product"}],"about":[{"href":"https:\/\/www.billigtrikotde.com\/hr\/wp-json\/wp\/v2\/types\/product"}],"replies":[{"embeddable":true,"href":"https:\/\/www.billigtrikotde.com\/hr\/wp-json\/wp\/v2\/comments?post=18904"}],"wp:featuredmedia":[{"embeddable":true,"href":"https:\/\/www.billigtrikotde.com\/hr\/wp-json\/wp\/v2\/media\/18929"}],"wp:attachment":[{"href":"https:\/\/www.billigtrikotde.com\/hr\/wp-json\/wp\/v2\/media?parent=18904"}],"wp:term":[{"taxonomy":"product_brand","embeddable":true,"href":"https:\/\/www.billigtrikotde.com\/hr\/wp-json\/wp\/v2\/product_brand?post=18904"},{"taxonomy":"product_cat","embeddable":true,"href":"https:\/\/www.billigtrikotde.com\/hr\/wp-json\/wp\/v2\/product_cat?post=18904"},{"taxonomy":"product_tag","embeddable":true,"href":"https:\/\/www.billigtrikotde.com\/hr\/wp-json\/wp\/v2\/product_tag?post=18904"}],"curies":[{"name":"wp","href":"https:\/\/api.w.org\/{rel}","templated":true}]}}