{"id":1890,"date":"2024-10-23T13:50:28","date_gmt":"2024-10-23T11:50:28","guid":{"rendered":"http:\/\/billigtrikots.com\/?post_type=product&#038;p=1890"},"modified":"2024-10-23T13:52:02","modified_gmt":"2024-10-23T11:52:02","slug":"bvb-borussia-dortmund-heimtrikot-herren-2022-hummels-15-gelb-schwarz-trikotsatz","status":"publish","type":"product","link":"https:\/\/www.billigtrikotde.com\/hr\/bvb-borussia-dortmund-heimtrikot-herren-2022-hummels-15-gelb-schwarz-trikotsatz\/","title":{"rendered":"BVB Borussia Dortmund doma\u0107i dres mu\u0161karci 2022 Hummels 15 \u017duto-crni komplet dresova"},"content":{"rendered":"<p>Daj sve s P-uma Borussia Dortmund 21\/22 doma\u0107im dresom, koji ima malo opu\u0161teniji kroj, posebno razvijen za navija\u010de.<\/p>\n<p>Inspiran slavnim osvojenjem Lige prvaka 1997. godine, P-uma Borussia Dortmund 21\/22 doma\u0107i dres utjelovljuje duh autsajdera Karl-Heinza Riedlea i njegovih suigra\u010da s crnim dijelovima na ramenima i prugastim rukavima, koji opona\u0161aju dres i \u010darape finala iz 1997.<\/p>\n<p>Standardna verzija dresa razvijena je za udobnost na terenu i izvan njega te sadr\u017ei najnoviju tehnologiju za odvodnju znoja koja te odr\u017eava svje\u017eim. Opustitiji kroj \u010dini ga tako\u0111er idealnim za slobodno vrijeme.<\/p>\n<p>Savjeti za ispis: Ako ime i broj na slici to\u010dno odgovaraju va\u0161im \u017eeljama, ne morate ih ponovno unositi. Ako ne, unesite \u017eeljeno ime i broj.<\/p>\n<p>Savjeti za pranje: Preporu\u010duje se ru\u010dno pranje nogometnih dresova. Ako \u017eelite koristiti perilicu, sjetite se okrenuti dresove naopako prije pranja. Napunite perilicu hladnom vodom i koristite program za osjetljive tkanine kako biste bolje za\u0161titili boje.<\/p>","protected":false},"excerpt":{"rendered":"<p>Daj sve s P-uma Borussia Dortmund 21\/22 ku\u0107ni dres, koji ima malo opu\u0161teniji kroj, posebno razvijen za navija\u010de. Inspiriran slavnim osvojenjem Lige prvaka kluba 1997. godine, P-uma Borussia Dortmund 21\/22 ku\u0107ni dres utjelovljuje duh autsajdera Karl-Heinza Riedlea i njegovih suigra\u010da s crnim ramenima i prugastim rukavima, koji \u010dine dres i [...]<\/p>","protected":false},"featured_media":1921,"comment_status":"open","ping_status":"closed","template":"","meta":[],"product_brand":[],"product_cat":[63],"product_tag":[20,65,66,67,21,22,23,24],"class_list":{"0":"post-1890","1":"product","2":"type-product","3":"status-publish","4":"has-post-thumbnail","6":"product_cat-borussia-dortmund","7":"product_tag-coole-fussballtrikots","8":"product_tag-borussia-dortmund-trikots","9":"product_tag-bvb-trikots","10":"product_tag-fussball-trikotsatz","11":"product_tag-fussballtrikot-fuer-herren","12":"product_tag-fussballtrikot-guenstig-kaufen","13":"product_tag-fussballtrikot-kurzarm","14":"product_tag-guenstiges-fussballtrikot","16":"first","17":"instock","18":"shipping-taxable","19":"purchasable","20":"product-type-variable"},"_links":{"self":[{"href":"https:\/\/www.billigtrikotde.com\/hr\/wp-json\/wp\/v2\/product\/1890","targetHints":{"allow":["GET"]}}],"collection":[{"href":"https:\/\/www.billigtrikotde.com\/hr\/wp-json\/wp\/v2\/product"}],"about":[{"href":"https:\/\/www.billigtrikotde.com\/hr\/wp-json\/wp\/v2\/types\/product"}],"replies":[{"embeddable":true,"href":"https:\/\/www.billigtrikotde.com\/hr\/wp-json\/wp\/v2\/comments?post=1890"}],"wp:featuredmedia":[{"embeddable":true,"href":"https:\/\/www.billigtrikotde.com\/hr\/wp-json\/wp\/v2\/media\/1921"}],"wp:attachment":[{"href":"https:\/\/www.billigtrikotde.com\/hr\/wp-json\/wp\/v2\/media?parent=1890"}],"wp:term":[{"taxonomy":"product_brand","embeddable":true,"href":"https:\/\/www.billigtrikotde.com\/hr\/wp-json\/wp\/v2\/product_brand?post=1890"},{"taxonomy":"product_cat","embeddable":true,"href":"https:\/\/www.billigtrikotde.com\/hr\/wp-json\/wp\/v2\/product_cat?post=1890"},{"taxonomy":"product_tag","embeddable":true,"href":"https:\/\/www.billigtrikotde.com\/hr\/wp-json\/wp\/v2\/product_tag?post=1890"}],"curies":[{"name":"wp","href":"https:\/\/api.w.org\/{rel}","templated":true}]}}