{"id":18875,"date":"2024-10-24T11:00:12","date_gmt":"2024-10-24T09:00:12","guid":{"rendered":"http:\/\/billigtrikots.com\/?post_type=product&#038;p=18875"},"modified":"2024-10-24T11:02:03","modified_gmt":"2024-10-24T09:02:03","slug":"fussballtrikot-set-fuer-kinder-england-euro-2024-auswaertstrikot-cole-palmer-24","status":"publish","type":"product","link":"https:\/\/www.billigtrikotde.com\/hr\/fussballtrikot-set-fuer-kinder-england-euro-2024-auswaertstrikot-cole-palmer-24\/","title":{"rendered":"Dje\u010dji nogometni dres Set za djecu Engleska Euro 2024 gostuju\u0107i dres Cole Palmer 24"},"content":{"rendered":"<p>Engleski dres za goste na Euro 2024 prikazuje mra\u010dnu, svijetlu \u010dokoladno sme\u0111u boju, nazvanu \u201eDark Raisin\u201c, kombiniranu sa \u201eSesame\u201c za logotipe, \u0161to je zlatnobojna nijansa. Ono \u0161to dres za goste Engleske 2024. godine \u010dini posebnim je dvostruko, vi\u0161ebojno dizajn na obje strane. Na unutarnjoj strani ovratnika nalazi se krst svetog Jurja, oblikovan u istim bojama kao bo\u010dne pruge.<\/p>\n<p>Savjeti za ispis: Ako ime i broj na slici to\u010dno odgovaraju va\u0161im \u017eeljama, ne morate ih ponovno unositi. Ako ne, unesite \u017eeljeno ime i broj.<\/p>\n<p>Savjeti za pranje: Preporu\u010duje se ru\u010dno pranje nogometnih dresova. Ako \u017eelite koristiti perilicu, sjetite se okrenuti dresove naopako prije pranja. Napunite perilicu hladnom vodom i koristite program za osjetljive tkanine kako biste bolje za\u0161titili boje.<\/p>","protected":false},"excerpt":{"rendered":"<p>Engleski dres za goste na Euro 2024 prikazuje mra\u010dnu, svijetlu \u010dokoladno sme\u0111u boju, nazvanu \u201eDark Raisin\u201c, kombiniranu sa \u201eSesame\u201c za logotipe, \u0161to je zlatnobojna nijansa. Ono \u0161to dres za goste Engleske 2024. godine \u010dini posebnim je dvostruko, vi\u0161ebojno dizajn na obje strane. Na unutarnjoj strani ovratnika nalazi se krst svetog Jurja, oblikovan u istim bojama kao bo\u010dne pruge.<\/p>","protected":false},"featured_media":18910,"comment_status":"closed","ping_status":"closed","template":"","meta":[],"product_brand":[],"product_cat":[1096],"product_tag":[20,1221,1076,22,23,24],"class_list":{"0":"post-18875","1":"product","2":"type-product","3":"status-publish","4":"has-post-thumbnail","6":"product_cat-em-2024-england","7":"product_tag-coole-fussballtrikots","8":"product_tag-cole-palmer-trikots","9":"product_tag-em-2024-trikot","10":"product_tag-fussballtrikot-guenstig-kaufen","11":"product_tag-fussballtrikot-kurzarm","12":"product_tag-guenstiges-fussballtrikot","14":"first","15":"instock","16":"purchasable","17":"product-type-variable"},"_links":{"self":[{"href":"https:\/\/www.billigtrikotde.com\/hr\/wp-json\/wp\/v2\/product\/18875","targetHints":{"allow":["GET"]}}],"collection":[{"href":"https:\/\/www.billigtrikotde.com\/hr\/wp-json\/wp\/v2\/product"}],"about":[{"href":"https:\/\/www.billigtrikotde.com\/hr\/wp-json\/wp\/v2\/types\/product"}],"replies":[{"embeddable":true,"href":"https:\/\/www.billigtrikotde.com\/hr\/wp-json\/wp\/v2\/comments?post=18875"}],"wp:featuredmedia":[{"embeddable":true,"href":"https:\/\/www.billigtrikotde.com\/hr\/wp-json\/wp\/v2\/media\/18910"}],"wp:attachment":[{"href":"https:\/\/www.billigtrikotde.com\/hr\/wp-json\/wp\/v2\/media?parent=18875"}],"wp:term":[{"taxonomy":"product_brand","embeddable":true,"href":"https:\/\/www.billigtrikotde.com\/hr\/wp-json\/wp\/v2\/product_brand?post=18875"},{"taxonomy":"product_cat","embeddable":true,"href":"https:\/\/www.billigtrikotde.com\/hr\/wp-json\/wp\/v2\/product_cat?post=18875"},{"taxonomy":"product_tag","embeddable":true,"href":"https:\/\/www.billigtrikotde.com\/hr\/wp-json\/wp\/v2\/product_tag?post=18875"}],"curies":[{"name":"wp","href":"https:\/\/api.w.org\/{rel}","templated":true}]}}