{"id":18836,"date":"2024-10-24T10:57:51","date_gmt":"2024-10-24T08:57:51","guid":{"rendered":"http:\/\/billigtrikots.com\/?post_type=product&#038;p=18836"},"modified":"2024-10-24T11:00:38","modified_gmt":"2024-10-24T09:00:38","slug":"billige-damen-frankreichs-trikots-fuer-die-europameisterschaft-2024-auswaertstrikot-jules-kounde-5","status":"publish","type":"product","link":"https:\/\/www.billigtrikotde.com\/hr\/billige-damen-frankreichs-trikots-fuer-die-europameisterschaft-2024-auswaertstrikot-jules-kounde-5\/","title":{"rendered":"Jeftini \u017eenski dresovi Francuske za Europsko prvenstvo 2024 gostuju\u0107i dres Jules Kounde 5"},"content":{"rendered":"<p>Fragukov Euro 2024 gostuju\u0107i dres kombinira bijelu osnovnu boju s kraljevsko plavom. Najupadljiviji je detalj s iglom \u2013 prelazi s plave (desna stranica) na crvenu (lijeva stranica). Gostuju\u0107i dres za Euro 2024 ima plavi ovratnik i plave man\u0161ete. Ono \u0161to prvo iska\u010de na prednjoj strani je ogromni, potpuno obojeni grb Francuske, koji se po prvi put koristi na Euro 2024 i vjerojatno \u0107e se koristiti i izvan turnira.<\/p>\n<p>I doma\u0107i, i gostuju\u0107i dres europskog prvenstva 2024 imat \u0107e novo \u0161areno grb u ogromnom formatu, ve\u0107i nego grb dosada\u0161njih dresa. Podru\u010dje grba Francuske i dalje \u0107e biti u skladu s FIFA pravilima za dresove.<\/p>\n<p>Savjeti za ispis: Ako ime i broj na slici to\u010dno odgovaraju va\u0161im \u017eeljama, ne morate ih ponovno unositi. Ako ne, unesite \u017eeljeno ime i broj.<\/p>\n<p>Savjeti za pranje: Preporu\u010duje se ru\u010dno pranje nogometnih dresova. Ako \u017eelite koristiti perilicu, sjetite se okrenuti dresove naopako prije pranja. Napunite perilicu hladnom vodom i koristite program za osjetljive tkanine kako biste bolje za\u0161titili boje.<\/p>","protected":false},"excerpt":{"rendered":"<p>Das Frankreich Euro 2024 Ausw\u00e4rtstrikot kombiniert eine wei\u00dfe Grundfarbe mit einem K\u00f6nigsblau. Am auff\u00e4lligsten ist das Nadelstreifendesign \u2013 es geht von Blau (rechte Seite) zu Rot (linke Seite). Das Frankreich Euro 2024 Ausw\u00e4rtstrikot hat einen blauen Kragen und blaue \u00c4rmelb\u00fcndchen. Was auf der Vorderseite auff\u00e4llt, ist das riesige, voll farbige Frankreich-Wappen, das erstmals bei der [&hellip;]<\/p>","protected":false},"featured_media":18876,"comment_status":"closed","ping_status":"closed","template":"","meta":[],"product_brand":[],"product_cat":[1098],"product_tag":[20,1076,22,23,24,1218],"class_list":{"0":"post-18836","1":"product","2":"type-product","3":"status-publish","4":"has-post-thumbnail","6":"product_cat-em-2024-frankreich","7":"product_tag-coole-fussballtrikots","8":"product_tag-em-2024-trikot","9":"product_tag-fussballtrikot-guenstig-kaufen","10":"product_tag-fussballtrikot-kurzarm","11":"product_tag-guenstiges-fussballtrikot","12":"product_tag-jules-kounde-trikots","14":"first","15":"instock","16":"purchasable","17":"product-type-variable"},"_links":{"self":[{"href":"https:\/\/www.billigtrikotde.com\/hr\/wp-json\/wp\/v2\/product\/18836","targetHints":{"allow":["GET"]}}],"collection":[{"href":"https:\/\/www.billigtrikotde.com\/hr\/wp-json\/wp\/v2\/product"}],"about":[{"href":"https:\/\/www.billigtrikotde.com\/hr\/wp-json\/wp\/v2\/types\/product"}],"replies":[{"embeddable":true,"href":"https:\/\/www.billigtrikotde.com\/hr\/wp-json\/wp\/v2\/comments?post=18836"}],"wp:featuredmedia":[{"embeddable":true,"href":"https:\/\/www.billigtrikotde.com\/hr\/wp-json\/wp\/v2\/media\/18876"}],"wp:attachment":[{"href":"https:\/\/www.billigtrikotde.com\/hr\/wp-json\/wp\/v2\/media?parent=18836"}],"wp:term":[{"taxonomy":"product_brand","embeddable":true,"href":"https:\/\/www.billigtrikotde.com\/hr\/wp-json\/wp\/v2\/product_brand?post=18836"},{"taxonomy":"product_cat","embeddable":true,"href":"https:\/\/www.billigtrikotde.com\/hr\/wp-json\/wp\/v2\/product_cat?post=18836"},{"taxonomy":"product_tag","embeddable":true,"href":"https:\/\/www.billigtrikotde.com\/hr\/wp-json\/wp\/v2\/product_tag?post=18836"}],"curies":[{"name":"wp","href":"https:\/\/api.w.org\/{rel}","templated":true}]}}