{"id":18826,"date":"2024-10-24T10:57:18","date_gmt":"2024-10-24T08:57:18","guid":{"rendered":"http:\/\/billigtrikots.com\/?post_type=product&#038;p=18826"},"modified":"2024-10-24T11:00:02","modified_gmt":"2024-10-24T09:00:02","slug":"damen-frankreichs-trikots-fuer-die-europameisterschaft-2024-auswaertstrikot-ibrahima-konate-24","status":"publish","type":"product","link":"https:\/\/www.billigtrikotde.com\/hr\/damen-frankreichs-trikots-fuer-die-europameisterschaft-2024-auswaertstrikot-ibrahima-konate-24\/","title":{"rendered":"\u017denski dresovi Francuske za Europsko prvenstvo 2024 gostuju\u0107i dres Ibrahima Konate 24"},"content":{"rendered":"<p>To je <strong>Francuski Euro 2024 gostuju\u0107i dres<\/strong> kombinira bijelu osnovnu boju s kraljevsko-plavom. Najprimjetniji je dizajn s iglama \u2013 prelazi s plave (desno) na crvenu (lijevo). Francuski Euro 2024 gostuju\u0107i dres ima plavi ovratnik i plave rubove man\u0161eta. Ono \u0161to se na prednjoj strani isti\u010de je ogromni, potpuno puni francuski grb, koji \u0107e se po prvi put koristiti na Euro 2024 i vjerojatno i izvan samog turnira.<\/p>\n<p>I doma\u0107i, i gostuju\u0107i dres europskog prvenstva 2024 imat \u0107e novo \u0161areno grb u ogromnom formatu, ve\u0107i nego grb dosada\u0161njih dresa. Podru\u010dje grba Francuske i dalje \u0107e biti u skladu s FIFA pravilima za dresove.<\/p>\n<p>Savjeti za ispis: Ako ime i broj na slici to\u010dno odgovaraju va\u0161im \u017eeljama, ne morate ih ponovno unositi. Ako ne, unesite \u017eeljeno ime i broj.<\/p>\n<p>Savjeti za pranje: Preporu\u010duje se ru\u010dno pranje nogometnih dresova. Ako \u017eelite koristiti perilicu, sjetite se okrenuti dresove naopako prije pranja. Napunite perilicu hladnom vodom i koristite program za osjetljive tkanine kako biste bolje za\u0161titili boje.<\/p>","protected":false},"excerpt":{"rendered":"<p>Francuski dres za Euro 2024 gostuju\u0107i kombinira bijelu osnovu s kraljevsko-plavom. Najistaknutija je \u0161trikan oblik \u2013 prelazi plavo (desna strana) u crveno (lijeva strana). Gostuju\u0107i dres euro 2024 ima plavi ovratnik i plave rubove rukava. Ono \u0161to je na prednjoj strani primjetno, je ogromni, punobojni grb Francuske, koji je prvi puta prikazan na euro 2024 do [\u2026]<\/p>","protected":false},"featured_media":18867,"comment_status":"open","ping_status":"closed","template":"","meta":[],"product_brand":[],"product_cat":[1098],"product_tag":[20,1076,1214,1099,22,23,1215,24,1216],"class_list":{"0":"post-18826","1":"product","2":"type-product","3":"status-publish","4":"has-post-thumbnail","6":"product_cat-em-2024-frankreich","7":"product_tag-coole-fussballtrikots","8":"product_tag-em-2024-trikot","9":"product_tag-em-2024-trikot-damen","10":"product_tag-frankreich-trikot-em-2024","11":"product_tag-fussballtrikot-guenstig-kaufen","12":"product_tag-fussballtrikot-kurzarm","13":"product_tag-guenstige-fussballtrikots-damen","14":"product_tag-guenstiges-fussballtrikot","15":"product_tag-ibrahima-konate-trikot","17":"first","18":"instock","19":"shipping-taxable","20":"purchasable","21":"product-type-variable"},"_links":{"self":[{"href":"https:\/\/www.billigtrikotde.com\/hr\/wp-json\/wp\/v2\/product\/18826","targetHints":{"allow":["GET"]}}],"collection":[{"href":"https:\/\/www.billigtrikotde.com\/hr\/wp-json\/wp\/v2\/product"}],"about":[{"href":"https:\/\/www.billigtrikotde.com\/hr\/wp-json\/wp\/v2\/types\/product"}],"replies":[{"embeddable":true,"href":"https:\/\/www.billigtrikotde.com\/hr\/wp-json\/wp\/v2\/comments?post=18826"}],"wp:featuredmedia":[{"embeddable":true,"href":"https:\/\/www.billigtrikotde.com\/hr\/wp-json\/wp\/v2\/media\/18867"}],"wp:attachment":[{"href":"https:\/\/www.billigtrikotde.com\/hr\/wp-json\/wp\/v2\/media?parent=18826"}],"wp:term":[{"taxonomy":"product_brand","embeddable":true,"href":"https:\/\/www.billigtrikotde.com\/hr\/wp-json\/wp\/v2\/product_brand?post=18826"},{"taxonomy":"product_cat","embeddable":true,"href":"https:\/\/www.billigtrikotde.com\/hr\/wp-json\/wp\/v2\/product_cat?post=18826"},{"taxonomy":"product_tag","embeddable":true,"href":"https:\/\/www.billigtrikotde.com\/hr\/wp-json\/wp\/v2\/product_tag?post=18826"}],"curies":[{"name":"wp","href":"https:\/\/api.w.org\/{rel}","templated":true}]}}