{"id":18783,"date":"2024-10-24T10:54:35","date_gmt":"2024-10-24T08:54:35","guid":{"rendered":"http:\/\/billigtrikots.com\/?post_type=product&#038;p=18783"},"modified":"2024-10-24T10:57:12","modified_gmt":"2024-10-24T08:57:12","slug":"kinder-fussballtrikots-portugal-trikot-em-2024-auswaerts-trikotsatz-bruno-fernandes-8","status":"publish","type":"product","link":"https:\/\/www.billigtrikotde.com\/hr\/kinder-fussballtrikots-portugal-trikot-em-2024-auswaerts-trikotsatz-bruno-fernandes-8\/","title":{"rendered":"Dje\u010dje nogometne dresove Portugal dres EM 2024 gostuju\u0107i komplet dresova Bruno Fernandes 8"},"content":{"rendered":"<p>Gostuju\u0107i dres Portugal 2024 ima dizajn koji je usko povezan s povije\u0161\u0107u Portugala. Dres prikazuje sveobuhvatnu grafiku s uzorkom u stilu azulejo, koji ima prljavi efekt. Azulejo je oblik portugalskih i \u0161panjolskih kerami\u010dkih plo\u010dica s glazurama. Obi\u010dno se koristi za ukra\u0161avanje zidova i podova te je poznat po \u017eivopisnim bojama [...]<\/p>\n<p>Kod boja nastavljen je shema boja gostuju\u0107eg dresa za Svjetsko prvenstvo 2022. Kao i dres za Katar, i novi gostuju\u0107i dres Portugala 2024 uglavnom je u bojama jedrilice. Portugal Euro 2024 gostuju\u0107i dres s svijetloplavom i vrlo tamnom mornarsko plavom, \u201eUniversity Blue\u201c i \u201ePitch Blue\u201c.<\/p>\n<p>Savjeti za ispis: Ako ime i broj na slici to\u010dno odgovaraju va\u0161im \u017eeljama, ne morate ih ponovno unositi. Ako ne, unesite \u017eeljeno ime i broj.<\/p>\n<p>Savjeti za pranje: Preporu\u010duje se ru\u010dno pranje nogometnih dresova. Ako \u017eelite koristiti perilicu, sjetite se okrenuti dresove naopako prije pranja. Napunite perilicu hladnom vodom i koristite program za osjetljive tkanine kako biste bolje za\u0161titili boje.<\/p>","protected":false},"excerpt":{"rendered":"<p>Gostuju\u0107i dres Portugal 2024 ima dizajn koji je usko povezan s povije\u0161\u0107u Portugala. Dres prikazuje sveobuhvatnu grafiku s uzorkom u stilu azulejo, koji ima prljavi efekt. Azulejo je oblik portugalskih i \u0161panjolskih kerami\u010dkih plo\u010dica s glazurama. Obi\u010dno se koristi za ukra\u0161avanje zidova i podova te je poznat po \u017eivopisnim bojama [...]<\/p>","protected":false},"featured_media":18823,"comment_status":"open","ping_status":"closed","template":"","meta":[],"product_brand":[],"product_cat":[1094],"product_tag":[20,1076,1077,21,22,23,24,1095],"class_list":{"0":"post-18783","1":"product","2":"type-product","3":"status-publish","4":"has-post-thumbnail","6":"product_cat-em-2024-portugal","7":"product_tag-coole-fussballtrikots","8":"product_tag-em-2024-trikot","9":"product_tag-em-2024-trikot-herren","10":"product_tag-fussballtrikot-fuer-herren","11":"product_tag-fussballtrikot-guenstig-kaufen","12":"product_tag-fussballtrikot-kurzarm","13":"product_tag-guenstiges-fussballtrikot","14":"product_tag-portugal-trikot-em-2024","16":"first","17":"instock","18":"shipping-taxable","19":"purchasable","20":"product-type-variable"},"_links":{"self":[{"href":"https:\/\/www.billigtrikotde.com\/hr\/wp-json\/wp\/v2\/product\/18783","targetHints":{"allow":["GET"]}}],"collection":[{"href":"https:\/\/www.billigtrikotde.com\/hr\/wp-json\/wp\/v2\/product"}],"about":[{"href":"https:\/\/www.billigtrikotde.com\/hr\/wp-json\/wp\/v2\/types\/product"}],"replies":[{"embeddable":true,"href":"https:\/\/www.billigtrikotde.com\/hr\/wp-json\/wp\/v2\/comments?post=18783"}],"wp:featuredmedia":[{"embeddable":true,"href":"https:\/\/www.billigtrikotde.com\/hr\/wp-json\/wp\/v2\/media\/18823"}],"wp:attachment":[{"href":"https:\/\/www.billigtrikotde.com\/hr\/wp-json\/wp\/v2\/media?parent=18783"}],"wp:term":[{"taxonomy":"product_brand","embeddable":true,"href":"https:\/\/www.billigtrikotde.com\/hr\/wp-json\/wp\/v2\/product_brand?post=18783"},{"taxonomy":"product_cat","embeddable":true,"href":"https:\/\/www.billigtrikotde.com\/hr\/wp-json\/wp\/v2\/product_cat?post=18783"},{"taxonomy":"product_tag","embeddable":true,"href":"https:\/\/www.billigtrikotde.com\/hr\/wp-json\/wp\/v2\/product_tag?post=18783"}],"curies":[{"name":"wp","href":"https:\/\/api.w.org\/{rel}","templated":true}]}}