{"id":18749,"date":"2024-10-24T10:52:19","date_gmt":"2024-10-24T08:52:19","guid":{"rendered":"http:\/\/billigtrikots.com\/?post_type=product&#038;p=18749"},"modified":"2024-10-24T10:55:30","modified_gmt":"2024-10-24T08:55:30","slug":"kinder-niederlande-uefa-euro-2024-auswaertstrikot-memphis-depay-10","status":"publish","type":"product","link":"https:\/\/www.billigtrikotde.com\/hr\/kinder-niederlande-uefa-euro-2024-auswaertstrikot-memphis-depay-10\/","title":{"rendered":"Dje\u010dje nogometne dresove Nizozemska UEFA Euro 2024 gostuju\u0107i dres Memphis Depay 10"},"content":{"rendered":"<p>Nizozemska 2024. gostuju\u0107i dres uglavnom je mornocrn (\u201eBlue Void\u201c), sekundarne boje su naran\u010dasta, tirkizna i bijela. To je sli\u010dno paleti boja doma\u0107eg dresa Nizozemske, ali naravno u druga\u010dijem redoslijedu. U dizajnu gostuju\u0107i dres Nizozemske za EM 2024 se izdvaja. Ispred ima naran\u010dasto-plavu uzorak na prednjoj strani, le\u0111ima i [\u2026]<\/p>\n<p>Savjeti za ispis: Ako ime i broj na slici to\u010dno odgovaraju va\u0161im \u017eeljama, ne morate ih ponovno unositi. Ako ne, unesite \u017eeljeno ime i broj.<\/p>\n<p>Savjeti za pranje: Preporu\u010duje se ru\u010dno pranje nogometnih dresova. Ako \u017eelite koristiti perilicu, sjetite se okrenuti dresove naopako prije pranja. Napunite perilicu hladnom vodom i koristite program za osjetljive tkanine kako biste bolje za\u0161titili boje.<\/p>","protected":false},"excerpt":{"rendered":"<p>Nizozemska 2024. gostuju\u0107i dres uglavnom je mornocrn (\u201eBlue Void\u201c), sekundarne boje su naran\u010dasta, tirkizna i bijela. To je sli\u010dno paleti boja doma\u0107eg dresa Nizozemske, ali naravno u druga\u010dijem redoslijedu. U dizajnu gostuju\u0107i dres Nizozemske za EM 2024 se izdvaja. Ispred ima naran\u010dasto-plavu uzorak na prednjoj strani, le\u0111ima i [\u2026]<\/p>","protected":false},"featured_media":18788,"comment_status":"open","ping_status":"closed","template":"","meta":[],"product_brand":[],"product_cat":[1102],"product_tag":[20,1076,1077,21,22,23,24,1103],"class_list":{"0":"post-18749","1":"product","2":"type-product","3":"status-publish","4":"has-post-thumbnail","6":"product_cat-em-2024-niederlande","7":"product_tag-coole-fussballtrikots","8":"product_tag-em-2024-trikot","9":"product_tag-em-2024-trikot-herren","10":"product_tag-fussballtrikot-fuer-herren","11":"product_tag-fussballtrikot-guenstig-kaufen","12":"product_tag-fussballtrikot-kurzarm","13":"product_tag-guenstiges-fussballtrikot","14":"product_tag-niederlande-trikot-em-2024","16":"first","17":"instock","18":"shipping-taxable","19":"purchasable","20":"product-type-variable"},"_links":{"self":[{"href":"https:\/\/www.billigtrikotde.com\/hr\/wp-json\/wp\/v2\/product\/18749","targetHints":{"allow":["GET"]}}],"collection":[{"href":"https:\/\/www.billigtrikotde.com\/hr\/wp-json\/wp\/v2\/product"}],"about":[{"href":"https:\/\/www.billigtrikotde.com\/hr\/wp-json\/wp\/v2\/types\/product"}],"replies":[{"embeddable":true,"href":"https:\/\/www.billigtrikotde.com\/hr\/wp-json\/wp\/v2\/comments?post=18749"}],"wp:featuredmedia":[{"embeddable":true,"href":"https:\/\/www.billigtrikotde.com\/hr\/wp-json\/wp\/v2\/media\/18788"}],"wp:attachment":[{"href":"https:\/\/www.billigtrikotde.com\/hr\/wp-json\/wp\/v2\/media?parent=18749"}],"wp:term":[{"taxonomy":"product_brand","embeddable":true,"href":"https:\/\/www.billigtrikotde.com\/hr\/wp-json\/wp\/v2\/product_brand?post=18749"},{"taxonomy":"product_cat","embeddable":true,"href":"https:\/\/www.billigtrikotde.com\/hr\/wp-json\/wp\/v2\/product_cat?post=18749"},{"taxonomy":"product_tag","embeddable":true,"href":"https:\/\/www.billigtrikotde.com\/hr\/wp-json\/wp\/v2\/product_tag?post=18749"}],"curies":[{"name":"wp","href":"https:\/\/api.w.org\/{rel}","templated":true}]}}