{"id":18718,"date":"2024-10-24T10:50:35","date_gmt":"2024-10-24T08:50:35","guid":{"rendered":"http:\/\/billigtrikots.com\/?post_type=product&#038;p=18718"},"modified":"2024-10-24T10:53:19","modified_gmt":"2024-10-24T08:53:19","slug":"kaufen-portugal-trikot-em-2024-heimtrikot-kurzarm-kurze-hosen-rafael-leao-10","status":"publish","type":"product","link":"https:\/\/www.billigtrikotde.com\/hr\/kaufen-portugal-trikot-em-2024-heimtrikot-kurzarm-kurze-hosen-rafael-leao-10\/","title":{"rendered":"Kupiti Portugal dres EURO 2024 ku\u0107ni dres kratkih rukava + kratke hla\u010de Rafael Leao 10"},"content":{"rendered":"<p>Portugalov doma\u0107i dres za Euro 2024 prikazuje klasi\u010dnu crvenu boju dr\u017eave, no kombiniran je s drugim bojama nego u posljednjih nekoliko godina. Uglavnom je crven, kombiniran s zelenim i crnim aplikacijama, plus svijetlo be\u017e za Swoosh te imena i brojeve. Slu\u017ebene boje su \u201eUniversity Red\/Pine Green\/Sail\u201c.<\/p>\n<p>Portugalov doma\u0107i dres za Euro 2024 ima crni, odvojeni ovratnik s detaljima u zelenoj\u2014to je isti odvojeni ovratnik koji se vidi i na doma\u0107em dresu Francuske i na gostuju\u0107em dresu Nizozemske za Euro 2024. Crno\/zelena boja se tako\u0111er koristi za man\u0161ete rukava i bo\u010dne dijelove.<\/p>\n<p>Savjeti za ispis: Ako ime i broj na slici to\u010dno odgovaraju va\u0161im \u017eeljama, ne morate ih ponovno unositi. Ako ne, unesite \u017eeljeno ime i broj.<\/p>\n<p>Savjeti za pranje: Preporu\u010duje se ru\u010dno pranje nogometnih dresova. Ako \u017eelite koristiti perilicu, sjetite se okrenuti dresove naopako prije pranja. Napunite perilicu hladnom vodom i koristite program za osjetljive tkanine kako biste bolje za\u0161titili boje.<\/p>","protected":false},"excerpt":{"rendered":"<p>Doma\u0107i dres Portugala za Euro 2024 prikazuje klasi\u010dnu crvenu dr\u017eavnu boju, no u kombinaciji s drugim bojama nego u posljednjih nekoliko godina. Glavnom je crvena, u kombinaciji s zelenim i crnim aplikacijama, plus svijetla be\u017e boja za Swoosh te imena i broj. Slu\u017ebene su boje \u201eUniversity Red\/Pine Green\/Sail\u201c. Portugalski doma\u0107i dres za Euro [\u2026]<\/p>","protected":false},"featured_media":18760,"comment_status":"open","ping_status":"closed","template":"","meta":[],"product_brand":[],"product_cat":[1094],"product_tag":[20,21,22,24,1201,1200,1095],"class_list":{"0":"post-18718","1":"product","2":"type-product","3":"status-publish","4":"has-post-thumbnail","6":"product_cat-em-2024-portugal","7":"product_tag-coole-fussballtrikots","8":"product_tag-fussballtrikot-fuer-herren","9":"product_tag-fussballtrikot-guenstig-kaufen","10":"product_tag-guenstiges-fussballtrikot","11":"product_tag-portugal-em-trikot-2024-kaufen","12":"product_tag-portugal-trikot-2024","13":"product_tag-portugal-trikot-em-2024","15":"first","16":"instock","17":"shipping-taxable","18":"purchasable","19":"product-type-variable"},"_links":{"self":[{"href":"https:\/\/www.billigtrikotde.com\/hr\/wp-json\/wp\/v2\/product\/18718","targetHints":{"allow":["GET"]}}],"collection":[{"href":"https:\/\/www.billigtrikotde.com\/hr\/wp-json\/wp\/v2\/product"}],"about":[{"href":"https:\/\/www.billigtrikotde.com\/hr\/wp-json\/wp\/v2\/types\/product"}],"replies":[{"embeddable":true,"href":"https:\/\/www.billigtrikotde.com\/hr\/wp-json\/wp\/v2\/comments?post=18718"}],"wp:featuredmedia":[{"embeddable":true,"href":"https:\/\/www.billigtrikotde.com\/hr\/wp-json\/wp\/v2\/media\/18760"}],"wp:attachment":[{"href":"https:\/\/www.billigtrikotde.com\/hr\/wp-json\/wp\/v2\/media?parent=18718"}],"wp:term":[{"taxonomy":"product_brand","embeddable":true,"href":"https:\/\/www.billigtrikotde.com\/hr\/wp-json\/wp\/v2\/product_brand?post=18718"},{"taxonomy":"product_cat","embeddable":true,"href":"https:\/\/www.billigtrikotde.com\/hr\/wp-json\/wp\/v2\/product_cat?post=18718"},{"taxonomy":"product_tag","embeddable":true,"href":"https:\/\/www.billigtrikotde.com\/hr\/wp-json\/wp\/v2\/product_tag?post=18718"}],"curies":[{"name":"wp","href":"https:\/\/api.w.org\/{rel}","templated":true}]}}