{"id":18583,"date":"2024-10-24T10:42:02","date_gmt":"2024-10-24T08:42:02","guid":{"rendered":"http:\/\/billigtrikots.com\/?post_type=product&#038;p=18583"},"modified":"2025-10-16T16:01:54","modified_gmt":"2025-10-16T14:01:54","slug":"real-madrid-2024-25-heimtrikot-weiss-kurzarm-kurze-hosen-kylian-mbappe-9","status":"publish","type":"product","link":"https:\/\/www.billigtrikotde.com\/hr\/real-madrid-2024-25-heimtrikot-weiss-kurzarm-kurze-hosen-kylian-mbappe-9\/","title":{"rendered":"Real Madrid 2024-25 doma\u0107i dres bijeli kratki rukav + kratke hla\u010de Kylian Mbappe 9"},"content":{"rendered":"<p>Trikot Real Madrid Club de F\u00fatbol 2024-25 ima tradicionalnu bijelu boju mom\u010dadi, kombiniranu s crnom za tri pruge. Trikot Real Madrid 2024-2025 zahvaljuju\u0107i klasi\u010dnoj kombinaciji boja i jednostavnom dizajnu izaziva sje\u0107anja na dresove ranih 2000-ih godina.<\/p>\n<p>Savjeti za ispis: Ako ime i broj na slici to\u010dno odgovaraju va\u0161im \u017eeljama, ne morate ih ponovno unositi. Ako ne, unesite \u017eeljeno ime i broj.<\/p>\n<p>Savjeti za pranje: Preporu\u010duje se ru\u010dno pranje nogometnih dresova. Ako \u017eelite koristiti perilicu, sjetite se okrenuti dresove naopako prije pranja. Napunite perilicu hladnom vodom i koristite program za osjetljive tkanine kako biste bolje za\u0161titili boje.<\/p>","protected":false},"excerpt":{"rendered":"<p>Real Madrid Club de F\u00fatbol 2024-25 dres ima tradicionalnu bijelu boju mom\u010dadi, kombiniranu s crnom za tri pruge. Real Madrid 2024-2025 dres budi uspomene na dresove ranih 2000-ih zahvaljuju\u0107i klasi\u010dnoj kombinaciji boja i jednostavnom dizajnu. Uvjeti za tiskanje: Kada je ime i broj na [\u2026]<\/p>","protected":false},"featured_media":18627,"comment_status":"open","ping_status":"closed","template":"","meta":[],"product_brand":[],"product_cat":[45],"product_tag":[574,21,228,24,576,1191,489,490,979,47],"class_list":{"0":"post-18583","1":"product","2":"type-product","3":"status-publish","4":"has-post-thumbnail","6":"product_cat-real-madrid","7":"product_tag-fussballtrikot-deutschland","8":"product_tag-fussballtrikot-fuer-herren","9":"product_tag-guenstige-fussballtrikot","10":"product_tag-guenstiges-fussballtrikot","11":"product_tag-kylian-mbappe-trikot","12":"product_tag-real-madrid-club-de-futbol-2024-25-trikot","13":"product_tag-real-madrid-fussballtrikot","14":"product_tag-real-madrid-trikot","15":"product_tag-real-madrid-trikot-2024","16":"product_tag-real-madrid-trikots","18":"first","19":"instock","20":"shipping-taxable","21":"purchasable","22":"product-type-variable"},"_links":{"self":[{"href":"https:\/\/www.billigtrikotde.com\/hr\/wp-json\/wp\/v2\/product\/18583","targetHints":{"allow":["GET"]}}],"collection":[{"href":"https:\/\/www.billigtrikotde.com\/hr\/wp-json\/wp\/v2\/product"}],"about":[{"href":"https:\/\/www.billigtrikotde.com\/hr\/wp-json\/wp\/v2\/types\/product"}],"replies":[{"embeddable":true,"href":"https:\/\/www.billigtrikotde.com\/hr\/wp-json\/wp\/v2\/comments?post=18583"}],"wp:featuredmedia":[{"embeddable":true,"href":"https:\/\/www.billigtrikotde.com\/hr\/wp-json\/wp\/v2\/media\/18627"}],"wp:attachment":[{"href":"https:\/\/www.billigtrikotde.com\/hr\/wp-json\/wp\/v2\/media?parent=18583"}],"wp:term":[{"taxonomy":"product_brand","embeddable":true,"href":"https:\/\/www.billigtrikotde.com\/hr\/wp-json\/wp\/v2\/product_brand?post=18583"},{"taxonomy":"product_cat","embeddable":true,"href":"https:\/\/www.billigtrikotde.com\/hr\/wp-json\/wp\/v2\/product_cat?post=18583"},{"taxonomy":"product_tag","embeddable":true,"href":"https:\/\/www.billigtrikotde.com\/hr\/wp-json\/wp\/v2\/product_tag?post=18583"}],"curies":[{"name":"wp","href":"https:\/\/api.w.org\/{rel}","templated":true}]}}