{"id":18557,"date":"2024-10-24T10:40:41","date_gmt":"2024-10-24T08:40:41","guid":{"rendered":"http:\/\/billigtrikots.com\/?post_type=product&#038;p=18557"},"modified":"2025-03-13T01:06:23","modified_gmt":"2025-03-13T00:06:23","slug":"fussball-trikot-outlet-manchester-city-heimtrikot-2024-25-kurzarm-kurze-hosen","status":"publish","type":"product","link":"https:\/\/www.billigtrikotde.com\/hr\/fussball-trikot-outlet-manchester-city-heimtrikot-2024-25-kurzarm-kurze-hosen\/","title":{"rendered":"Nogometni dres outlet Manchester City Doma\u0107i dres 2024-25 Kratki rukavi + Kratke hla\u010de"},"content":{"rendered":"<p>Novi Man City dres 2024-25 kombinira klasi\u010dnu nebesko plavu boju s mornarsko plavim aplikacijama i bijelim logotipima. Ono \u0161to posebno isti\u010de Manchester City dres 24-25 su ovratnik i man\u017eete na rukavima. Obje su opremljene jedinstvenom graffiti-inspiriranom 0161 grafikom.<\/p>\n<p>Savjeti za ispis: Ako ime i broj na slici to\u010dno odgovaraju va\u0161im \u017eeljama, ne morate ih ponovno unositi. Ako ne, unesite \u017eeljeno ime i broj.<\/p>\n<p>Savjeti za pranje: Preporu\u010duje se ru\u010dno pranje nogometnih dresova. Ako \u017eelite koristiti perilicu, sjetite se okrenuti dresove naopako prije pranja. Napunite perilicu hladnom vodom i koristite program za osjetljive tkanine kako biste bolje za\u0161titili boje.<\/p>","protected":false},"excerpt":{"rendered":"<p>Novi Man City dres 2024-25 kombinira klasi\u010dnu nebesko plavu boju s mornarsko plavim aplikacijama i bijelim logotipima. Ono \u0161to posebno isti\u010de dres Manchester City 24-25 su ovratnik i man\u017eete na rukavima. Obje su opremljene jedinstvenom grafikom inspiriranom grafitima 0161. Savjeti za tiskanje: Ako je ime i broj na slici to\u010dno va\u0161e [\u2026]<\/p>","protected":false},"featured_media":18607,"comment_status":"open","ping_status":"closed","template":"","meta":[],"product_brand":[],"product_cat":[82],"product_tag":[20,574,21,22,24,1187,1188,84],"class_list":{"0":"post-18557","1":"product","2":"type-product","3":"status-publish","4":"has-post-thumbnail","6":"product_cat-manchester-city","7":"product_tag-coole-fussballtrikots","8":"product_tag-fussballtrikot-deutschland","9":"product_tag-fussballtrikot-fuer-herren","10":"product_tag-fussballtrikot-guenstig-kaufen","11":"product_tag-guenstiges-fussballtrikot","12":"product_tag-manchester-city-auswaertstrikot-2024-25","13":"product_tag-manchester-city-trikot-24-25","14":"product_tag-manchester-city-trikots","16":"first","17":"instock","18":"shipping-taxable","19":"purchasable","20":"product-type-variable"},"_links":{"self":[{"href":"https:\/\/www.billigtrikotde.com\/hr\/wp-json\/wp\/v2\/product\/18557","targetHints":{"allow":["GET"]}}],"collection":[{"href":"https:\/\/www.billigtrikotde.com\/hr\/wp-json\/wp\/v2\/product"}],"about":[{"href":"https:\/\/www.billigtrikotde.com\/hr\/wp-json\/wp\/v2\/types\/product"}],"replies":[{"embeddable":true,"href":"https:\/\/www.billigtrikotde.com\/hr\/wp-json\/wp\/v2\/comments?post=18557"}],"wp:featuredmedia":[{"embeddable":true,"href":"https:\/\/www.billigtrikotde.com\/hr\/wp-json\/wp\/v2\/media\/18607"}],"wp:attachment":[{"href":"https:\/\/www.billigtrikotde.com\/hr\/wp-json\/wp\/v2\/media?parent=18557"}],"wp:term":[{"taxonomy":"product_brand","embeddable":true,"href":"https:\/\/www.billigtrikotde.com\/hr\/wp-json\/wp\/v2\/product_brand?post=18557"},{"taxonomy":"product_cat","embeddable":true,"href":"https:\/\/www.billigtrikotde.com\/hr\/wp-json\/wp\/v2\/product_cat?post=18557"},{"taxonomy":"product_tag","embeddable":true,"href":"https:\/\/www.billigtrikotde.com\/hr\/wp-json\/wp\/v2\/product_tag?post=18557"}],"curies":[{"name":"wp","href":"https:\/\/api.w.org\/{rel}","templated":true}]}}