{"id":1853,"date":"2024-10-23T13:48:50","date_gmt":"2024-10-23T11:48:50","guid":{"rendered":"http:\/\/billigtrikots.com\/?post_type=product&#038;p=1853"},"modified":"2024-10-23T13:50:23","modified_gmt":"2024-10-23T11:50:23","slug":"fussball-trikots-von-bvb-borussia-dortmund-heimtrikot-2022-herren-gelb-mit-aufdruck-raschl-37","status":"publish","type":"product","link":"https:\/\/www.billigtrikotde.com\/hr\/fussball-trikots-von-bvb-borussia-dortmund-heimtrikot-2022-herren-gelb-mit-aufdruck-raschl-37\/","title":{"rendered":"Nogometni dresovi BVB Borussia Dortmund doma\u0107i dres 2022 mu\u0161karci \u017euti s natpisom Raschl 37"},"content":{"rendered":"<p>Nijedan navija\u010d sjajnog kluba Borussia Dortmund ne bi trebao \u017eivjeti bez ovog autenti\u010dnog nogometnog dresa. Ima V-izrez, raglan rukave s umetkom od mre\u017ee i jacquard strukturu na stra\u017enjoj strani za optimalnu prozra\u010dnost. Osim toga, nudi inovativnu tehnologiju dryCELL od PUMA, koja odvodi vlagu od tijela. I naravno, ne smije nedostajati ponosni klubovski logo 09 na prsima.<\/p>\n<p>Savjeti za ispis: Ako ime i broj na slici to\u010dno odgovaraju va\u0161im \u017eeljama, ne morate ih ponovno unositi. Ako ne, unesite \u017eeljeno ime i broj.<\/p>\n<p>Savjeti za pranje: Preporu\u010duje se ru\u010dno pranje nogometnih dresova. Ako \u017eelite koristiti perilicu, sjetite se okrenuti dresove naopako prije pranja. Napunite perilicu hladnom vodom i koristite program za osjetljive tkanine kako biste bolje za\u0161titili boje.<\/p>","protected":false},"excerpt":{"rendered":"<p>Nijedan navija\u010d sjajnog kluba Borussia Dortmund ne bi trebao \u017eivjeti bez ovog autenti\u010dnog nogometnog dresa. Ima V-izrez, raglan rukave s umetkom od mre\u017ee i jacquard strukturu na stra\u017enjoj strani za optimalnu prozra\u010dnost. Osim toga, nudi inovativnu tehnologiju dryCELL od PUMA, koja odvodi vlagu od tijela. I naravno, ponosno na prsima [...]<\/p>","protected":false},"featured_media":1884,"comment_status":"open","ping_status":"closed","template":"","meta":[],"product_brand":[],"product_cat":[63],"product_tag":[20,65,66,21,22,23,24],"class_list":{"0":"post-1853","1":"product","2":"type-product","3":"status-publish","4":"has-post-thumbnail","6":"product_cat-borussia-dortmund","7":"product_tag-coole-fussballtrikots","8":"product_tag-borussia-dortmund-trikots","9":"product_tag-bvb-trikots","10":"product_tag-fussballtrikot-fuer-herren","11":"product_tag-fussballtrikot-guenstig-kaufen","12":"product_tag-fussballtrikot-kurzarm","13":"product_tag-guenstiges-fussballtrikot","15":"first","16":"instock","17":"shipping-taxable","18":"purchasable","19":"product-type-variable"},"_links":{"self":[{"href":"https:\/\/www.billigtrikotde.com\/hr\/wp-json\/wp\/v2\/product\/1853","targetHints":{"allow":["GET"]}}],"collection":[{"href":"https:\/\/www.billigtrikotde.com\/hr\/wp-json\/wp\/v2\/product"}],"about":[{"href":"https:\/\/www.billigtrikotde.com\/hr\/wp-json\/wp\/v2\/types\/product"}],"replies":[{"embeddable":true,"href":"https:\/\/www.billigtrikotde.com\/hr\/wp-json\/wp\/v2\/comments?post=1853"}],"wp:featuredmedia":[{"embeddable":true,"href":"https:\/\/www.billigtrikotde.com\/hr\/wp-json\/wp\/v2\/media\/1884"}],"wp:attachment":[{"href":"https:\/\/www.billigtrikotde.com\/hr\/wp-json\/wp\/v2\/media?parent=1853"}],"wp:term":[{"taxonomy":"product_brand","embeddable":true,"href":"https:\/\/www.billigtrikotde.com\/hr\/wp-json\/wp\/v2\/product_brand?post=1853"},{"taxonomy":"product_cat","embeddable":true,"href":"https:\/\/www.billigtrikotde.com\/hr\/wp-json\/wp\/v2\/product_cat?post=1853"},{"taxonomy":"product_tag","embeddable":true,"href":"https:\/\/www.billigtrikotde.com\/hr\/wp-json\/wp\/v2\/product_tag?post=1853"}],"curies":[{"name":"wp","href":"https:\/\/api.w.org\/{rel}","templated":true}]}}