{"id":18416,"date":"2024-10-24T10:32:39","date_gmt":"2024-10-24T08:32:39","guid":{"rendered":"http:\/\/billigtrikots.com\/?post_type=product&#038;p=18416"},"modified":"2024-10-24T10:38:03","modified_gmt":"2024-10-24T08:38:03","slug":"deutschland-nationalmannschaft-dfb-em-2024-heimtrikot-fuer-kinder-joshua-kimmich-6","status":"publish","type":"product","link":"https:\/\/www.billigtrikotde.com\/hr\/deutschland-nationalmannschaft-dfb-em-2024-heimtrikot-fuer-kinder-joshua-kimmich-6\/","title":{"rendered":"Njema\u010dka reprezentacija DFB Eura 2024 doma\u0107i dres za djecu Joshua Kimmich 6"},"content":{"rendered":"<p>Triko Deutschland 2024 ima moderan i izvanredan dizajn. Naravno, prvenstveno je bijelo. Rukavi imaju trobojni gradijent boja njema\u010dke zastave, uz bijele tri pruge iznad i efekt inspiriran World Cup 1994. Tako nastaje spektakularan izgled. Na prednjoj strani doma\u0107eg dresa Deutschland Euro 2024 nalazi se uzorak koji se sastoji od DFB-loga. I taj uzorak je tako\u0111er inspiriran dresom sa Svjetskog kupa 1994.<\/p>","protected":false},"excerpt":{"rendered":"<p>Das Deutschland 2024 Trikot hat ein modernes und herausragendes Design. Es ist nat\u00fcrlich haupts\u00e4chlich wei\u00df. Die \u00c4rmel haben den dreifarbigen Farbverlauf der deutschen Flagge, mit wei\u00dfen Drei Streifen dar\u00fcber und einem von der WM 1994 inspirierten Effekt. So entsteht ein spektakul\u00e4rer Look.Auf der Vorderseite des Deutschland Euro 2024 Heimtrikots befindet sich ein Muster, das aus [&hellip;]<\/p>","protected":false},"featured_media":18469,"comment_status":"closed","ping_status":"closed","template":"","meta":[],"product_brand":[],"product_cat":[1073],"product_tag":[20,21,22,24],"class_list":{"0":"post-18416","1":"product","2":"type-product","3":"status-publish","4":"has-post-thumbnail","6":"product_cat-em-2024-deutschland","7":"product_tag-coole-fussballtrikots","8":"product_tag-fussballtrikot-fuer-herren","9":"product_tag-fussballtrikot-guenstig-kaufen","10":"product_tag-guenstiges-fussballtrikot","12":"first","13":"instock","14":"purchasable","15":"product-type-variable"},"_links":{"self":[{"href":"https:\/\/www.billigtrikotde.com\/hr\/wp-json\/wp\/v2\/product\/18416","targetHints":{"allow":["GET"]}}],"collection":[{"href":"https:\/\/www.billigtrikotde.com\/hr\/wp-json\/wp\/v2\/product"}],"about":[{"href":"https:\/\/www.billigtrikotde.com\/hr\/wp-json\/wp\/v2\/types\/product"}],"replies":[{"embeddable":true,"href":"https:\/\/www.billigtrikotde.com\/hr\/wp-json\/wp\/v2\/comments?post=18416"}],"wp:featuredmedia":[{"embeddable":true,"href":"https:\/\/www.billigtrikotde.com\/hr\/wp-json\/wp\/v2\/media\/18469"}],"wp:attachment":[{"href":"https:\/\/www.billigtrikotde.com\/hr\/wp-json\/wp\/v2\/media?parent=18416"}],"wp:term":[{"taxonomy":"product_brand","embeddable":true,"href":"https:\/\/www.billigtrikotde.com\/hr\/wp-json\/wp\/v2\/product_brand?post=18416"},{"taxonomy":"product_cat","embeddable":true,"href":"https:\/\/www.billigtrikotde.com\/hr\/wp-json\/wp\/v2\/product_cat?post=18416"},{"taxonomy":"product_tag","embeddable":true,"href":"https:\/\/www.billigtrikotde.com\/hr\/wp-json\/wp\/v2\/product_tag?post=18416"}],"curies":[{"name":"wp","href":"https:\/\/api.w.org\/{rel}","templated":true}]}}