{"id":18389,"date":"2024-10-24T10:31:02","date_gmt":"2024-10-24T08:31:02","guid":{"rendered":"http:\/\/billigtrikots.com\/?post_type=product&#038;p=18389"},"modified":"2024-10-24T10:38:59","modified_gmt":"2024-10-24T08:38:59","slug":"spanien-euro-2024-auswaertstrikot-kurzarm-fussballtrikots-kaufen","status":"publish","type":"product","link":"https:\/\/www.billigtrikotde.com\/hr\/spanien-euro-2024-auswaertstrikot-kurzarm-fussballtrikots-kaufen\/","title":{"rendered":"\u0160panjolska EURO 2024 gostuju\u0107i dres kratkih rukava kupiti nogometne dresove"},"content":{"rendered":"<p>Das Spanien 2024 Ausw\u00e4rtstrikot hat eine frische und auff\u00e4llige Farbkombination. Es ist vor allem blass neongelb, m\u00f6glicherweise inspiriert von den Sandd\u00fcnen des Landes.Ein einzigartiges Merkmal des Spanien Euro 2024 Ausw\u00e4rtstrikots sind die Paneele &#8211; die hellblauen Paneele sind mit einer Sandd\u00fcnengrafik versehen.<\/p>\n<p>Savjeti za ispis: Ako ime i broj na slici to\u010dno odgovaraju va\u0161im \u017eeljama, ne morate ih ponovno unositi. Ako ne, unesite \u017eeljeno ime i broj.<\/p>\n<p>Savjeti za pranje: Preporu\u010duje se ru\u010dno pranje nogometnih dresova. Ako \u017eelite koristiti perilicu, sjetite se okrenuti dresove naopako prije pranja. Napunite perilicu hladnom vodom i koristite program za osjetljive tkanine kako biste bolje za\u0161titili boje.<\/p>","protected":false},"excerpt":{"rendered":"<p>Gostuju\u0107a majica \u0160panjolske za 2024. ima svje\u017eu i upadljivu kombinaciju boja. Prije svega je blijedo neonsko \u017euta, mo\u017eda inspirirana pje\u0161\u010danim dinama zemlje. Jedinstvena zna\u010dajka gostuju\u0107e majice \u0160panjolske za Euro 2024 su paneli \u2013 svijetloplavi paneli su ukra\u0161eni grafikom pje\u0161\u010danih dina. Savjeti za tiskanje: Ako je ime i broj na slici to\u010dan [\u2026]<\/p>","protected":false},"featured_media":18439,"comment_status":"closed","ping_status":"closed","template":"","meta":[],"product_brand":[],"product_cat":[1079],"product_tag":[20,21,22,24],"class_list":{"0":"post-18389","1":"product","2":"type-product","3":"status-publish","4":"has-post-thumbnail","6":"product_cat-em-2024-spanien","7":"product_tag-coole-fussballtrikots","8":"product_tag-fussballtrikot-fuer-herren","9":"product_tag-fussballtrikot-guenstig-kaufen","10":"product_tag-guenstiges-fussballtrikot","12":"first","13":"instock","14":"purchasable","15":"product-type-variable"},"_links":{"self":[{"href":"https:\/\/www.billigtrikotde.com\/hr\/wp-json\/wp\/v2\/product\/18389","targetHints":{"allow":["GET"]}}],"collection":[{"href":"https:\/\/www.billigtrikotde.com\/hr\/wp-json\/wp\/v2\/product"}],"about":[{"href":"https:\/\/www.billigtrikotde.com\/hr\/wp-json\/wp\/v2\/types\/product"}],"replies":[{"embeddable":true,"href":"https:\/\/www.billigtrikotde.com\/hr\/wp-json\/wp\/v2\/comments?post=18389"}],"wp:featuredmedia":[{"embeddable":true,"href":"https:\/\/www.billigtrikotde.com\/hr\/wp-json\/wp\/v2\/media\/18439"}],"wp:attachment":[{"href":"https:\/\/www.billigtrikotde.com\/hr\/wp-json\/wp\/v2\/media?parent=18389"}],"wp:term":[{"taxonomy":"product_brand","embeddable":true,"href":"https:\/\/www.billigtrikotde.com\/hr\/wp-json\/wp\/v2\/product_brand?post=18389"},{"taxonomy":"product_cat","embeddable":true,"href":"https:\/\/www.billigtrikotde.com\/hr\/wp-json\/wp\/v2\/product_cat?post=18389"},{"taxonomy":"product_tag","embeddable":true,"href":"https:\/\/www.billigtrikotde.com\/hr\/wp-json\/wp\/v2\/product_tag?post=18389"}],"curies":[{"name":"wp","href":"https:\/\/api.w.org\/{rel}","templated":true}]}}