{"id":18365,"date":"2024-10-24T10:29:54","date_gmt":"2024-10-24T08:29:54","guid":{"rendered":"http:\/\/billigtrikots.com\/?post_type=product&#038;p=18365"},"modified":"2024-10-24T10:32:33","modified_gmt":"2024-10-24T08:32:33","slug":"guenstige-fussballtrikots-herren-argentinien-auswaertstrikot-2024-25-online-kaufen","status":"publish","type":"product","link":"https:\/\/www.billigtrikotde.com\/hr\/guenstige-fussballtrikots-herren-argentinien-auswaertstrikot-2024-25-online-kaufen\/","title":{"rendered":"Povoljni mu\u0161ki dresovi za nogomet Argentina gostuju\u0107i dres 2024-25 online kupiti"},"content":{"rendered":"<p>Povoljne mu\u0161ke nogometne majice Argentina gostuju\u0107a majica 2024-25 s natpisom Lionel Messi. Gostuju\u0107a majica Argentina 2024 kombinira kraljevsko-plavu osnovnu boju s bojama argentinske zastave, bijelom i neboplavom. Three Stripes su vjerojatno svijetloplave, AFA grb je nebeskoplavi i bijeli. Plava boja argentinske 2024 gostuju\u0107e majice sli\u010dna je boji argentinskih gostuju\u0107ih dresova do kraja 90-ih godina, prije nego \u0161to je mornarsko plava postala uobi\u010dajeni izbor. Grb udru\u017eenja bit \u0107e dvobojan u neboplavo i bijelo. Ono \u0161to argentinsku 2024 gostuju\u0107u majicu \u010dini jedinstvenom, \u010dinjenica je detalj koji evocira sje\u0107anja na Svjetsko prvenstvo 2006 \u2014 stranica ima panel nalik timskoj du\u0161i s neboplavim i bijelim bojama argentinske zastave. Argentinska gostuju\u0107a majica 2006. bila je no\u0161ena od strane Messija kada je debitirao na Svjetskom prvenstvu, a 2024. gostuju\u0107a majica jasna je homa\u017ea ovom dizajnu.<\/p>\n<p>Savjeti za ispis: Ako ime i broj na slici to\u010dno odgovaraju va\u0161im \u017eeljama, ne morate ih ponovno unositi. Ako ne, unesite \u017eeljeno ime i broj.<\/p>\n<p>Savjeti za pranje: Preporu\u010duje se ru\u010dno pranje nogometnih dresova. Ako \u017eelite koristiti perilicu, sjetite se okrenuti dresove naopako prije pranja. Napunite perilicu hladnom vodom i koristite program za osjetljive tkanine kako biste bolje za\u0161titili boje.<\/p>","protected":false},"excerpt":{"rendered":"<p>G\u00fcnstige Fu\u00dfballtrikots Herren Argentinien Ausw\u00e4rtstrikot 2024-25 Online Kaufen.Das Argentinien 2024 Ausw\u00e4rtstrikot kombiniert eine k\u00f6nigsblaue Grundfarbe mit den Farben der argentinischen Flagge, Wei\u00df und Himmelblau. Die Three Stripes sind wahrscheinlich hellblau, das AFA-Wappen ist himmelblau und wei\u00df.Die blaue Farbe des Argentinien 2024-Ausw\u00e4rtstrikots \u00e4hnelt der Farbe der argentinischen Ausw\u00e4rtstrikots bis Ende der 90er Jahre, bevor Marineblau die [&hellip;]<\/p>","protected":false},"featured_media":18410,"comment_status":"open","ping_status":"closed","template":"","meta":[],"product_brand":[],"product_cat":[325],"product_tag":[1186,1119,20,21,22,24],"class_list":{"0":"post-18365","1":"product","2":"type-product","3":"status-publish","4":"has-post-thumbnail","6":"product_cat-argentinien-trikots","7":"product_tag-argentinien-2024-25-trikots","8":"product_tag-argentinien-fussballtrikots","9":"product_tag-coole-fussballtrikots","10":"product_tag-fussballtrikot-fuer-herren","11":"product_tag-fussballtrikot-guenstig-kaufen","12":"product_tag-guenstiges-fussballtrikot","14":"first","15":"instock","16":"shipping-taxable","17":"purchasable","18":"product-type-variable"},"_links":{"self":[{"href":"https:\/\/www.billigtrikotde.com\/hr\/wp-json\/wp\/v2\/product\/18365","targetHints":{"allow":["GET"]}}],"collection":[{"href":"https:\/\/www.billigtrikotde.com\/hr\/wp-json\/wp\/v2\/product"}],"about":[{"href":"https:\/\/www.billigtrikotde.com\/hr\/wp-json\/wp\/v2\/types\/product"}],"replies":[{"embeddable":true,"href":"https:\/\/www.billigtrikotde.com\/hr\/wp-json\/wp\/v2\/comments?post=18365"}],"wp:featuredmedia":[{"embeddable":true,"href":"https:\/\/www.billigtrikotde.com\/hr\/wp-json\/wp\/v2\/media\/18410"}],"wp:attachment":[{"href":"https:\/\/www.billigtrikotde.com\/hr\/wp-json\/wp\/v2\/media?parent=18365"}],"wp:term":[{"taxonomy":"product_brand","embeddable":true,"href":"https:\/\/www.billigtrikotde.com\/hr\/wp-json\/wp\/v2\/product_brand?post=18365"},{"taxonomy":"product_cat","embeddable":true,"href":"https:\/\/www.billigtrikotde.com\/hr\/wp-json\/wp\/v2\/product_cat?post=18365"},{"taxonomy":"product_tag","embeddable":true,"href":"https:\/\/www.billigtrikotde.com\/hr\/wp-json\/wp\/v2\/product_tag?post=18365"}],"curies":[{"name":"wp","href":"https:\/\/api.w.org\/{rel}","templated":true}]}}