{"id":18313,"date":"2024-10-24T10:27:12","date_gmt":"2024-10-24T08:27:12","guid":{"rendered":"http:\/\/billigtrikots.com\/?post_type=product&#038;p=18313"},"modified":"2024-10-24T10:30:20","modified_gmt":"2024-10-24T08:30:20","slug":"venezuela-auswaertstrikot-copa-america-2024-nationalmannschaft-kurzarm","status":"publish","type":"product","link":"https:\/\/www.billigtrikotde.com\/hr\/venezuela-auswaertstrikot-copa-america-2024-nationalmannschaft-kurzarm\/","title":{"rendered":"Venezuela gostuju\u0107i dres Copa Am\u00e9rica 2024 reprezentacija kratki rukav"},"content":{"rendered":"<p>Venezuela gostuju\u0107i dres Copa Am\u00e9rica 2024 reprezentacija kratki rukav<\/p>","protected":false},"excerpt":{"rendered":"<p>Venezuela gostuju\u0107i dres Copa Am\u00e9rica 2024 reprezentacija kratki rukav<\/p>","protected":false},"featured_media":18363,"comment_status":"open","ping_status":"closed","template":"","meta":[],"product_brand":[],"product_cat":[111],"product_tag":[20,21,22,24,1178,1179,1180,1181],"class_list":{"0":"post-18313","1":"product","2":"type-product","3":"status-publish","4":"has-post-thumbnail","6":"product_cat-nationaltrikot","7":"product_tag-coole-fussballtrikots","8":"product_tag-fussballtrikot-fuer-herren","9":"product_tag-fussballtrikot-guenstig-kaufen","10":"product_tag-guenstiges-fussballtrikot","11":"product_tag-venezuela-auswaerts-2024","12":"product_tag-venezuela-copa-america-2024","13":"product_tag-venezuela-fussballtrikots","14":"product_tag-venezuela-heim-2024","16":"first","17":"instock","18":"shipping-taxable","19":"purchasable","20":"product-type-variable"},"_links":{"self":[{"href":"https:\/\/www.billigtrikotde.com\/hr\/wp-json\/wp\/v2\/product\/18313","targetHints":{"allow":["GET"]}}],"collection":[{"href":"https:\/\/www.billigtrikotde.com\/hr\/wp-json\/wp\/v2\/product"}],"about":[{"href":"https:\/\/www.billigtrikotde.com\/hr\/wp-json\/wp\/v2\/types\/product"}],"replies":[{"embeddable":true,"href":"https:\/\/www.billigtrikotde.com\/hr\/wp-json\/wp\/v2\/comments?post=18313"}],"wp:featuredmedia":[{"embeddable":true,"href":"https:\/\/www.billigtrikotde.com\/hr\/wp-json\/wp\/v2\/media\/18363"}],"wp:attachment":[{"href":"https:\/\/www.billigtrikotde.com\/hr\/wp-json\/wp\/v2\/media?parent=18313"}],"wp:term":[{"taxonomy":"product_brand","embeddable":true,"href":"https:\/\/www.billigtrikotde.com\/hr\/wp-json\/wp\/v2\/product_brand?post=18313"},{"taxonomy":"product_cat","embeddable":true,"href":"https:\/\/www.billigtrikotde.com\/hr\/wp-json\/wp\/v2\/product_cat?post=18313"},{"taxonomy":"product_tag","embeddable":true,"href":"https:\/\/www.billigtrikotde.com\/hr\/wp-json\/wp\/v2\/product_tag?post=18313"}],"curies":[{"name":"wp","href":"https:\/\/api.w.org\/{rel}","templated":true}]}}