{"id":18311,"date":"2024-10-24T10:27:10","date_gmt":"2024-10-24T08:27:10","guid":{"rendered":"http:\/\/billigtrikots.com\/?post_type=product&#038;p=18311"},"modified":"2024-10-24T10:29:49","modified_gmt":"2024-10-24T08:29:49","slug":"billige-usa-heimtrikot-copa-america-2024-kurzarm-fuer-herren","status":"publish","type":"product","link":"https:\/\/www.billigtrikotde.com\/hr\/billige-usa-heimtrikot-copa-america-2024-kurzarm-fuer-herren\/","title":{"rendered":"Jeftini doma\u0107i dres za nogomet Copa Am\u00e9rica 2024 kratki rukav za mu\u0161karce"},"content":{"rendered":"<p>To je <strong>Trikot za nogomet USA 2024<\/strong> ima klasi\u010dan i, ipak, jedinstven dizajn. Spojuje bijelu osnovnu boju s mornim plavim i crvenim. Poseban dio trika za 2024. godinu su ovratnik i zavr\u0161eci rukava. Ovratnik je izra\u0111en sa pola i pola uzorkom koji prikazuje zastavu zemlje i nastavlja se i na man\u017eetama rukava.<\/p>","protected":false},"excerpt":{"rendered":"<p>ima klasi\u010dan i, ipak, jedinstven dizajn. Spojuje bijelu osnovnu boju s mornim plavim i crvenim. Poseban dio trika za 2024. godinu su ovratnik i zavr\u0161eci rukava. Ovratnik je izra\u0111en sa pola i pola uzorkom koji prikazuje zastavu zemlje i nastavlja se i na man\u017eetama rukava.<\/p>","protected":false},"featured_media":18361,"comment_status":"open","ping_status":"closed","template":"","meta":[],"product_brand":[],"product_cat":[245],"product_tag":[20,21,22,24,1174,1175,1176,1177],"class_list":{"0":"post-18311","1":"product","2":"type-product","3":"status-publish","4":"has-post-thumbnail","6":"product_cat-usa-trikots","7":"product_tag-coole-fussballtrikots","8":"product_tag-fussballtrikot-fuer-herren","9":"product_tag-fussballtrikot-guenstig-kaufen","10":"product_tag-guenstiges-fussballtrikot","11":"product_tag-usa-auswaerts-2024","12":"product_tag-usa-copa-america-2024","13":"product_tag-usa-fussballtrikots","14":"product_tag-usa-heim-2024","16":"first","17":"instock","18":"shipping-taxable","19":"purchasable","20":"product-type-variable"},"_links":{"self":[{"href":"https:\/\/www.billigtrikotde.com\/hr\/wp-json\/wp\/v2\/product\/18311","targetHints":{"allow":["GET"]}}],"collection":[{"href":"https:\/\/www.billigtrikotde.com\/hr\/wp-json\/wp\/v2\/product"}],"about":[{"href":"https:\/\/www.billigtrikotde.com\/hr\/wp-json\/wp\/v2\/types\/product"}],"replies":[{"embeddable":true,"href":"https:\/\/www.billigtrikotde.com\/hr\/wp-json\/wp\/v2\/comments?post=18311"}],"wp:featuredmedia":[{"embeddable":true,"href":"https:\/\/www.billigtrikotde.com\/hr\/wp-json\/wp\/v2\/media\/18361"}],"wp:attachment":[{"href":"https:\/\/www.billigtrikotde.com\/hr\/wp-json\/wp\/v2\/media?parent=18311"}],"wp:term":[{"taxonomy":"product_brand","embeddable":true,"href":"https:\/\/www.billigtrikotde.com\/hr\/wp-json\/wp\/v2\/product_brand?post=18311"},{"taxonomy":"product_cat","embeddable":true,"href":"https:\/\/www.billigtrikotde.com\/hr\/wp-json\/wp\/v2\/product_cat?post=18311"},{"taxonomy":"product_tag","embeddable":true,"href":"https:\/\/www.billigtrikotde.com\/hr\/wp-json\/wp\/v2\/product_tag?post=18311"}],"curies":[{"name":"wp","href":"https:\/\/api.w.org\/{rel}","templated":true}]}}