{"id":18282,"date":"2024-10-24T10:25:30","date_gmt":"2024-10-24T08:25:30","guid":{"rendered":"http:\/\/billigtrikots.com\/?post_type=product&#038;p=18282"},"modified":"2024-10-24T10:28:10","modified_gmt":"2024-10-24T08:28:10","slug":"neues-kolumbien-auswaertstrikot-copa-america-2024-mit-namen-luis-diaz-7","status":"publish","type":"product","link":"https:\/\/www.billigtrikotde.com\/hr\/neues-kolumbien-auswaertstrikot-copa-america-2024-mit-namen-luis-diaz-7\/","title":{"rendered":"Novi mu\u0161ki gostuju\u0107i dres Kolumbije Copa Am\u00e9rica 2024 s imenom Luis D\u00edaz 7"},"content":{"rendered":"<p>Kolumbija 2024 gostuju\u0107i dres ima moderne sheme boja. Glavni je crn, kombiniran s upadljivim naran\u010dastim logotipima i aplikacijama. Dizajn dresa Kolumbija 2024 Copa America gostuju\u0107i dres je diskretno moderan i istovremeno koristi 2024 \u0161ablon kao privla\u010dnu to\u010dku. I gornji i donji dio dresa su u upadljivoj naran\u010dastoj boji.<\/p>","protected":false},"excerpt":{"rendered":"<p>Kolumbija 2024 gostuju\u0107i dres ima moderne sheme boja. Glavni je crn, kombiniran s upadljivim naran\u010dastim logotipima i aplikacijama. Dizajn dresa Kolumbija 2024 Copa America gostuju\u0107i dres je diskretno moderan i istovremeno koristi 2024 \u0161ablon kao privla\u010dnu to\u010dku. I gornji i donji dio dresa su u upadljivoj naran\u010dastoj boji.<\/p>","protected":false},"featured_media":18327,"comment_status":"open","ping_status":"closed","template":"","meta":[],"product_brand":[],"product_cat":[1158],"product_tag":[20,21,22,24,1159,1160,1161,1162,1163,1164],"class_list":{"0":"post-18282","1":"product","2":"type-product","3":"status-publish","4":"has-post-thumbnail","6":"product_cat-kolumbien-trikots","7":"product_tag-coole-fussballtrikots","8":"product_tag-fussballtrikot-fuer-herren","9":"product_tag-fussballtrikot-guenstig-kaufen","10":"product_tag-guenstiges-fussballtrikot","11":"product_tag-kolumbien-auswaerts-2024","12":"product_tag-kolumbien-copa-america-2024","13":"product_tag-kolumbien-fussballtrikots","14":"product_tag-kolumbien-heim-2024","15":"product_tag-luis-diaz-copa-america-2024","16":"product_tag-luis-diaz-fussballtrikots","18":"first","19":"instock","20":"shipping-taxable","21":"purchasable","22":"product-type-variable"},"_links":{"self":[{"href":"https:\/\/www.billigtrikotde.com\/hr\/wp-json\/wp\/v2\/product\/18282","targetHints":{"allow":["GET"]}}],"collection":[{"href":"https:\/\/www.billigtrikotde.com\/hr\/wp-json\/wp\/v2\/product"}],"about":[{"href":"https:\/\/www.billigtrikotde.com\/hr\/wp-json\/wp\/v2\/types\/product"}],"replies":[{"embeddable":true,"href":"https:\/\/www.billigtrikotde.com\/hr\/wp-json\/wp\/v2\/comments?post=18282"}],"wp:featuredmedia":[{"embeddable":true,"href":"https:\/\/www.billigtrikotde.com\/hr\/wp-json\/wp\/v2\/media\/18327"}],"wp:attachment":[{"href":"https:\/\/www.billigtrikotde.com\/hr\/wp-json\/wp\/v2\/media?parent=18282"}],"wp:term":[{"taxonomy":"product_brand","embeddable":true,"href":"https:\/\/www.billigtrikotde.com\/hr\/wp-json\/wp\/v2\/product_brand?post=18282"},{"taxonomy":"product_cat","embeddable":true,"href":"https:\/\/www.billigtrikotde.com\/hr\/wp-json\/wp\/v2\/product_cat?post=18282"},{"taxonomy":"product_tag","embeddable":true,"href":"https:\/\/www.billigtrikotde.com\/hr\/wp-json\/wp\/v2\/product_tag?post=18282"}],"curies":[{"name":"wp","href":"https:\/\/api.w.org\/{rel}","templated":true}]}}