{"id":18260,"date":"2024-10-24T10:24:22","date_gmt":"2024-10-24T08:24:22","guid":{"rendered":"http:\/\/billigtrikots.com\/?post_type=product&#038;p=18260"},"modified":"2024-10-24T10:27:34","modified_gmt":"2024-10-24T08:27:34","slug":"neue-argentinien-heimtrikot-copa-america-2024-mit-aufdruck-messi-10","status":"publish","type":"product","link":"https:\/\/www.billigtrikotde.com\/hr\/neue-argentinien-heimtrikot-copa-america-2024-mit-aufdruck-messi-10\/","title":{"rendered":"Novi doma\u0107i dres Argentine Copa Am\u00e9rica 2024 s natpisom Messi 10"},"content":{"rendered":"<p>Dres za 2024. godinu prikazuje tradicionalne bijele i nebesko plave pruge zemlje, kombinirane s zlatnim logotipima, aplikacijama i zlatnim slovima. Argentina je osvojila i Copa Am\u00e9rica 2021. i Svjetsko prvenstvo 2022., stoga su zlatni elementi prikladan hommage. Pruge dresa za Argentinu 2024. su klasi\u010dne, s plavom prugom u sredini i bijelim prugama s AFA logotipom. Argentina koristi blago a\u017eurirani logo s 3 zvjezdice, pri \u010demu je tre\u0107a zvijezda postavljena malo vi\u0161e od dvije prve svjetske prvake.<\/p>","protected":false},"excerpt":{"rendered":"<p>Dres za 2024. godinu prikazuje tradicionalne bijele i nebesko plave pruge zemlje, kombinirane s zlatnim logotipima, aplikacijama i zlatnim napisom. Argentina je osvojila i Copa Am\u00e9rica 2021. i Svjetsko prvenstvo 2022., stoga su zlatni elementi prikladan hommage. Pruge na dresu Argentine 2024. su klasi\u010dne, s plavom prugom u sredini [\u2026]<\/p>","protected":false},"featured_media":18307,"comment_status":"open","ping_status":"closed","template":"","meta":[],"product_brand":[],"product_cat":[325],"product_tag":[1118,1119,20,21,22,24,1153,1154,1155,1156,1157],"class_list":{"0":"post-18260","1":"product","2":"type-product","3":"status-publish","4":"has-post-thumbnail","6":"product_cat-argentinien-trikots","7":"product_tag-argentinien-copa-america-2024","8":"product_tag-argentinien-fussballtrikots","9":"product_tag-coole-fussballtrikots","10":"product_tag-fussballtrikot-fuer-herren","11":"product_tag-fussballtrikot-guenstig-kaufen","12":"product_tag-guenstiges-fussballtrikot","13":"product_tag-lionel-messi-auswaerts-2024","14":"product_tag-lionel-messi-copa-america-2024","15":"product_tag-lionel-messi-fussballtrikots","16":"product_tag-lionel-messi-heim-2024","17":"product_tag-lionel-messi-kinder","19":"first","20":"instock","21":"shipping-taxable","22":"purchasable","23":"product-type-variable"},"_links":{"self":[{"href":"https:\/\/www.billigtrikotde.com\/hr\/wp-json\/wp\/v2\/product\/18260","targetHints":{"allow":["GET"]}}],"collection":[{"href":"https:\/\/www.billigtrikotde.com\/hr\/wp-json\/wp\/v2\/product"}],"about":[{"href":"https:\/\/www.billigtrikotde.com\/hr\/wp-json\/wp\/v2\/types\/product"}],"replies":[{"embeddable":true,"href":"https:\/\/www.billigtrikotde.com\/hr\/wp-json\/wp\/v2\/comments?post=18260"}],"wp:featuredmedia":[{"embeddable":true,"href":"https:\/\/www.billigtrikotde.com\/hr\/wp-json\/wp\/v2\/media\/18307"}],"wp:attachment":[{"href":"https:\/\/www.billigtrikotde.com\/hr\/wp-json\/wp\/v2\/media?parent=18260"}],"wp:term":[{"taxonomy":"product_brand","embeddable":true,"href":"https:\/\/www.billigtrikotde.com\/hr\/wp-json\/wp\/v2\/product_brand?post=18260"},{"taxonomy":"product_cat","embeddable":true,"href":"https:\/\/www.billigtrikotde.com\/hr\/wp-json\/wp\/v2\/product_cat?post=18260"},{"taxonomy":"product_tag","embeddable":true,"href":"https:\/\/www.billigtrikotde.com\/hr\/wp-json\/wp\/v2\/product_tag?post=18260"}],"curies":[{"name":"wp","href":"https:\/\/api.w.org\/{rel}","templated":true}]}}