{"id":18010,"date":"2024-10-24T10:11:43","date_gmt":"2024-10-24T08:11:43","guid":{"rendered":"http:\/\/billigtrikots.com\/?post_type=product&#038;p=18010"},"modified":"2024-10-24T10:14:22","modified_gmt":"2024-10-24T08:14:22","slug":"herren-belgien-euro-2024-auswaertstrikot-em-24-25-yannick-carrasco-11","status":"publish","type":"product","link":"https:\/\/www.billigtrikotde.com\/hr\/herren-belgien-euro-2024-auswaertstrikot-em-24-25-yannick-carrasco-11\/","title":{"rendered":"Mu\u0161ki Belgija EURO 2024 gostuju\u0107i dres EM 24-25 Yannick Carrasco 11"},"content":{"rendered":"<p>Mu\u0161ki Belgija EURO 2024 gostuju\u0107i dres EM 24-25 Yannick Carrasco 11<\/p>","protected":false},"excerpt":{"rendered":"<p>Mu\u0161ki Belgija EURO 2024 gostuju\u0107i dres EM 24-25 Yannick Carrasco 11<\/p>","protected":false},"featured_media":18059,"comment_status":"open","ping_status":"closed","template":"","meta":[],"product_brand":[],"product_cat":[1083,1072],"product_tag":[1084,20,1085,1076,1077,21,22,23,24],"class_list":{"0":"post-18010","1":"product","2":"type-product","3":"status-publish","4":"has-post-thumbnail","6":"product_cat-em-2024-belgien","7":"product_cat-em-2024-trikots","8":"product_tag-belgien-trikot-em-2024","9":"product_tag-coole-fussballtrikots","10":"product_tag-carrasco-fussballtrikots","11":"product_tag-em-2024-trikot","12":"product_tag-em-2024-trikot-herren","13":"product_tag-fussballtrikot-fuer-herren","14":"product_tag-fussballtrikot-guenstig-kaufen","15":"product_tag-fussballtrikot-kurzarm","16":"product_tag-guenstiges-fussballtrikot","18":"first","19":"instock","20":"shipping-taxable","21":"purchasable","22":"product-type-variable"},"_links":{"self":[{"href":"https:\/\/www.billigtrikotde.com\/hr\/wp-json\/wp\/v2\/product\/18010","targetHints":{"allow":["GET"]}}],"collection":[{"href":"https:\/\/www.billigtrikotde.com\/hr\/wp-json\/wp\/v2\/product"}],"about":[{"href":"https:\/\/www.billigtrikotde.com\/hr\/wp-json\/wp\/v2\/types\/product"}],"replies":[{"embeddable":true,"href":"https:\/\/www.billigtrikotde.com\/hr\/wp-json\/wp\/v2\/comments?post=18010"}],"wp:featuredmedia":[{"embeddable":true,"href":"https:\/\/www.billigtrikotde.com\/hr\/wp-json\/wp\/v2\/media\/18059"}],"wp:attachment":[{"href":"https:\/\/www.billigtrikotde.com\/hr\/wp-json\/wp\/v2\/media?parent=18010"}],"wp:term":[{"taxonomy":"product_brand","embeddable":true,"href":"https:\/\/www.billigtrikotde.com\/hr\/wp-json\/wp\/v2\/product_brand?post=18010"},{"taxonomy":"product_cat","embeddable":true,"href":"https:\/\/www.billigtrikotde.com\/hr\/wp-json\/wp\/v2\/product_cat?post=18010"},{"taxonomy":"product_tag","embeddable":true,"href":"https:\/\/www.billigtrikotde.com\/hr\/wp-json\/wp\/v2\/product_tag?post=18010"}],"curies":[{"name":"wp","href":"https:\/\/api.w.org\/{rel}","templated":true}]}}