{"id":17968,"date":"2024-10-24T10:09:44","date_gmt":"2024-10-24T08:09:44","guid":{"rendered":"http:\/\/billigtrikots.com\/?post_type=product&#038;p=17968"},"modified":"2024-10-24T10:12:06","modified_gmt":"2024-10-24T08:12:06","slug":"fussball-trikot-spanien-euro-2024-heimtrikot-em-24-rot-mit-aufdruck-pedri-26","status":"publish","type":"product","link":"https:\/\/www.billigtrikotde.com\/hr\/fussball-trikot-spanien-euro-2024-heimtrikot-em-24-rot-mit-aufdruck-pedri-26\/","title":{"rendered":"Nogometni dres \u0160panjolska Euro 2024 doma\u0107i dres EP 24 Crveni s natpisom Pedri 26"},"content":{"rendered":"<p>\u0160panjolska 2024.dres ima upadljiv izgled koji \u0107e 2024 predlo\u017eak isticati. Kombinira bogatu crvenu boju s bogatom \u017eutom za sve logotipe i aplikacije. Vrlo je diskretan, ali dres 2024 \u0160panjolske ima valoviti\/ppje\u0161\u0107an uzorak koji je ugra\u0111en u dizajn.<\/p>\n<p>Savjeti za ispis: Ako ime i broj na slici to\u010dno odgovaraju va\u0161im \u017eeljama, ne morate ih ponovno unositi. Ako ne, unesite \u017eeljeno ime i broj.<\/p>\n<p>Savjeti za pranje: Preporu\u010duje se ru\u010dno pranje nogometnih dresova. Ako \u017eelite koristiti perilicu, sjetite se okrenuti dresove naopako prije pranja. Napunite perilicu hladnom vodom i koristite program za osjetljive tkanine kako biste bolje za\u0161titili boje.<\/p>","protected":false},"excerpt":{"rendered":"<p>\u0160panjolska 2024 dres ima upe\u010datljiv izgled koji izdvaja 2024 predlo\u017eak. Kombinira bogatu crvenu boju s bogatim \u017eutom za sve logotipe i aplikacije. Vrlo je diskretan, ali dres 2024 \u0160panjolske ima obrazac valova\/pje\u0161\u010dane teksture koji je integriran u dizajn. Savjeti za tiskanje: Kada je ime i broj [\u2026]<\/p>","protected":false},"featured_media":18004,"comment_status":"open","ping_status":"closed","template":"","meta":[],"product_brand":[],"product_cat":[1079,1072],"product_tag":[20,1076,1077,22,426,24,1080],"class_list":{"0":"post-17968","1":"product","2":"type-product","3":"status-publish","4":"has-post-thumbnail","6":"product_cat-em-2024-spanien","7":"product_cat-em-2024-trikots","8":"product_tag-coole-fussballtrikots","9":"product_tag-em-2024-trikot","10":"product_tag-em-2024-trikot-herren","11":"product_tag-fussballtrikot-guenstig-kaufen","12":"product_tag-fussballtrikots-kurzarm","13":"product_tag-guenstiges-fussballtrikot","14":"product_tag-spanien-trikot-em-2024","16":"first","17":"instock","18":"shipping-taxable","19":"purchasable","20":"product-type-variable"},"_links":{"self":[{"href":"https:\/\/www.billigtrikotde.com\/hr\/wp-json\/wp\/v2\/product\/17968","targetHints":{"allow":["GET"]}}],"collection":[{"href":"https:\/\/www.billigtrikotde.com\/hr\/wp-json\/wp\/v2\/product"}],"about":[{"href":"https:\/\/www.billigtrikotde.com\/hr\/wp-json\/wp\/v2\/types\/product"}],"replies":[{"embeddable":true,"href":"https:\/\/www.billigtrikotde.com\/hr\/wp-json\/wp\/v2\/comments?post=17968"}],"wp:featuredmedia":[{"embeddable":true,"href":"https:\/\/www.billigtrikotde.com\/hr\/wp-json\/wp\/v2\/media\/18004"}],"wp:attachment":[{"href":"https:\/\/www.billigtrikotde.com\/hr\/wp-json\/wp\/v2\/media?parent=17968"}],"wp:term":[{"taxonomy":"product_brand","embeddable":true,"href":"https:\/\/www.billigtrikotde.com\/hr\/wp-json\/wp\/v2\/product_brand?post=17968"},{"taxonomy":"product_cat","embeddable":true,"href":"https:\/\/www.billigtrikotde.com\/hr\/wp-json\/wp\/v2\/product_cat?post=17968"},{"taxonomy":"product_tag","embeddable":true,"href":"https:\/\/www.billigtrikotde.com\/hr\/wp-json\/wp\/v2\/product_tag?post=17968"}],"curies":[{"name":"wp","href":"https:\/\/api.w.org\/{rel}","templated":true}]}}