{"id":17938,"date":"2024-10-24T10:08:04","date_gmt":"2024-10-24T08:08:04","guid":{"rendered":"http:\/\/billigtrikots.com\/?post_type=product&#038;p=17938"},"modified":"2024-10-24T10:10:17","modified_gmt":"2024-10-24T08:10:17","slug":"spanien-trikot-euro-2024-auswaertstrikot-em-24-hellgelben-kurzarm-alvaro-morata-7","status":"publish","type":"product","link":"https:\/\/www.billigtrikotde.com\/hr\/spanien-trikot-euro-2024-auswaertstrikot-em-24-hellgelben-kurzarm-alvaro-morata-7\/","title":{"rendered":"\u0160panjolski dres Euro 2024 gostuju\u0107i dres EP 24 svijetlo\u017eute kratkih rukava Alvaro Morata 7"},"content":{"rendered":"<p>Dres za goste \u0160panjolske 2024. ima svje\u017eu i upadljivu kombinaciju boja. Prije svega je blijedo neonsko \u017euta, mo\u017eda inspirirana pje\u0161\u010danim dinama zemlje. Slu\u017ebeno se naziv boje za dres goste \u0160panjolske 2024. glasi \u201ePulse Yellow\u201c. Jedinstvena zna\u010dajka dresa goste \u0160panjolske Euro 2024 su paneli \u2013 svijetloplavi paneli su opremljeni grafikom pje\u0161\u010danih dina.<\/p>\n<p>Savjeti za ispis: Ako ime i broj na slici to\u010dno odgovaraju va\u0161im \u017eeljama, ne morate ih ponovno unositi. Ako ne, unesite \u017eeljeno ime i broj.<\/p>\n<p>Savjeti za pranje: Preporu\u010duje se ru\u010dno pranje nogometnih dresova. Ako \u017eelite koristiti perilicu, sjetite se okrenuti dresove naopako prije pranja. Napunite perilicu hladnom vodom i koristite program za osjetljive tkanine kako biste bolje za\u0161titili boje.<\/p>","protected":false},"excerpt":{"rendered":"<p>Dres za goste \u0160panjolske 2024. ima svje\u017eu i upadljivu kombinaciju boja. Prije svega je blijedo neonsko \u017euta, mo\u017eda inspirirana pje\u0161\u010danim dinama zemlje. Slu\u017ebeno se naziv boje za dres goste \u0160panjolske 2024. glasi \u201ePulse Yellow\u201c. Jedinstvena zna\u010dajka dresa goste \u0160panjolske Euro 2024 su paneli \u2013 svijetloplavi paneli su opremljeni grafikom pje\u0161\u010danih dina.<\/p>","protected":false},"featured_media":17978,"comment_status":"open","ping_status":"closed","template":"","meta":[],"product_brand":[],"product_cat":[1079,1072],"product_tag":[20,1076,1077,22,426,24,1080],"class_list":{"0":"post-17938","1":"product","2":"type-product","3":"status-publish","4":"has-post-thumbnail","6":"product_cat-em-2024-spanien","7":"product_cat-em-2024-trikots","8":"product_tag-coole-fussballtrikots","9":"product_tag-em-2024-trikot","10":"product_tag-em-2024-trikot-herren","11":"product_tag-fussballtrikot-guenstig-kaufen","12":"product_tag-fussballtrikots-kurzarm","13":"product_tag-guenstiges-fussballtrikot","14":"product_tag-spanien-trikot-em-2024","16":"first","17":"instock","18":"shipping-taxable","19":"purchasable","20":"product-type-variable"},"_links":{"self":[{"href":"https:\/\/www.billigtrikotde.com\/hr\/wp-json\/wp\/v2\/product\/17938","targetHints":{"allow":["GET"]}}],"collection":[{"href":"https:\/\/www.billigtrikotde.com\/hr\/wp-json\/wp\/v2\/product"}],"about":[{"href":"https:\/\/www.billigtrikotde.com\/hr\/wp-json\/wp\/v2\/types\/product"}],"replies":[{"embeddable":true,"href":"https:\/\/www.billigtrikotde.com\/hr\/wp-json\/wp\/v2\/comments?post=17938"}],"wp:featuredmedia":[{"embeddable":true,"href":"https:\/\/www.billigtrikotde.com\/hr\/wp-json\/wp\/v2\/media\/17978"}],"wp:attachment":[{"href":"https:\/\/www.billigtrikotde.com\/hr\/wp-json\/wp\/v2\/media?parent=17938"}],"wp:term":[{"taxonomy":"product_brand","embeddable":true,"href":"https:\/\/www.billigtrikotde.com\/hr\/wp-json\/wp\/v2\/product_brand?post=17938"},{"taxonomy":"product_cat","embeddable":true,"href":"https:\/\/www.billigtrikotde.com\/hr\/wp-json\/wp\/v2\/product_cat?post=17938"},{"taxonomy":"product_tag","embeddable":true,"href":"https:\/\/www.billigtrikotde.com\/hr\/wp-json\/wp\/v2\/product_tag?post=17938"}],"curies":[{"name":"wp","href":"https:\/\/api.w.org\/{rel}","templated":true}]}}