{"id":17914,"date":"2024-10-24T10:06:50","date_gmt":"2024-10-24T08:06:50","guid":{"rendered":"http:\/\/billigtrikots.com\/?post_type=product&#038;p=17914"},"modified":"2024-10-24T10:09:04","modified_gmt":"2024-10-24T08:09:04","slug":"deutschland-trikot-kinder-dfb-em-2024-heimtrikot-euro-24-weiss-shirt-set-antonio-rudiger-2","status":"publish","type":"product","link":"https:\/\/www.billigtrikotde.com\/hr\/deutschland-trikot-kinder-dfb-em-2024-heimtrikot-euro-24-weiss-shirt-set-antonio-rudiger-2\/","title":{"rendered":"Njema\u010dki dres za djecu DFB Euro 2024 doma\u0107i dres Euro 24 bijeli set majica Antonio R\u00fcdiger 2"},"content":{"rendered":"<p>Prve curenja dresova pokazuju da \u0107e hrvatski Eura 2024 dres ponovno biti u tradicionalnim bojama bijeloj i crnoj, s bijelom hla\u010dama i \u010darapama. Za hrvatske dresove uvijek se dizajniraju jedinstveni dizajni, ovaj put se inspiriraju dresovima Hrvatske na Svjetskom prvenstvu 1994. s \u0161ahovnicom u crno-crvenoj-zlatnoj boji. Hrvatski Euro 2024 doma\u0107i dres dolazi s lijepim, malim, skrivenim detaljem. Na unutarnjoj strani ovratnika nalazi se motiv zastave, koji je vidljiv i na rukavima. Hrvatski dres 2024. ima moderan i istaknut dizajn. Naravno, uglavnom je bijel, \u0161to je jo\u0161 zanimljivije. Rukavi imaju trobojniji prijelaz boja hrvatske zastave, s bijelim trostrukim prugama iznad i efektom inspiriranim Svjetskim prvenstvom 1994. Tako nastaje spektakularan izgled. Na prednjoj strani hrvatskog Euro 2024 doma\u0107eg dresa nalazi se uzorak koji se sastoji od hrvatskog grba. Ovaj uzorak je tako\u0111er inspiriran dresom s Svjetskog prvenstva 1994.<\/p>\n<p>Savjeti za ispis: Ako ime i broj na slici to\u010dno odgovaraju va\u0161im \u017eeljama, ne morate ih ponovno unositi. Ako ne, unesite \u017eeljeno ime i broj.<\/p>\n<p>Savjeti za pranje: Preporu\u010duje se ru\u010dno pranje nogometnih dresova. Ako \u017eelite koristiti perilicu, sjetite se okrenuti dresove naopako prije pranja. Napunite perilicu hladnom vodom i koristite program za osjetljive tkanine kako biste bolje za\u0161titili boje.<\/p>","protected":false},"excerpt":{"rendered":"<p>Die ersten Trikot Leaks zeigen das Deutschland EM Trikot 2024 wieder in traditionellen Farben Wei\u00df und Schwarz, mit wei\u00dfer Hose und Stutzen. F\u00fcr die Deutschland Trikots werden immer einzigartige Designs entworfen, dieses Mal orientiert sich man an den DFB Trikots der WM 1994 mit den Rauten in schwarz-rot-gold.Die Deutschland Euro 2024 Heimtrikots kommt mit einem [&hellip;]<\/p>","protected":false},"featured_media":17954,"comment_status":"open","ping_status":"closed","template":"","meta":[],"product_brand":[],"product_cat":[1073,1072],"product_tag":[20,1074,1075,1076,1078,22,396,24],"class_list":{"0":"post-17914","1":"product","2":"type-product","3":"status-publish","4":"has-post-thumbnail","6":"product_cat-em-2024-deutschland","7":"product_cat-em-2024-trikots","8":"product_tag-coole-fussballtrikots","9":"product_tag-deutschland-trikot-em-2024","10":"product_tag-dfb-em-trikots-2024","11":"product_tag-em-2024-trikot","12":"product_tag-em-2024-trikot-kinder","13":"product_tag-fussballtrikot-guenstig-kaufen","14":"product_tag-fussballtrikots-langarm","15":"product_tag-guenstiges-fussballtrikot","17":"first","18":"instock","19":"shipping-taxable","20":"purchasable","21":"product-type-variable"},"_links":{"self":[{"href":"https:\/\/www.billigtrikotde.com\/hr\/wp-json\/wp\/v2\/product\/17914","targetHints":{"allow":["GET"]}}],"collection":[{"href":"https:\/\/www.billigtrikotde.com\/hr\/wp-json\/wp\/v2\/product"}],"about":[{"href":"https:\/\/www.billigtrikotde.com\/hr\/wp-json\/wp\/v2\/types\/product"}],"replies":[{"embeddable":true,"href":"https:\/\/www.billigtrikotde.com\/hr\/wp-json\/wp\/v2\/comments?post=17914"}],"wp:featuredmedia":[{"embeddable":true,"href":"https:\/\/www.billigtrikotde.com\/hr\/wp-json\/wp\/v2\/media\/17954"}],"wp:attachment":[{"href":"https:\/\/www.billigtrikotde.com\/hr\/wp-json\/wp\/v2\/media?parent=17914"}],"wp:term":[{"taxonomy":"product_brand","embeddable":true,"href":"https:\/\/www.billigtrikotde.com\/hr\/wp-json\/wp\/v2\/product_brand?post=17914"},{"taxonomy":"product_cat","embeddable":true,"href":"https:\/\/www.billigtrikotde.com\/hr\/wp-json\/wp\/v2\/product_cat?post=17914"},{"taxonomy":"product_tag","embeddable":true,"href":"https:\/\/www.billigtrikotde.com\/hr\/wp-json\/wp\/v2\/product_tag?post=17914"}],"curies":[{"name":"wp","href":"https:\/\/api.w.org\/{rel}","templated":true}]}}