{"id":17877,"date":"2024-10-24T10:04:41","date_gmt":"2024-10-24T08:04:41","guid":{"rendered":"http:\/\/billigtrikots.com\/?post_type=product&#038;p=17877"},"modified":"2024-10-24T10:07:23","modified_gmt":"2024-10-24T08:07:23","slug":"herren-dfb-deutschland-em-2024-heimtrikot-euro-24-weiss-langarm-thomas-muller-13","status":"publish","type":"product","link":"https:\/\/www.billigtrikotde.com\/hr\/herren-dfb-deutschland-em-2024-heimtrikot-euro-24-weiss-langarm-thomas-muller-13\/","title":{"rendered":"Mu\u0161ki DFB Njema\u010dka EP 2024 doma\u0107i dres Euro 24 bijeli dugi rukav Thomas Muller 13"},"content":{"rendered":"<p>Doma\u0107i dresovi Njema\u010dke za Euro 2024 dolaze s lijepim, malim, skrivenim detaljem. Na unutarnjoj strani ovratnika nalazi se motiv zastave, koji je vidljiv i na rukavima. Njema\u010dki dres za 2024. godinu ima moderan i istaknut dizajn. Naravno, uglavnom je bijel, \u0161to je jo\u0161 zanimljivije. Rukavi imaju trobojni prijelaz boja njema\u010dke zastave, s bijelim trostrukim prugama iznad i efektom inspiriranim Svjetskim prvenstvom 1994. godine. Tako nastaje spektakularan izgled. Na prednjoj strani njema\u010dkog dresa za Euro 2024 nalazi se uzorak koji se sastoji od DFB logotipa. Ovaj uzorak je tako\u0111er inspiriran dresom s Svjetskog prvenstva 1994.<\/p>\n<p>Savjeti za ispis: Ako ime i broj na slici to\u010dno odgovaraju va\u0161im \u017eeljama, ne morate ih ponovno unositi. Ako ne, unesite \u017eeljeno ime i broj.<\/p>\n<p>Savjeti za pranje: Preporu\u010duje se ru\u010dno pranje nogometnih dresova. Ako \u017eelite koristiti perilicu, sjetite se okrenuti dresove naopako prije pranja. Napunite perilicu hladnom vodom i koristite program za osjetljive tkanine kako biste bolje za\u0161titili boje.<\/p>","protected":false},"excerpt":{"rendered":"<p>Doma\u0107i dres Njema\u010dke Euro 2024 dolazi s lijepim, malim, skrivenim detaljem. Na unutarnjoj strani ovratnika nalazi se motiv zastave, koji je tako\u0111er vidljiv na rukavima. Njema\u010dki dres za 2024. godinu ima moderan i istaknut dizajn. Naravno, uglavnom je bijel, \u0161to je jo\u0161 zanimljivije. Rukavi imaju trobojni prijelaz boja njema\u010dke zastave, s [...]<\/p>","protected":false},"featured_media":17922,"comment_status":"open","ping_status":"closed","template":"","meta":[],"product_brand":[],"product_cat":[1073,1072],"product_tag":[20,1074,1075,1076,1077,21,22,396,24],"class_list":{"0":"post-17877","1":"product","2":"type-product","3":"status-publish","4":"has-post-thumbnail","6":"product_cat-em-2024-deutschland","7":"product_cat-em-2024-trikots","8":"product_tag-coole-fussballtrikots","9":"product_tag-deutschland-trikot-em-2024","10":"product_tag-dfb-em-trikots-2024","11":"product_tag-em-2024-trikot","12":"product_tag-em-2024-trikot-herren","13":"product_tag-fussballtrikot-fuer-herren","14":"product_tag-fussballtrikot-guenstig-kaufen","15":"product_tag-fussballtrikots-langarm","16":"product_tag-guenstiges-fussballtrikot","18":"first","19":"instock","20":"shipping-taxable","21":"purchasable","22":"product-type-variable"},"_links":{"self":[{"href":"https:\/\/www.billigtrikotde.com\/hr\/wp-json\/wp\/v2\/product\/17877","targetHints":{"allow":["GET"]}}],"collection":[{"href":"https:\/\/www.billigtrikotde.com\/hr\/wp-json\/wp\/v2\/product"}],"about":[{"href":"https:\/\/www.billigtrikotde.com\/hr\/wp-json\/wp\/v2\/types\/product"}],"replies":[{"embeddable":true,"href":"https:\/\/www.billigtrikotde.com\/hr\/wp-json\/wp\/v2\/comments?post=17877"}],"wp:featuredmedia":[{"embeddable":true,"href":"https:\/\/www.billigtrikotde.com\/hr\/wp-json\/wp\/v2\/media\/17922"}],"wp:attachment":[{"href":"https:\/\/www.billigtrikotde.com\/hr\/wp-json\/wp\/v2\/media?parent=17877"}],"wp:term":[{"taxonomy":"product_brand","embeddable":true,"href":"https:\/\/www.billigtrikotde.com\/hr\/wp-json\/wp\/v2\/product_brand?post=17877"},{"taxonomy":"product_cat","embeddable":true,"href":"https:\/\/www.billigtrikotde.com\/hr\/wp-json\/wp\/v2\/product_cat?post=17877"},{"taxonomy":"product_tag","embeddable":true,"href":"https:\/\/www.billigtrikotde.com\/hr\/wp-json\/wp\/v2\/product_tag?post=17877"}],"curies":[{"name":"wp","href":"https:\/\/api.w.org\/{rel}","templated":true}]}}