{"id":17812,"date":"2024-10-24T10:01:21","date_gmt":"2024-10-24T08:01:21","guid":{"rendered":"http:\/\/billigtrikots.com\/?post_type=product&#038;p=17812"},"modified":"2024-10-24T10:03:59","modified_gmt":"2024-10-24T08:03:59","slug":"herren-dfb-deutschland-em-2024-auswaertstrikot-euro-24-thomas-muller-13","status":"publish","type":"product","link":"https:\/\/www.billigtrikotde.com\/hr\/herren-dfb-deutschland-em-2024-auswaertstrikot-euro-24-thomas-muller-13\/","title":{"rendered":"Mu\u0161ki DFB Hrvatska Euro 2024 gostuju\u0107i dres Euro 24 Thomas Muller 13"},"content":{"rendered":"<p>Mo\u017eemo objaviti gostuju\u0107e dresove Njema\u010dke za Euro 2024 koji potvr\u0111uju na\u0161 curenje. Ima neke sli\u010dnosti s tre\u0107im dresom AC Milana 23-24. Gostuju\u0107i dres DFB Euro 2024 ima hrabar i novi kombinaciju boja za njema\u010dku reprezentaciju. DFB 2024 gostuju\u0107i dres kombinira ru\u017ei\u010dastu i ljubi\u010dastu.<\/p>\n<p>Savjeti za ispis: Ako ime i broj na slici to\u010dno odgovaraju va\u0161im \u017eeljama, ne morate ih ponovno unositi. Ako ne, unesite \u017eeljeno ime i broj.<\/p>\n<p>Savjeti za pranje: Preporu\u010duje se ru\u010dno pranje nogometnih dresova. Ako \u017eelite koristiti perilicu, sjetite se okrenuti dresove naopako prije pranja. Napunite perilicu hladnom vodom i koristite program za osjetljive tkanine kako biste bolje za\u0161titili boje.<\/p>","protected":false},"excerpt":{"rendered":"<p>Mo\u017eemo objaviti gostuju\u0107e dresove Njema\u010dke za Euro 2024 koji potvr\u0111uju na\u0161 curenje. Ima neke sli\u010dnosti s tre\u0107im dresom AC Milana 23-24. Gostuju\u0107i dres DFB Euro 2024 ima hrabar i novi kombinaciju boja za njema\u010dku reprezentaciju. Dres DFB 2024 za Euro kombinira ru\u017ei\u010dastu i ljubi\u010dastu. Savjeti za tiskanje: Kada je ime i broj na [\u2026]<\/p>","protected":false},"featured_media":17855,"comment_status":"open","ping_status":"closed","template":"","meta":[],"product_brand":[],"product_cat":[1073,1072],"product_tag":[20,1074,1075,1076,1077,21,22,23,24],"class_list":{"0":"post-17812","1":"product","2":"type-product","3":"status-publish","4":"has-post-thumbnail","6":"product_cat-em-2024-deutschland","7":"product_cat-em-2024-trikots","8":"product_tag-coole-fussballtrikots","9":"product_tag-deutschland-trikot-em-2024","10":"product_tag-dfb-em-trikots-2024","11":"product_tag-em-2024-trikot","12":"product_tag-em-2024-trikot-herren","13":"product_tag-fussballtrikot-fuer-herren","14":"product_tag-fussballtrikot-guenstig-kaufen","15":"product_tag-fussballtrikot-kurzarm","16":"product_tag-guenstiges-fussballtrikot","18":"first","19":"instock","20":"shipping-taxable","21":"purchasable","22":"product-type-variable"},"_links":{"self":[{"href":"https:\/\/www.billigtrikotde.com\/hr\/wp-json\/wp\/v2\/product\/17812","targetHints":{"allow":["GET"]}}],"collection":[{"href":"https:\/\/www.billigtrikotde.com\/hr\/wp-json\/wp\/v2\/product"}],"about":[{"href":"https:\/\/www.billigtrikotde.com\/hr\/wp-json\/wp\/v2\/types\/product"}],"replies":[{"embeddable":true,"href":"https:\/\/www.billigtrikotde.com\/hr\/wp-json\/wp\/v2\/comments?post=17812"}],"wp:featuredmedia":[{"embeddable":true,"href":"https:\/\/www.billigtrikotde.com\/hr\/wp-json\/wp\/v2\/media\/17855"}],"wp:attachment":[{"href":"https:\/\/www.billigtrikotde.com\/hr\/wp-json\/wp\/v2\/media?parent=17812"}],"wp:term":[{"taxonomy":"product_brand","embeddable":true,"href":"https:\/\/www.billigtrikotde.com\/hr\/wp-json\/wp\/v2\/product_brand?post=17812"},{"taxonomy":"product_cat","embeddable":true,"href":"https:\/\/www.billigtrikotde.com\/hr\/wp-json\/wp\/v2\/product_cat?post=17812"},{"taxonomy":"product_tag","embeddable":true,"href":"https:\/\/www.billigtrikotde.com\/hr\/wp-json\/wp\/v2\/product_tag?post=17812"}],"curies":[{"name":"wp","href":"https:\/\/api.w.org\/{rel}","templated":true}]}}