{"id":1757,"date":"2024-10-23T13:44:28","date_gmt":"2024-10-23T11:44:28","guid":{"rendered":"http:\/\/billigtrikots.com\/?post_type=product&#038;p=1757"},"modified":"2024-10-23T13:46:07","modified_gmt":"2024-10-23T11:46:07","slug":"borussia-dortmund-2022-heimtrikot-gelb-schwarz-langarm-kurze-hosen-zagadou-5","status":"publish","type":"product","link":"https:\/\/www.billigtrikotde.com\/hr\/borussia-dortmund-2022-heimtrikot-gelb-schwarz-langarm-kurze-hosen-zagadou-5\/","title":{"rendered":"Borussia Dortmund 2022 doma\u0107i dres \u017euto-crni dugi rukav + kratke hla\u010de Zagadou 5"},"content":{"rendered":"<p>Slu\u017ebeni Borussia Dortmund 09 logo ukra\u0161ava lijevu stranu prsa ovog doma\u0107eg dresa s V-izrezom. Ovaj dres je potpuno osmi\u0161ljen za udobnost no\u0161enja i impresionira PUMA-ovom dryCELL tehnologijom koja odvodi vlagu od tijela. Jer malo znoja (ili i puno) ne bi smjelo stati na put va\u0161oj igri.<\/p>\n<p>Ovaj proizvod sadr\u017ei reciklirani materijal: izra\u0111en od ponovno upotrijebljenih vlakana. Inicijativa PUMA-e za smanjenje negativnog utjecaja na okoli\u0161.<\/p>\n<p>Savjeti za ispis: Ako ime i broj na slici to\u010dno odgovaraju va\u0161im \u017eeljama, ne morate ih ponovno unositi. Ako ne, unesite \u017eeljeno ime i broj.<\/p>\n<p>Savjeti za pranje: Preporu\u010duje se ru\u010dno pranje nogometnih dresova. Ako \u017eelite koristiti perilicu, sjetite se okrenuti dresove naopako prije pranja. Napunite perilicu hladnom vodom i koristite program za osjetljive tkanine kako biste bolje za\u0161titili boje.<\/p>","protected":false},"excerpt":{"rendered":"<p>Slu\u017ebeni Borussia Dortmund 09-Logo ukra\u0161ava lijevu stranu prsa ovog doma\u0107eg dresa s V-izrezom. Ovaj dres je potpuno osmi\u0161ljen za udobnost no\u0161enja i impresionira PUMAS-ovom dryCELL tehnologijom, koja odvodi vlagu s tijela. Jer malo znoja (ili i mnogo) ne bi smjelo stati na put va\u0161oj igri. Ovaj proizvod sadr\u017ei reciklirani materijal: proizveden od ponovno upotrijebljenih vlakana. Jedan [\u2026]<\/p>","protected":false},"featured_media":1789,"comment_status":"open","ping_status":"closed","template":"","meta":[],"product_brand":[],"product_cat":[63],"product_tag":[20,65,66,38,21,22,24],"class_list":{"0":"post-1757","1":"product","2":"type-product","3":"status-publish","4":"has-post-thumbnail","6":"product_cat-borussia-dortmund","7":"product_tag-coole-fussballtrikots","8":"product_tag-borussia-dortmund-trikots","9":"product_tag-bvb-trikots","10":"product_tag-fussball-trikot-langarm","11":"product_tag-fussballtrikot-fuer-herren","12":"product_tag-fussballtrikot-guenstig-kaufen","13":"product_tag-guenstiges-fussballtrikot","15":"first","16":"instock","17":"shipping-taxable","18":"purchasable","19":"product-type-variable"},"_links":{"self":[{"href":"https:\/\/www.billigtrikotde.com\/hr\/wp-json\/wp\/v2\/product\/1757","targetHints":{"allow":["GET"]}}],"collection":[{"href":"https:\/\/www.billigtrikotde.com\/hr\/wp-json\/wp\/v2\/product"}],"about":[{"href":"https:\/\/www.billigtrikotde.com\/hr\/wp-json\/wp\/v2\/types\/product"}],"replies":[{"embeddable":true,"href":"https:\/\/www.billigtrikotde.com\/hr\/wp-json\/wp\/v2\/comments?post=1757"}],"wp:featuredmedia":[{"embeddable":true,"href":"https:\/\/www.billigtrikotde.com\/hr\/wp-json\/wp\/v2\/media\/1789"}],"wp:attachment":[{"href":"https:\/\/www.billigtrikotde.com\/hr\/wp-json\/wp\/v2\/media?parent=1757"}],"wp:term":[{"taxonomy":"product_brand","embeddable":true,"href":"https:\/\/www.billigtrikotde.com\/hr\/wp-json\/wp\/v2\/product_brand?post=1757"},{"taxonomy":"product_cat","embeddable":true,"href":"https:\/\/www.billigtrikotde.com\/hr\/wp-json\/wp\/v2\/product_cat?post=1757"},{"taxonomy":"product_tag","embeddable":true,"href":"https:\/\/www.billigtrikotde.com\/hr\/wp-json\/wp\/v2\/product_tag?post=1757"}],"curies":[{"name":"wp","href":"https:\/\/api.w.org\/{rel}","templated":true}]}}