{"id":1747,"date":"2024-10-23T13:43:56","date_gmt":"2024-10-23T11:43:56","guid":{"rendered":"http:\/\/billigtrikots.com\/?post_type=product&#038;p=1747"},"modified":"2024-10-23T13:46:05","modified_gmt":"2024-10-23T11:46:05","slug":"brandneues-shirt-herren-bvb-borussia-dortmund-cup-2022-trikot-gelb-schwarz","status":"publish","type":"product","link":"https:\/\/www.billigtrikotde.com\/hr\/brandneues-shirt-herren-bvb-borussia-dortmund-cup-2022-trikot-gelb-schwarz\/","title":{"rendered":"Potpuno nova mu\u0161ka majica BVB Borussia Dortmund CUP 2022 dres \u017euta\/crna"},"content":{"rendered":"<p>Trenutna mu\u0161ka Cup majica Borussije svjetluca u sjaju svojih idola. Pru\u017ea ti slu\u017ebeni licencni izgled tvoje omiljene mom\u010dadi i na sredini prsnog dijela nosi ponosne detalje mom\u010dadi i logotip sponzora. Pravi MUST-HAVE za sve vjerne pratilce BVB-a!<\/p>\n<p>Kvaliteta vrhunske izrade pritom ti nudi i izvrsnu udobnost no\u0161enja te zahvaljuju\u0107i revolucionarnim Puma tehnologijama, Cup majica ti jam\u010di dobro regulirani toplinski i vlago-uravnote\u017eeni u\u010dinak. Dobro pristajanje kroja bodri te pri svakom tvom legedarnom slavlju gola na stadionu, a i izvan njega u slobodno vrijeme i treningu. Raglan rukavi i mekan V-izrez osiguravaju \u010distu udobnost i pokretljivost u svim smjerovima.<\/p>\n<p>Savjeti za ispis: Ako ime i broj na slici to\u010dno odgovaraju va\u0161im \u017eeljama, ne morate ih ponovno unositi. Ako ne, unesite \u017eeljeno ime i broj.<\/p>\n<p>Savjeti za pranje: Preporu\u010duje se ru\u010dno pranje nogometnih dresova. Ako \u017eelite koristiti perilicu, sjetite se okrenuti dresove naopako prije pranja. Napunite perilicu hladnom vodom i koristite program za osjetljive tkanine kako biste bolje za\u0161titili boje.<\/p>","protected":false},"excerpt":{"rendered":"<p>Das aktuelle Herren Cup Trikot der Borussen l\u00e4sst dich im Glanz deiner Idole erstrahlen. Es bietet dir den offiziellen Lizenz-Look deiner Lieblingself und tr\u00e4gt mittig auf der Brust stolze Teamdetails und das Sponsorenlogo. Ein echtes MUST-HAVE f\u00fcr alle treuen Wegbegleiter des BVB! Die hochwertige Qualit\u00e4t bietet dir dabei auch noch einen hervorragenden Tragekomfort und dank [&hellip;]<\/p>","protected":false},"featured_media":1777,"comment_status":"open","ping_status":"closed","template":"","meta":[],"product_brand":[],"product_cat":[63],"product_tag":[20,64,65,66,67,21,22,23,24],"class_list":{"0":"post-1747","1":"product","2":"type-product","3":"status-publish","4":"has-post-thumbnail","6":"product_cat-borussia-dortmund","7":"product_tag-coole-fussballtrikots","8":"product_tag-borussia-dortmund-cup-shirt","9":"product_tag-borussia-dortmund-trikots","10":"product_tag-bvb-trikots","11":"product_tag-fussball-trikotsatz","12":"product_tag-fussballtrikot-fuer-herren","13":"product_tag-fussballtrikot-guenstig-kaufen","14":"product_tag-fussballtrikot-kurzarm","15":"product_tag-guenstiges-fussballtrikot","17":"first","18":"instock","19":"shipping-taxable","20":"purchasable","21":"product-type-variable"},"_links":{"self":[{"href":"https:\/\/www.billigtrikotde.com\/hr\/wp-json\/wp\/v2\/product\/1747","targetHints":{"allow":["GET"]}}],"collection":[{"href":"https:\/\/www.billigtrikotde.com\/hr\/wp-json\/wp\/v2\/product"}],"about":[{"href":"https:\/\/www.billigtrikotde.com\/hr\/wp-json\/wp\/v2\/types\/product"}],"replies":[{"embeddable":true,"href":"https:\/\/www.billigtrikotde.com\/hr\/wp-json\/wp\/v2\/comments?post=1747"}],"wp:featuredmedia":[{"embeddable":true,"href":"https:\/\/www.billigtrikotde.com\/hr\/wp-json\/wp\/v2\/media\/1777"}],"wp:attachment":[{"href":"https:\/\/www.billigtrikotde.com\/hr\/wp-json\/wp\/v2\/media?parent=1747"}],"wp:term":[{"taxonomy":"product_brand","embeddable":true,"href":"https:\/\/www.billigtrikotde.com\/hr\/wp-json\/wp\/v2\/product_brand?post=1747"},{"taxonomy":"product_cat","embeddable":true,"href":"https:\/\/www.billigtrikotde.com\/hr\/wp-json\/wp\/v2\/product_cat?post=1747"},{"taxonomy":"product_tag","embeddable":true,"href":"https:\/\/www.billigtrikotde.com\/hr\/wp-json\/wp\/v2\/product_tag?post=1747"}],"curies":[{"name":"wp","href":"https:\/\/api.w.org\/{rel}","templated":true}]}}