{"id":17176,"date":"2024-10-24T09:26:35","date_gmt":"2024-10-24T07:26:35","guid":{"rendered":"http:\/\/billigtrikots.com\/?post_type=product&#038;p=17176"},"modified":"2025-10-16T16:02:12","modified_gmt":"2025-10-16T14:02:12","slug":"real-madrid-2023-24-drittes-trikot-schwarze-goldgelb-fussballtrikots-set-luka-modric-10","status":"publish","type":"product","link":"https:\/\/www.billigtrikotde.com\/hr\/real-madrid-2023-24-drittes-trikot-schwarze-goldgelb-fussballtrikots-set-luka-modric-10\/","title":{"rendered":"Real Madrid 2023-24 Tre\u0107i dres crni zlatno\u017euti komplet nogometnih dresova Luka Modri\u0107 10"},"content":{"rendered":"<p>Tre\u0107i dres Reala za 2023-2024 kombinira crnu osnovnu boju s zlatno\u017eutom kao drugu boju. To je ista Prevolved-\u017euta koja se koristi za doma\u0107e i gostuju\u0107e dresove Reala 2023-2024. Tre\u0107a boja dresa Madrid 2023-2024 je \u201eCarbon\u201c \u2013 kao \u0161to se o\u010dekivalo, koristi se za tri pruge. Novi tre\u0107i Real [\u2026]<\/p>\n<p>Novost na tre\u0107em dresu Real Madrid 2023-2024 je da \u0107e postojati i posebna \u201eLifestyler\u201c edicija. Lifestyler verzija tre\u0107eg dresa Real Madrid 2023-24 dolazi bez sponzorskog logotipa, s drugim logotipom i drugim materijalom i krojem.<\/p>\n<p>Savjeti za ispis: Ako ime i broj na slici to\u010dno odgovaraju va\u0161im \u017eeljama, ne morate ih ponovno unositi. Ako ne, unesite \u017eeljeno ime i broj.<\/p>\n<p>Savjeti za pranje: Preporu\u010duje se ru\u010dno pranje nogometnih dresova. Ako \u017eelite koristiti perilicu, sjetite se okrenuti dresove naopako prije pranja. Napunite perilicu hladnom vodom i koristite program za osjetljive tkanine kako biste bolje za\u0161titili boje.<\/p>","protected":false},"excerpt":{"rendered":"<p>Tre\u0107i dres Reala za 2023-2024 kombinira crnu osnovnu boju s zlatno\u017eutom kao drugu boju. To je ista Prevolved-\u017euta koja se koristi za doma\u0107e i gostuju\u0107e dresove Reala 2023-2024. Tre\u0107a boja dresa Madrid 2023-2024 je \u201eCarbon\u201c \u2013 kao \u0161to se o\u010dekivalo, koristi se za tri pruge. Novi tre\u0107i Real [\u2026]<\/p>","protected":false},"featured_media":17218,"comment_status":"open","ping_status":"closed","template":"","meta":[],"product_brand":[],"product_cat":[45],"product_tag":[574,21,23,228,24,489,490,979,47],"class_list":{"0":"post-17176","1":"product","2":"type-product","3":"status-publish","4":"has-post-thumbnail","6":"product_cat-real-madrid","7":"product_tag-fussballtrikot-deutschland","8":"product_tag-fussballtrikot-fuer-herren","9":"product_tag-fussballtrikot-kurzarm","10":"product_tag-guenstige-fussballtrikot","11":"product_tag-guenstiges-fussballtrikot","12":"product_tag-real-madrid-fussballtrikot","13":"product_tag-real-madrid-trikot","14":"product_tag-real-madrid-trikot-2024","15":"product_tag-real-madrid-trikots","17":"first","18":"instock","19":"shipping-taxable","20":"purchasable","21":"product-type-variable"},"_links":{"self":[{"href":"https:\/\/www.billigtrikotde.com\/hr\/wp-json\/wp\/v2\/product\/17176","targetHints":{"allow":["GET"]}}],"collection":[{"href":"https:\/\/www.billigtrikotde.com\/hr\/wp-json\/wp\/v2\/product"}],"about":[{"href":"https:\/\/www.billigtrikotde.com\/hr\/wp-json\/wp\/v2\/types\/product"}],"replies":[{"embeddable":true,"href":"https:\/\/www.billigtrikotde.com\/hr\/wp-json\/wp\/v2\/comments?post=17176"}],"wp:featuredmedia":[{"embeddable":true,"href":"https:\/\/www.billigtrikotde.com\/hr\/wp-json\/wp\/v2\/media\/17218"}],"wp:attachment":[{"href":"https:\/\/www.billigtrikotde.com\/hr\/wp-json\/wp\/v2\/media?parent=17176"}],"wp:term":[{"taxonomy":"product_brand","embeddable":true,"href":"https:\/\/www.billigtrikotde.com\/hr\/wp-json\/wp\/v2\/product_brand?post=17176"},{"taxonomy":"product_cat","embeddable":true,"href":"https:\/\/www.billigtrikotde.com\/hr\/wp-json\/wp\/v2\/product_cat?post=17176"},{"taxonomy":"product_tag","embeddable":true,"href":"https:\/\/www.billigtrikotde.com\/hr\/wp-json\/wp\/v2\/product_tag?post=17176"}],"curies":[{"name":"wp","href":"https:\/\/api.w.org\/{rel}","templated":true}]}}