{"id":17083,"date":"2024-10-24T09:20:58","date_gmt":"2024-10-24T07:20:58","guid":{"rendered":"http:\/\/billigtrikots.com\/?post_type=product&#038;p=17083"},"modified":"2025-06-09T04:41:41","modified_gmt":"2025-06-09T02:41:41","slug":"guenstige-fussballtrikots-arsenal-2023-24-auswaertstrikot-gruen-gelbe-gabriel-jesus-9","status":"publish","type":"product","link":"https:\/\/www.billigtrikotde.com\/hr\/guenstige-fussballtrikots-arsenal-2023-24-auswaertstrikot-gruen-gelbe-gabriel-jesus-9\/","title":{"rendered":"Povoljne nogometne trenirke Arsenal 2023-24 Gostuju\u0107a majica zelena i \u017euta Gabriel Jesus 9"},"content":{"rendered":"<p>Nogometni dres Arsenal FC 23-24 ima svijetli i moderan izgled. Kombinira fluorescentno-zeleno-\u017eutu osnovnu boju s crnom\/svijetloplavom za logotipe i aplikacije. Ono \u0161to \u010dini Arsenal 23-24 gostuju\u0107i dres posebnim nisu samo boje, ve\u0107 i dizajn. Arsenal 23-24 gostuju\u0107i dres ima jedinstven dizajn s debelim crnim linijama po cijelom dresu. Upadljiv dres ukra\u0161en je teku\u0107im crnim linijama koje su inspirirane kartom Islingtona. Zamr\u0161eni dizajn simbolizira putovanja koja navija\u010di poduzimaju kada napu\u0161taju svoj rodni kraj kako bi podr\u017eali mom\u010dad na gostovanju.<\/p>\n<p>Savjeti za ispis: Ako ime i broj na slici to\u010dno odgovaraju va\u0161im \u017eeljama, ne morate ih ponovno unositi. Ako ne, unesite \u017eeljeno ime i broj.<\/p>\n<p>Savjeti za pranje: Preporu\u010duje se ru\u010dno pranje nogometnih dresova. Ako \u017eelite koristiti perilicu, sjetite se okrenuti dresove naopako prije pranja. Napunite perilicu hladnom vodom i koristite program za osjetljive tkanine kako biste bolje za\u0161titili boje.<\/p>","protected":false},"excerpt":{"rendered":"<p>Arsenal FC 23-24 gostuju\u0107i dres ima svijetli i moderni izgled. Kombinira fluorozeleni-\u017eutu osnovnu boju s crnom\/svijetlo plavom za logotipe i aplikacije. \u0160to \u010dini Arsenal 23-24 gostuju\u0107i dres posebnim nisu samo boje, ve\u0107 i dizajn. Arsenal 23-24 gostuju\u0107i dres ima jedinstven dizajn s debelim crnim linijama po cijelom dresu. Impresivan [\u2026]<\/p>","protected":false},"featured_media":17123,"comment_status":"open","ping_status":"closed","template":"","meta":[],"product_brand":[],"product_cat":[55],"product_tag":[584,907,609,610,1007,21,23,24,585,1006],"class_list":{"0":"post-17083","1":"product","2":"type-product","3":"status-publish","4":"has-post-thumbnail","6":"product_cat-arsenal","7":"product_tag-arsenal-2023-24-trikot","8":"product_tag-arsenal-23-24-drittes-trikot","9":"product_tag-arsenal-fussballtrikot","10":"product_tag-arsenal-trikot","11":"product_tag-arsenal-trikot-2024","12":"product_tag-fussballtrikot-fuer-herren","13":"product_tag-fussballtrikot-kurzarm","14":"product_tag-guenstiges-fussballtrikot","15":"product_tag-herren-fussballtrikot","16":"product_tag-trikot-24-25","18":"first","19":"instock","20":"shipping-taxable","21":"purchasable","22":"product-type-variable"},"_links":{"self":[{"href":"https:\/\/www.billigtrikotde.com\/hr\/wp-json\/wp\/v2\/product\/17083","targetHints":{"allow":["GET"]}}],"collection":[{"href":"https:\/\/www.billigtrikotde.com\/hr\/wp-json\/wp\/v2\/product"}],"about":[{"href":"https:\/\/www.billigtrikotde.com\/hr\/wp-json\/wp\/v2\/types\/product"}],"replies":[{"embeddable":true,"href":"https:\/\/www.billigtrikotde.com\/hr\/wp-json\/wp\/v2\/comments?post=17083"}],"wp:featuredmedia":[{"embeddable":true,"href":"https:\/\/www.billigtrikotde.com\/hr\/wp-json\/wp\/v2\/media\/17123"}],"wp:attachment":[{"href":"https:\/\/www.billigtrikotde.com\/hr\/wp-json\/wp\/v2\/media?parent=17083"}],"wp:term":[{"taxonomy":"product_brand","embeddable":true,"href":"https:\/\/www.billigtrikotde.com\/hr\/wp-json\/wp\/v2\/product_brand?post=17083"},{"taxonomy":"product_cat","embeddable":true,"href":"https:\/\/www.billigtrikotde.com\/hr\/wp-json\/wp\/v2\/product_cat?post=17083"},{"taxonomy":"product_tag","embeddable":true,"href":"https:\/\/www.billigtrikotde.com\/hr\/wp-json\/wp\/v2\/product_tag?post=17083"}],"curies":[{"name":"wp","href":"https:\/\/api.w.org\/{rel}","templated":true}]}}