{"id":1697,"date":"2024-10-23T13:41:46","date_gmt":"2024-10-23T11:41:46","guid":{"rendered":"http:\/\/billigtrikots.com\/?post_type=product&#038;p=1697"},"modified":"2024-10-23T13:43:16","modified_gmt":"2024-10-23T11:43:16","slug":"bvb-borussia-dortmund-2022-cup-trikot-herren-gelb-schwarz-mit-aufdruck-sancho-7","status":"publish","type":"product","link":"https:\/\/www.billigtrikotde.com\/hr\/bvb-borussia-dortmund-2022-cup-trikot-herren-gelb-schwarz-mit-aufdruck-sancho-7\/","title":{"rendered":"BVB Borussia Dortmund 2022 CUP Trikot Herren \u017euto-crni sa natpisom Sancho 7"},"content":{"rendered":"<p>U ovoj Borussia Dortmund 2021\/22 kup dresu za mu\u0161karce iz PUMA mo\u017eete ove godine ponovno otjerati momke na put. U \u017eutoj boji s crnim detaljima, ovaj standard-fit gornji dio izra\u0111en od karakteristi\u010dnog dryCELL-Poly tkanine za ultra-kul udobnost kada se igra zahvati. Ima okrugli izrez na vratu, kratke rukave i pomodno zavr\u0161ene rubove za klasi\u010dan izgled. Dovr\u0161en kontrastnim BVB i PUMA Cat brendom na prsima. Pranje u stroju.<\/p>\n<p>Savjeti za ispis: Ako ime i broj na slici to\u010dno odgovaraju va\u0161im \u017eeljama, ne morate ih ponovno unositi. Ako ne, unesite \u017eeljeno ime i broj.<\/p>\n<p>Savjeti za pranje: Preporu\u010duje se ru\u010dno pranje nogometnih dresova. Ako \u017eelite koristiti perilicu, sjetite se okrenuti dresove naopako prije pranja. Napunite perilicu hladnom vodom i koristite program za osjetljive tkanine kako biste bolje za\u0161titili boje.<\/p>","protected":false},"excerpt":{"rendered":"<p>U ovom Borussia Dortmund 2021\/22 kup dresu za mu\u0161karce od PUMA mo\u017eete ponovno pokrenuti momke ove godine. U \u017eutoj boji s crnim detaljima, ovaj standardni kroj gornjeg dijela izra\u0111en je od karakteristi\u010dnog dryCELL-polyestera za ultra cool udobnost kada je igra napeta. Ima okrugli izrez, kratke rukave i rebraste zavr\u0161etke za [...]<\/p>","protected":false},"featured_media":1728,"comment_status":"open","ping_status":"closed","template":"","meta":[],"product_brand":[],"product_cat":[63],"product_tag":[20,64,65,66,67,21,22,23,24],"class_list":{"0":"post-1697","1":"product","2":"type-product","3":"status-publish","4":"has-post-thumbnail","6":"product_cat-borussia-dortmund","7":"product_tag-coole-fussballtrikots","8":"product_tag-borussia-dortmund-cup-shirt","9":"product_tag-borussia-dortmund-trikots","10":"product_tag-bvb-trikots","11":"product_tag-fussball-trikotsatz","12":"product_tag-fussballtrikot-fuer-herren","13":"product_tag-fussballtrikot-guenstig-kaufen","14":"product_tag-fussballtrikot-kurzarm","15":"product_tag-guenstiges-fussballtrikot","17":"first","18":"instock","19":"shipping-taxable","20":"purchasable","21":"product-type-variable"},"_links":{"self":[{"href":"https:\/\/www.billigtrikotde.com\/hr\/wp-json\/wp\/v2\/product\/1697","targetHints":{"allow":["GET"]}}],"collection":[{"href":"https:\/\/www.billigtrikotde.com\/hr\/wp-json\/wp\/v2\/product"}],"about":[{"href":"https:\/\/www.billigtrikotde.com\/hr\/wp-json\/wp\/v2\/types\/product"}],"replies":[{"embeddable":true,"href":"https:\/\/www.billigtrikotde.com\/hr\/wp-json\/wp\/v2\/comments?post=1697"}],"wp:featuredmedia":[{"embeddable":true,"href":"https:\/\/www.billigtrikotde.com\/hr\/wp-json\/wp\/v2\/media\/1728"}],"wp:attachment":[{"href":"https:\/\/www.billigtrikotde.com\/hr\/wp-json\/wp\/v2\/media?parent=1697"}],"wp:term":[{"taxonomy":"product_brand","embeddable":true,"href":"https:\/\/www.billigtrikotde.com\/hr\/wp-json\/wp\/v2\/product_brand?post=1697"},{"taxonomy":"product_cat","embeddable":true,"href":"https:\/\/www.billigtrikotde.com\/hr\/wp-json\/wp\/v2\/product_cat?post=1697"},{"taxonomy":"product_tag","embeddable":true,"href":"https:\/\/www.billigtrikotde.com\/hr\/wp-json\/wp\/v2\/product_tag?post=1697"}],"curies":[{"name":"wp","href":"https:\/\/api.w.org\/{rel}","templated":true}]}}