{"id":1673,"date":"2024-10-23T13:40:41","date_gmt":"2024-10-23T11:40:41","guid":{"rendered":"http:\/\/billigtrikots.com\/?post_type=product&#038;p=1673"},"modified":"2025-06-16T16:04:10","modified_gmt":"2025-06-16T14:04:10","slug":"juventus-torwart-trikot-pinsoglio-31-guenstige-schwarz-langarm-kurze-hosen","status":"publish","type":"product","link":"https:\/\/www.billigtrikotde.com\/hr\/juventus-torwart-trikot-pinsoglio-31-guenstige-schwarz-langarm-kurze-hosen\/","title":{"rendered":"Juventus vratarska majica Pinsoglio 31# povoljna crna dugi rukav + kratke hla\u010de"},"content":{"rendered":"<p>Naredi svoju obranu kao profesionalci Juventusa i nosi adidas Juventus 21\/22 doma\u0107i golmanski dres, koji je temeljen na dresu koji nose profesionalni vratari kluba.<\/p>\n<p>adidas Juventus 21\/22 doma\u0107i golmanski dres izra\u0111en je od lagane tkanine s rastezljivim bo\u010dnim dijelovima i kre\u0107e se s tvojim tijelom kako bi omogu\u0107io pobjedni\u010dke obrane.<\/p>\n<p>Savjeti za ispis: Ako ime i broj na slici to\u010dno odgovaraju va\u0161im \u017eeljama, ne morate ih ponovno unositi. Ako ne, unesite \u017eeljeno ime i broj.<\/p>\n<p>Savjeti za pranje: Preporu\u010duje se ru\u010dno pranje nogometnih dresova. Ako \u017eelite koristiti perilicu, sjetite se okrenuti dresove naopako prije pranja. Napunite perilicu hladnom vodom i koristite program za osjetljive tkanine kako biste bolje za\u0161titili boje.<\/p>","protected":false},"excerpt":{"rendered":"<p>Kommandiere deine Verteidigung wie Juves Profis und trage das adidas Juventus 21\/22 Torwart Heimtrikot, das auf dem Trikot basiert, das von den Pro-Keepern des Clubs getragen wird. Das adidas Juventus 21\/22 Torwart Heimtrikot besteht aus leichtem Stoff mit dehnbaren Seitenteilen und bewegt sich mit deinem K\u00f6rper, um spielgewinnende Paraden zu erm\u00f6glichen. Tipps zum Drucken: Wenn [\u2026]<\/p>","protected":false},"featured_media":1705,"comment_status":"open","ping_status":"closed","template":"","meta":[],"product_brand":[],"product_cat":[59],"product_tag":[20,38,21,24,62,61],"class_list":{"0":"post-1673","1":"product","2":"type-product","3":"status-publish","4":"has-post-thumbnail","6":"product_cat-juventus","7":"product_tag-coole-fussballtrikots","8":"product_tag-fussball-trikot-langarm","9":"product_tag-fussballtrikot-fuer-herren","10":"product_tag-guenstiges-fussballtrikot","11":"product_tag-juventus-torwarttrikot","12":"product_tag-juventus-trikots","14":"first","15":"instock","16":"shipping-taxable","17":"purchasable","18":"product-type-variable"},"_links":{"self":[{"href":"https:\/\/www.billigtrikotde.com\/hr\/wp-json\/wp\/v2\/product\/1673","targetHints":{"allow":["GET"]}}],"collection":[{"href":"https:\/\/www.billigtrikotde.com\/hr\/wp-json\/wp\/v2\/product"}],"about":[{"href":"https:\/\/www.billigtrikotde.com\/hr\/wp-json\/wp\/v2\/types\/product"}],"replies":[{"embeddable":true,"href":"https:\/\/www.billigtrikotde.com\/hr\/wp-json\/wp\/v2\/comments?post=1673"}],"wp:featuredmedia":[{"embeddable":true,"href":"https:\/\/www.billigtrikotde.com\/hr\/wp-json\/wp\/v2\/media\/1705"}],"wp:attachment":[{"href":"https:\/\/www.billigtrikotde.com\/hr\/wp-json\/wp\/v2\/media?parent=1673"}],"wp:term":[{"taxonomy":"product_brand","embeddable":true,"href":"https:\/\/www.billigtrikotde.com\/hr\/wp-json\/wp\/v2\/product_brand?post=1673"},{"taxonomy":"product_cat","embeddable":true,"href":"https:\/\/www.billigtrikotde.com\/hr\/wp-json\/wp\/v2\/product_cat?post=1673"},{"taxonomy":"product_tag","embeddable":true,"href":"https:\/\/www.billigtrikotde.com\/hr\/wp-json\/wp\/v2\/product_tag?post=1673"}],"curies":[{"name":"wp","href":"https:\/\/api.w.org\/{rel}","templated":true}]}}