{"id":16601,"date":"2024-10-24T08:52:56","date_gmt":"2024-10-24T06:52:56","guid":{"rendered":"http:\/\/billigtrikots.com\/?post_type=product&#038;p=16601"},"modified":"2025-10-16T16:02:19","modified_gmt":"2025-10-16T14:02:19","slug":"kinder-heimtrikot-real-madrid-2023-24-fussballtrikot-trikotsatz-antonio-rudiger-22","status":"publish","type":"product","link":"https:\/\/www.billigtrikotde.com\/hr\/kinder-heimtrikot-real-madrid-2023-24-fussballtrikot-trikotsatz-antonio-rudiger-22\/","title":{"rendered":"Dje\u010dji doma\u0107i dres Real Madrid 2023-24 nogometni dres komplet Antonio Rudiger 22"},"content":{"rendered":"<p>Dres doma\u0107e mom\u010dadi Real Madrid 23-24 ima moderan i jednostavan dizajn. Posebno je zanimljiva boja: bijela se kombinira s tamnoplavom mornarskom plavom (\u201eLegend Ink\u201c) i zlatno-naran\u010dastom. Zlatno-naran\u010dasta nije \u010dista \u017euta ni metalik zlato, ve\u0107 je negdje izme\u0111u. Mornarska plava i zlatno-naran\u010dasta su iste boje koje se koriste i za gostuju\u0107i dres 23-24 od Real Madrida.<br \/>\nPo prvi put u povijesti kluba, dres Real Madrid 23-24 nosi slogan \u201e\u00a1Hala Madrid!\u201c na ovratniku. Za ovratnik Adidas kombinira boje \u201eZlatno-naran\u010dasta\u201c, bijelu i Legend u trobojnicu. Tako\u0111er, man\u017eete na rukavima su u trobojnici. Kao i svi ostali Adidas 23-24 nogometni dresovi, i novi dres Real Madrid 23-24 opremljen je novim Adidas logom. Na bo\u010dnim stranama i na le\u0111ima nalaze se mornarskoplave paneli, sli\u010dni onima na nekim Adidas dresovima za Svjetsko prvenstvo 2022.<\/p>\n<p>Savjeti za ispis: Ako ime i broj na slici to\u010dno odgovaraju va\u0161im \u017eeljama, ne morate ih ponovno unositi. Ako ne, unesite \u017eeljeno ime i broj.<\/p>\n<p>Savjeti za pranje: Preporu\u010duje se ru\u010dno pranje nogometnih dresova. Ako \u017eelite koristiti perilicu, sjetite se okrenuti dresove naopako prije pranja. Napunite perilicu hladnom vodom i koristite program za osjetljive tkanine kako biste bolje za\u0161titili boje.<\/p>","protected":false},"excerpt":{"rendered":"<p>Ku\u0107ni dres Real Madrid 23-24 ima moderan i jednostavan dizajn. Posebno je zanimljiva boja: bijela se kombinira s tamnoplavom morskom plavom (\u201eLegend Ink\u201c) i zlatno-naran\u010dastom. Zlatno-naran\u010dasta nije \u010dista \u017euta ni metalik zlato, ve\u0107 je negdje izme\u0111u. Morska plava i zlatno-naran\u010dasta su iste boje koje se koriste i za gostuju\u0107i dres [...]<\/p>","protected":false},"featured_media":16640,"comment_status":"open","ping_status":"closed","template":"","meta":[],"product_brand":[],"product_cat":[165],"product_tag":[983,984,985,986,20,574,21,22,24,94,879,651,880,47,166],"class_list":{"0":"post-16601","1":"product","2":"type-product","3":"status-publish","4":"has-post-thumbnail","6":"product_cat-real-madrid-kindertrikot","7":"product_tag-antonio-rudiger-babykleidung","8":"product_tag-antonio-rudiger-fussballtrikot","9":"product_tag-antonio-rudiger-kleidung-kinder","10":"product_tag-antonio-rudiger-trikot-fuer-kinder","11":"product_tag-coole-fussballtrikots","12":"product_tag-fussballtrikot-deutschland","13":"product_tag-fussballtrikot-fuer-herren","14":"product_tag-fussballtrikot-guenstig-kaufen","15":"product_tag-guenstiges-fussballtrikot","16":"product_tag-kinder-fussball-trikotsatz","17":"product_tag-real-madrid-fussballtrikots-kinder","18":"product_tag-real-madrid-heim-trikot","19":"product_tag-real-madrid-trikot-fuer-kinder","20":"product_tag-real-madrid-trikots","21":"product_tag-real-madrid-trikotsatz-fuer-kinder","23":"first","24":"instock","25":"shipping-taxable","26":"purchasable","27":"product-type-variable"},"_links":{"self":[{"href":"https:\/\/www.billigtrikotde.com\/hr\/wp-json\/wp\/v2\/product\/16601","targetHints":{"allow":["GET"]}}],"collection":[{"href":"https:\/\/www.billigtrikotde.com\/hr\/wp-json\/wp\/v2\/product"}],"about":[{"href":"https:\/\/www.billigtrikotde.com\/hr\/wp-json\/wp\/v2\/types\/product"}],"replies":[{"embeddable":true,"href":"https:\/\/www.billigtrikotde.com\/hr\/wp-json\/wp\/v2\/comments?post=16601"}],"wp:featuredmedia":[{"embeddable":true,"href":"https:\/\/www.billigtrikotde.com\/hr\/wp-json\/wp\/v2\/media\/16640"}],"wp:attachment":[{"href":"https:\/\/www.billigtrikotde.com\/hr\/wp-json\/wp\/v2\/media?parent=16601"}],"wp:term":[{"taxonomy":"product_brand","embeddable":true,"href":"https:\/\/www.billigtrikotde.com\/hr\/wp-json\/wp\/v2\/product_brand?post=16601"},{"taxonomy":"product_cat","embeddable":true,"href":"https:\/\/www.billigtrikotde.com\/hr\/wp-json\/wp\/v2\/product_cat?post=16601"},{"taxonomy":"product_tag","embeddable":true,"href":"https:\/\/www.billigtrikotde.com\/hr\/wp-json\/wp\/v2\/product_tag?post=16601"}],"curies":[{"name":"wp","href":"https:\/\/api.w.org\/{rel}","templated":true}]}}