{"id":16552,"date":"2024-10-24T08:50:08","date_gmt":"2024-10-24T06:50:08","guid":{"rendered":"http:\/\/billigtrikots.com\/?post_type=product&#038;p=16552"},"modified":"2025-05-30T15:25:55","modified_gmt":"2025-05-30T13:25:55","slug":"herren-fussballtrikots-set-chelsea-2023-24-weiss-blau-heimtrikot-levi-colwill-26","status":"publish","type":"product","link":"https:\/\/www.billigtrikotde.com\/hr\/herren-fussballtrikots-set-chelsea-2023-24-weiss-blau-heimtrikot-levi-colwill-26\/","title":{"rendered":"Mu\u0161ki nogometni dresovi set Chelsea 2023-24 bijeli plavi doma\u0107i dres Levi Colwill 26"},"content":{"rendered":"<p>Dres Chelsea 23-24 kombinira plavu osnovnu boju s bijelim aplikacijama i svjetlucavim, promjenjivim logotipima. Dres Chelsea FC 23-24 tako\u0111er uklju\u010duje bijelu u klasi\u010dnu plavu boju i time slavi pobjedu mom\u010dadi u UEFA kupu prvaka i Liga kupu u sezoni 97-98. Na unutarnjoj strani ovratnika nalazi se zlatna oznaka \u201ePride of London\u201c. \u0160to se ti\u010de predlo\u0161ka, dres Chelsea Football Cluba 2023-2024 temelji se na predlo\u0161ku 23-24. Kroz bijele aplikacije sa strane isti\u010de se od ostalih dresova 2023-2024. Bijelo\/plavo\/zlatno man\u017eete na rukavima upotpunjuju izgled doma\u0107eg dresa Nike Chelsea 23-24.<\/p>\n<p>Savjeti za ispis: Ako ime i broj na slici to\u010dno odgovaraju va\u0161im \u017eeljama, ne morate ih ponovno unositi. Ako ne, unesite \u017eeljeno ime i broj.<\/p>\n<p>Savjeti za pranje: Preporu\u010duje se ru\u010dno pranje nogometnih dresova. Ako \u017eelite koristiti perilicu, sjetite se okrenuti dresove naopako prije pranja. Napunite perilicu hladnom vodom i koristite program za osjetljive tkanine kako biste bolje za\u0161titili boje.<\/p>","protected":false},"excerpt":{"rendered":"<p>Dres Chelsea 23-24 kombinira plavu osnovnu boju s bijelim aplikacijama i svjetlucavim, promjenjivim logotipima. Dres Chelsea FC 23-24 tako\u0111er uklju\u010duje bijelu boju u klasi\u010dnu plavu, slave\u0107i tako pobjedu mom\u010dadi u UEFA-inoj kup ligi i Liga kupu u sezoni 97-98. Na unutarnjoj strani ovratnika nalazi se zlatni \u201ePride of [\u2026]<\/p>","protected":false},"featured_media":16593,"comment_status":"open","ping_status":"closed","template":"","meta":[],"product_brand":[],"product_cat":[72],"product_tag":[20,448,73,982,574,21,22,23,24,441],"class_list":{"0":"post-16552","1":"product","2":"type-product","3":"status-publish","4":"has-post-thumbnail","6":"product_cat-chelsea","7":"product_tag-coole-fussballtrikots","8":"product_tag-chelsea-trikot-bestellen","9":"product_tag-chelsea-trikots","10":"product_tag-chelsea-trikots-2024","11":"product_tag-fussballtrikot-deutschland","12":"product_tag-fussballtrikot-fuer-herren","13":"product_tag-fussballtrikot-guenstig-kaufen","14":"product_tag-fussballtrikot-kurzarm","15":"product_tag-guenstiges-fussballtrikot","16":"product_tag-neue-chelsea-trikots","18":"first","19":"instock","20":"shipping-taxable","21":"purchasable","22":"product-type-variable"},"_links":{"self":[{"href":"https:\/\/www.billigtrikotde.com\/hr\/wp-json\/wp\/v2\/product\/16552","targetHints":{"allow":["GET"]}}],"collection":[{"href":"https:\/\/www.billigtrikotde.com\/hr\/wp-json\/wp\/v2\/product"}],"about":[{"href":"https:\/\/www.billigtrikotde.com\/hr\/wp-json\/wp\/v2\/types\/product"}],"replies":[{"embeddable":true,"href":"https:\/\/www.billigtrikotde.com\/hr\/wp-json\/wp\/v2\/comments?post=16552"}],"wp:featuredmedia":[{"embeddable":true,"href":"https:\/\/www.billigtrikotde.com\/hr\/wp-json\/wp\/v2\/media\/16593"}],"wp:attachment":[{"href":"https:\/\/www.billigtrikotde.com\/hr\/wp-json\/wp\/v2\/media?parent=16552"}],"wp:term":[{"taxonomy":"product_brand","embeddable":true,"href":"https:\/\/www.billigtrikotde.com\/hr\/wp-json\/wp\/v2\/product_brand?post=16552"},{"taxonomy":"product_cat","embeddable":true,"href":"https:\/\/www.billigtrikotde.com\/hr\/wp-json\/wp\/v2\/product_cat?post=16552"},{"taxonomy":"product_tag","embeddable":true,"href":"https:\/\/www.billigtrikotde.com\/hr\/wp-json\/wp\/v2\/product_tag?post=16552"}],"curies":[{"name":"wp","href":"https:\/\/api.w.org\/{rel}","templated":true}]}}