{"id":16223,"date":"2024-10-24T08:31:22","date_gmt":"2024-10-24T06:31:22","guid":{"rendered":"http:\/\/billigtrikots.com\/?post_type=product&#038;p=16223"},"modified":"2024-10-24T08:34:04","modified_gmt":"2024-10-24T06:34:04","slug":"herren-set-fc-barcelona-2023-24-drittes-trikot-blau-kurzarm-kurze-hosen-raphinha-11","status":"publish","type":"product","link":"https:\/\/www.billigtrikotde.com\/hr\/herren-set-fc-barcelona-2023-24-drittes-trikot-blau-kurzarm-kurze-hosen-raphinha-11\/","title":{"rendered":"Mu\u0161ki set FC Barcelona 2023-24 tre\u0107i dres plavi kratki rukav + kratke hla\u010de Raphinha 11"},"content":{"rendered":"<p>Tre\u0107e nogometno dres Barcelona 23-24 uglavnom je mentol zelene (\u201eLight Aqua\u201c), kombinirano s Blaugrana kao dizajnerskim elementima i crnom kao bojom loga. \u0160to se ti\u010de predlo\u0161ka, tre\u0107e nogometno dres Barcelona 23-24 je aerodinami\u010dan. Koristi isti predlo\u017eak kao i razne reprezentacije za Svjetsko prvenstvo \u017eena 2023. i druge elitne klubove za njihove tre\u0107e dresove za sezonu 23-24. Dvije stvari koje isti\u010du dres Barcelona 23-24 su tkanina, Swoosh i grb. Blaugrana boje Barcelone (plava i crvena) utkane su u tkaninu dresa Barcelona 23-24 i daju mu poseban pe\u010dat.<\/p>\n<p>Savjeti za ispis: Ako ime i broj na slici to\u010dno odgovaraju va\u0161im \u017eeljama, ne morate ih ponovno unositi. Ako ne, unesite \u017eeljeno ime i broj.<\/p>\n<p>Savjeti za pranje: Preporu\u010duje se ru\u010dno pranje nogometnih dresova. Ako \u017eelite koristiti perilicu, sjetite se okrenuti dresove naopako prije pranja. Napunite perilicu hladnom vodom i koristite program za osjetljive tkanine kako biste bolje za\u0161titili boje.<\/p>","protected":false},"excerpt":{"rendered":"<p>Das dritte Barcelona 23-24 Fu\u00dfball trikot ist \u00fcberwiegend mint (\u201eLight Aqua\u201c), kombiniert mit Blaugrana als Designelementen und Schwarz als Logofarbe.Was die Template betrifft, so ist das Bar\u00e7a 23-24 dritte Fu\u00dfballtrikot stromlinienf\u00f6rmig. Es verwendet die gleiche Template wie verschiedene Nationalmannschaften f\u00fcr die Frauen-WM 2023 und andere 23-24 Elite-Clubteams f\u00fcr ihre dritten Trikots.Zwei Dinge lassen das Barcelona [&hellip;]<\/p>","protected":false},"featured_media":16264,"comment_status":"open","ping_status":"closed","template":"","meta":[],"product_brand":[],"product_cat":[31],"product_tag":[703,704,20,863,864,33,574,426,24],"class_list":{"0":"post-16223","1":"product","2":"type-product","3":"status-publish","4":"has-post-thumbnail","6":"product_cat-fc-barcelona","7":"product_tag-barcelona-fussballtrikot","8":"product_tag-barcelona-trikot","9":"product_tag-coole-fussballtrikots","10":"product_tag-fc-barcelona-neue-trikots","11":"product_tag-fc-barcelona-trikot-set","12":"product_tag-fc-barcelona-trikots","13":"product_tag-fussballtrikot-deutschland","14":"product_tag-fussballtrikots-kurzarm","15":"product_tag-guenstiges-fussballtrikot","17":"first","18":"instock","19":"shipping-taxable","20":"purchasable","21":"product-type-variable"},"_links":{"self":[{"href":"https:\/\/www.billigtrikotde.com\/hr\/wp-json\/wp\/v2\/product\/16223","targetHints":{"allow":["GET"]}}],"collection":[{"href":"https:\/\/www.billigtrikotde.com\/hr\/wp-json\/wp\/v2\/product"}],"about":[{"href":"https:\/\/www.billigtrikotde.com\/hr\/wp-json\/wp\/v2\/types\/product"}],"replies":[{"embeddable":true,"href":"https:\/\/www.billigtrikotde.com\/hr\/wp-json\/wp\/v2\/comments?post=16223"}],"wp:featuredmedia":[{"embeddable":true,"href":"https:\/\/www.billigtrikotde.com\/hr\/wp-json\/wp\/v2\/media\/16264"}],"wp:attachment":[{"href":"https:\/\/www.billigtrikotde.com\/hr\/wp-json\/wp\/v2\/media?parent=16223"}],"wp:term":[{"taxonomy":"product_brand","embeddable":true,"href":"https:\/\/www.billigtrikotde.com\/hr\/wp-json\/wp\/v2\/product_brand?post=16223"},{"taxonomy":"product_cat","embeddable":true,"href":"https:\/\/www.billigtrikotde.com\/hr\/wp-json\/wp\/v2\/product_cat?post=16223"},{"taxonomy":"product_tag","embeddable":true,"href":"https:\/\/www.billigtrikotde.com\/hr\/wp-json\/wp\/v2\/product_tag?post=16223"}],"curies":[{"name":"wp","href":"https:\/\/api.w.org\/{rel}","templated":true}]}}