{"id":16196,"date":"2024-10-24T08:29:44","date_gmt":"2024-10-24T06:29:44","guid":{"rendered":"http:\/\/billigtrikots.com\/?post_type=product&#038;p=16196"},"modified":"2025-05-30T16:14:07","modified_gmt":"2025-05-30T14:14:07","slug":"herren-set-manchester-united-2023-2024-drittes-trikot-mit-aufdruck-amad-16","status":"publish","type":"product","link":"https:\/\/www.billigtrikotde.com\/hr\/herren-set-manchester-united-2023-2024-drittes-trikot-mit-aufdruck-amad-16\/","title":{"rendered":"Mu\u0161ki komplet Manchester United 2023-2024 Tre\u0107i dres s natpisom AMAD 16"},"content":{"rendered":"<p>Tre\u0107i dres Manchester United 2023-2024 uglavnom je krem boje s crvenim akcentima. Posebnost tre\u0107eg dresa Manchester United 2023-2024 je \u0161to je grb kluba zamijenjen ikoni\u010dnim crvenim demonom s grba ManUtd. Ova neo\u010dekivana promjena daje tre\u0107em dresu Manchester United 23-24 iznena\u0111uju\u0107i i zanimljiv element.<\/p>\n<p>Savjeti za ispis: Ako ime i broj na slici to\u010dno odgovaraju va\u0161im \u017eeljama, ne morate ih ponovno unositi. Ako ne, unesite \u017eeljeno ime i broj.<\/p>\n<p>Savjeti za pranje: Preporu\u010duje se ru\u010dno pranje nogometnih dresova. Ako \u017eelite koristiti perilicu, sjetite se okrenuti dresove naopako prije pranja. Napunite perilicu hladnom vodom i koristite program za osjetljive tkanine kako biste bolje za\u0161titili boje.<\/p>","protected":false},"excerpt":{"rendered":"<p>Tre\u0107i dres Manchester United 2023-2024 uglavnom je krem boje s crvenim akcentima. Posebnost tre\u0107eg dresa Manchester United 2023-2024 je \u0161to je grb kluba zamijenjen ikoni\u010dnim crvenim demonima simbolom grba ManUtd-a. Ova neo\u010dekivana promjena daje tre\u0107em dresu Manchester Uniteda 23-24 iznena\u0111uju\u0107i i zanimljiv element. Savjeti za tiskanje: Kada je ime [\u2026]<\/p>","protected":false},"featured_media":16237,"comment_status":"open","ping_status":"closed","template":"","meta":[],"product_brand":[],"product_cat":[50],"product_tag":[20,574,21,23,24,900,672,673],"class_list":{"0":"post-16196","1":"product","2":"type-product","3":"status-publish","4":"has-post-thumbnail","6":"product_cat-manchester-united","7":"product_tag-coole-fussballtrikots","8":"product_tag-fussballtrikot-deutschland","9":"product_tag-fussballtrikot-fuer-herren","10":"product_tag-fussballtrikot-kurzarm","11":"product_tag-guenstiges-fussballtrikot","12":"product_tag-manchester-united-2023-2024-drittes-trikot","13":"product_tag-manchester-united-fussballtrikot","14":"product_tag-manchester-united-trikot","16":"first","17":"instock","18":"shipping-taxable","19":"purchasable","20":"product-type-variable"},"_links":{"self":[{"href":"https:\/\/www.billigtrikotde.com\/hr\/wp-json\/wp\/v2\/product\/16196","targetHints":{"allow":["GET"]}}],"collection":[{"href":"https:\/\/www.billigtrikotde.com\/hr\/wp-json\/wp\/v2\/product"}],"about":[{"href":"https:\/\/www.billigtrikotde.com\/hr\/wp-json\/wp\/v2\/types\/product"}],"replies":[{"embeddable":true,"href":"https:\/\/www.billigtrikotde.com\/hr\/wp-json\/wp\/v2\/comments?post=16196"}],"wp:featuredmedia":[{"embeddable":true,"href":"https:\/\/www.billigtrikotde.com\/hr\/wp-json\/wp\/v2\/media\/16237"}],"wp:attachment":[{"href":"https:\/\/www.billigtrikotde.com\/hr\/wp-json\/wp\/v2\/media?parent=16196"}],"wp:term":[{"taxonomy":"product_brand","embeddable":true,"href":"https:\/\/www.billigtrikotde.com\/hr\/wp-json\/wp\/v2\/product_brand?post=16196"},{"taxonomy":"product_cat","embeddable":true,"href":"https:\/\/www.billigtrikotde.com\/hr\/wp-json\/wp\/v2\/product_cat?post=16196"},{"taxonomy":"product_tag","embeddable":true,"href":"https:\/\/www.billigtrikotde.com\/hr\/wp-json\/wp\/v2\/product_tag?post=16196"}],"curies":[{"name":"wp","href":"https:\/\/api.w.org\/{rel}","templated":true}]}}