{"id":1615,"date":"2024-10-23T13:38:05","date_gmt":"2024-10-23T11:38:05","guid":{"rendered":"http:\/\/billigtrikots.com\/?post_type=product&#038;p=1615"},"modified":"2025-06-16T16:04:14","modified_gmt":"2025-06-16T14:04:14","slug":"bestellten-guenstige-fussballtrikots-herren-juventus-turin-torwarttrikot-set-schwarz-buffon-77","status":"publish","type":"product","link":"https:\/\/www.billigtrikotde.com\/hr\/bestellten-guenstige-fussballtrikots-herren-juventus-turin-torwarttrikot-set-schwarz-buffon-77\/","title":{"rendered":"Naru\u010deni povoljni mu\u0161ki nogometni dresovi Juventus Turin set vratarskog dresa crni Buffon 77"},"content":{"rendered":"<p>Adidas sportski top je savr\u0161en izbor. Nije mogu\u0107e zamisliti kolekciju navija\u010da bez ovog FC Juventus Turin sportskog topa. Prozra\u010dan je, udoban i lagan. Postaje pravi highlight zahvaljuju\u0107i grbu kluba na prsima. Bez obzira koliko je trening ili utakmica zahtjevna, s ovim modelom uvijek ste odjeveni najbolje.<\/p>\n<p>Savjeti za ispis: Ako ime i broj na slici to\u010dno odgovaraju va\u0161im \u017eeljama, ne morate ih ponovno unositi. Ako ne, unesite \u017eeljeno ime i broj.<\/p>\n<p>Savjeti za pranje: Preporu\u010duje se ru\u010dno pranje nogometnih dresova. Ako \u017eelite koristiti perilicu, sjetite se okrenuti dresove naopako prije pranja. Napunite perilicu hladnom vodom i koristite program za osjetljive tkanine kako biste bolje za\u0161titili boje.<\/p>","protected":false},"excerpt":{"rendered":"<p>Das adidas Sporttop ist die perfekte Wahl. In keiner Fan-Sammlung darf dieses FC Juventus Turin-Sporttop fehlen. Es ist atmungsaktiv, bequem und leicht. Zum absoluten Highlight wird es durch das Vereinswappen auf der Brust. Egal, wie hart das Training oder das Spiel ist, mit diesem Modell bist du immer bestens gekleidet. Tipps zum Drucken: Wenn der [&hellip;]<\/p>","protected":false},"featured_media":1645,"comment_status":"open","ping_status":"closed","template":"","meta":[],"product_brand":[],"product_cat":[59],"product_tag":[20,35,21,23,24,62,61],"class_list":{"0":"post-1615","1":"product","2":"type-product","3":"status-publish","4":"has-post-thumbnail","6":"product_cat-juventus","7":"product_tag-coole-fussballtrikots","8":"product_tag-fussball-torwarttrikots","9":"product_tag-fussballtrikot-fuer-herren","10":"product_tag-fussballtrikot-kurzarm","11":"product_tag-guenstiges-fussballtrikot","12":"product_tag-juventus-torwarttrikot","13":"product_tag-juventus-trikots","15":"first","16":"instock","17":"shipping-taxable","18":"purchasable","19":"product-type-variable"},"_links":{"self":[{"href":"https:\/\/www.billigtrikotde.com\/hr\/wp-json\/wp\/v2\/product\/1615","targetHints":{"allow":["GET"]}}],"collection":[{"href":"https:\/\/www.billigtrikotde.com\/hr\/wp-json\/wp\/v2\/product"}],"about":[{"href":"https:\/\/www.billigtrikotde.com\/hr\/wp-json\/wp\/v2\/types\/product"}],"replies":[{"embeddable":true,"href":"https:\/\/www.billigtrikotde.com\/hr\/wp-json\/wp\/v2\/comments?post=1615"}],"wp:featuredmedia":[{"embeddable":true,"href":"https:\/\/www.billigtrikotde.com\/hr\/wp-json\/wp\/v2\/media\/1645"}],"wp:attachment":[{"href":"https:\/\/www.billigtrikotde.com\/hr\/wp-json\/wp\/v2\/media?parent=1615"}],"wp:term":[{"taxonomy":"product_brand","embeddable":true,"href":"https:\/\/www.billigtrikotde.com\/hr\/wp-json\/wp\/v2\/product_brand?post=1615"},{"taxonomy":"product_cat","embeddable":true,"href":"https:\/\/www.billigtrikotde.com\/hr\/wp-json\/wp\/v2\/product_cat?post=1615"},{"taxonomy":"product_tag","embeddable":true,"href":"https:\/\/www.billigtrikotde.com\/hr\/wp-json\/wp\/v2\/product_tag?post=1615"}],"curies":[{"name":"wp","href":"https:\/\/api.w.org\/{rel}","templated":true}]}}