{"id":16143,"date":"2024-10-24T08:26:19","date_gmt":"2024-10-24T06:26:19","guid":{"rendered":"http:\/\/billigtrikots.com\/?post_type=product&#038;p=16143"},"modified":"2024-10-24T08:29:03","modified_gmt":"2024-10-24T06:29:03","slug":"herren-set-manchester-united-heimtrikot-2023-24-bestellen-mit-aufdruck-amrabat-4","status":"publish","type":"product","link":"https:\/\/www.billigtrikotde.com\/hr\/herren-set-manchester-united-heimtrikot-2023-24-bestellen-mit-aufdruck-amrabat-4\/","title":{"rendered":"Mu\u0161ki set Manchester United doma\u0107i dres 2023-24 narud\u017eba s natpisom AMRABAT 4"},"content":{"rendered":"<p>Manchester United 2023-2024 dres kombinira klasi\u010dnu crvenu osnovnu boju s crnom za logotipe i tri pruge te bijele detalje. To je prvi put od sezone 2019-2020 da se koristi crna kao sekundarna boja. Slu\u017ebeno se crvena boja naziva \u201eTeam Collage Red\u201c.<\/p>\n<p>\u0160to se ti\u010de dizajna, dres 2023-24 Manchester Uniteda inspiriran je industrijskim naslije\u0111em grada. Dres prikazuje ponavljaju\u0107i uzorak koji kombinira Lancashire ru\u017eu u geometrijskom uzorku, inspiriranom mostom Trafford Road, izgra\u0111enim u vrijeme industrijske revolucije.<\/p>\n<p>Savjeti za ispis: Ako ime i broj na slici to\u010dno odgovaraju va\u0161im \u017eeljama, ne morate ih ponovno unositi. Ako ne, unesite \u017eeljeno ime i broj.<\/p>\n<p>Savjeti za pranje: Preporu\u010duje se ru\u010dno pranje nogometnih dresova. Ako \u017eelite koristiti perilicu, sjetite se okrenuti dresove naopako prije pranja. Napunite perilicu hladnom vodom i koristite program za osjetljive tkanine kako biste bolje za\u0161titili boje.<\/p>","protected":false},"excerpt":{"rendered":"<p>Manchester United dres 2023-2024 kombinira klasi\u010dnu crvenu glavnu boju s crnom za logotipe i tri pruge te bijele detalje. To je prvi put od sezone 2019-2020 da se koristi crna kao sekundarna boja. Slu\u017ebeno se naziva crvena boja \u201eTeam Collage Red\u201c. \u0160to se ti\u010de dizajna, dres 2023-24 Manchester [...]<\/p>","protected":false},"featured_media":16184,"comment_status":"open","ping_status":"closed","template":"","meta":[],"product_brand":[],"product_cat":[50],"product_tag":[20,574,21,22,23,24,672,673],"class_list":{"0":"post-16143","1":"product","2":"type-product","3":"status-publish","4":"has-post-thumbnail","6":"product_cat-manchester-united","7":"product_tag-coole-fussballtrikots","8":"product_tag-fussballtrikot-deutschland","9":"product_tag-fussballtrikot-fuer-herren","10":"product_tag-fussballtrikot-guenstig-kaufen","11":"product_tag-fussballtrikot-kurzarm","12":"product_tag-guenstiges-fussballtrikot","13":"product_tag-manchester-united-fussballtrikot","14":"product_tag-manchester-united-trikot","16":"first","17":"instock","18":"shipping-taxable","19":"purchasable","20":"product-type-variable"},"_links":{"self":[{"href":"https:\/\/www.billigtrikotde.com\/hr\/wp-json\/wp\/v2\/product\/16143","targetHints":{"allow":["GET"]}}],"collection":[{"href":"https:\/\/www.billigtrikotde.com\/hr\/wp-json\/wp\/v2\/product"}],"about":[{"href":"https:\/\/www.billigtrikotde.com\/hr\/wp-json\/wp\/v2\/types\/product"}],"replies":[{"embeddable":true,"href":"https:\/\/www.billigtrikotde.com\/hr\/wp-json\/wp\/v2\/comments?post=16143"}],"wp:featuredmedia":[{"embeddable":true,"href":"https:\/\/www.billigtrikotde.com\/hr\/wp-json\/wp\/v2\/media\/16184"}],"wp:attachment":[{"href":"https:\/\/www.billigtrikotde.com\/hr\/wp-json\/wp\/v2\/media?parent=16143"}],"wp:term":[{"taxonomy":"product_brand","embeddable":true,"href":"https:\/\/www.billigtrikotde.com\/hr\/wp-json\/wp\/v2\/product_brand?post=16143"},{"taxonomy":"product_cat","embeddable":true,"href":"https:\/\/www.billigtrikotde.com\/hr\/wp-json\/wp\/v2\/product_cat?post=16143"},{"taxonomy":"product_tag","embeddable":true,"href":"https:\/\/www.billigtrikotde.com\/hr\/wp-json\/wp\/v2\/product_tag?post=16143"}],"curies":[{"name":"wp","href":"https:\/\/api.w.org\/{rel}","templated":true}]}}