{"id":1603,"date":"2024-10-23T13:37:33","date_gmt":"2024-10-23T11:37:33","guid":{"rendered":"http:\/\/billigtrikots.com\/?post_type=product&#038;p=1603"},"modified":"2025-06-16T16:04:15","modified_gmt":"2025-06-16T14:04:15","slug":"juventus-home-fussballtrikots-offizielle-anpassbare-name-und-nummer","status":"publish","type":"product","link":"https:\/\/www.billigtrikotde.com\/hr\/juventus-home-fussballtrikots-offizielle-anpassbare-name-und-nummer\/","title":{"rendered":"Juventus doma\u0107i nogometni dresovi slu\u017ebeni prilagodljivi s imenom i brojem"},"content":{"rendered":"<p>Po\u010detak milijunske povijesti. Adidasov dres Juventusa slavi deset godina kultnog Allianz Stadiona. Zvijezde koje dominiraju dizajnom zgrade reflektiraju se u legendarni crni pruge i redefiniraju klasi\u010dan izgled. Majica je dizajnirana za maksimalan komfor navija\u010da. Napravljena je od mekog materijala i ima tehnologiju AEROREADY za uklanjanje znoja.<\/p>\n<p>Savjeti za ispis: Ako ime i broj na slici to\u010dno odgovaraju va\u0161im \u017eeljama, ne morate ih ponovno unositi. Ako ne, unesite \u017eeljeno ime i broj.<\/p>\n<p>Ispisani dresovi nisu zamjena niti se mogu vratiti. Kod individualno otisnutih dresova rok isporuke se produ\u017euje za 1-2 radna dana. Naknadne izmjene nisu mogu\u0107, nema originalnog floka<\/p>\n<p>Savjeti za pranje: Preporu\u010duje se ru\u010dno pranje nogometnih dresova. Ako \u017eelite koristiti perilicu, sjetite se okrenuti dresove naopako prije pranja. Napunite perilicu hladnom vodom i koristite program za osjetljive tkanine kako biste bolje za\u0161titili boje.<\/p>","protected":false},"excerpt":{"rendered":"<p>Posveta njegovom sjajnom stadionu. Adidas Juventus dres slavi 10. godi\u0161njicu kultnog Allianz stadiona. Zvijezde koje dominiraju dizajnom zgrade odra\u017eavaju se u legendarnim crnim prugama i ponovno osmi\u0161ljavaju klasi\u010dni izgled. Dres je razvijen kako bi pru\u017eio maksimalnu udobnost navija\u010dima. Izra\u0111en je od mekanog materijala [...]<\/p>","protected":false},"featured_media":1633,"comment_status":"open","ping_status":"closed","template":"","meta":[],"product_brand":[],"product_cat":[59],"product_tag":[20,38,21,24,60,61],"class_list":{"0":"post-1603","1":"product","2":"type-product","3":"status-publish","4":"has-post-thumbnail","6":"product_cat-juventus","7":"product_tag-coole-fussballtrikots","8":"product_tag-fussball-trikot-langarm","9":"product_tag-fussballtrikot-fuer-herren","10":"product_tag-guenstiges-fussballtrikot","11":"product_tag-juventus-heimtrikot","12":"product_tag-juventus-trikots","14":"first","15":"instock","16":"shipping-taxable","17":"purchasable","18":"product-type-variable"},"_links":{"self":[{"href":"https:\/\/www.billigtrikotde.com\/hr\/wp-json\/wp\/v2\/product\/1603","targetHints":{"allow":["GET"]}}],"collection":[{"href":"https:\/\/www.billigtrikotde.com\/hr\/wp-json\/wp\/v2\/product"}],"about":[{"href":"https:\/\/www.billigtrikotde.com\/hr\/wp-json\/wp\/v2\/types\/product"}],"replies":[{"embeddable":true,"href":"https:\/\/www.billigtrikotde.com\/hr\/wp-json\/wp\/v2\/comments?post=1603"}],"wp:featuredmedia":[{"embeddable":true,"href":"https:\/\/www.billigtrikotde.com\/hr\/wp-json\/wp\/v2\/media\/1633"}],"wp:attachment":[{"href":"https:\/\/www.billigtrikotde.com\/hr\/wp-json\/wp\/v2\/media?parent=1603"}],"wp:term":[{"taxonomy":"product_brand","embeddable":true,"href":"https:\/\/www.billigtrikotde.com\/hr\/wp-json\/wp\/v2\/product_brand?post=1603"},{"taxonomy":"product_cat","embeddable":true,"href":"https:\/\/www.billigtrikotde.com\/hr\/wp-json\/wp\/v2\/product_cat?post=1603"},{"taxonomy":"product_tag","embeddable":true,"href":"https:\/\/www.billigtrikotde.com\/hr\/wp-json\/wp\/v2\/product_tag?post=1603"}],"curies":[{"name":"wp","href":"https:\/\/api.w.org\/{rel}","templated":true}]}}