{"id":1577,"date":"2024-10-23T13:36:29","date_gmt":"2024-10-23T11:36:29","guid":{"rendered":"http:\/\/billigtrikots.com\/?post_type=product&#038;p=1577"},"modified":"2024-10-23T13:37:59","modified_gmt":"2024-10-23T11:37:59","slug":"arsenal-london-trikot-home-2022-giroud-12-herren-rot-kurzarm-kurze-hosen","status":"publish","type":"product","link":"https:\/\/www.billigtrikotde.com\/hr\/arsenal-london-trikot-home-2022-giroud-12-herren-rot-kurzarm-kurze-hosen\/","title":{"rendered":"Arsenal London dres ku\u0107i 2022 Giroud 12 mu\u0161ki crveni kratki rukav + kratke hla\u010de"},"content":{"rendered":"<p>Podr\u017eava\u0161 svoj tim u dobrim i lo\u0161im vremenima s modelom koji skida znoj u bijeloj boji. S dresom iz ku\u0107e a-didas ne mo\u017ee\u0161 pogrije\u0161iti. Kao pravi navija\u010d FC Arsenal London treba\u0161 ovaj doma\u0107i dres koji igra\u010di nose u Premier ligi. Nakondi\u0161 prozra\u010dan, izuzetno udoban i upija znoj. Kod ovog sportskog majice mo\u017ee\u0161 vizualno ra\u010dunati na grb kluba na prsima. S ovim dresom mo\u017ee\u0161 postati jo\u0161 u\u010dinkovitiji i pripremiti se za sljede\u0107u utakmicu.<\/p>\n<p>Savjeti za ispis: Ako ime i broj na slici to\u010dno odgovaraju va\u0161im \u017eeljama, ne morate ih ponovno unositi. Ako ne, unesite \u017eeljeno ime i broj.<\/p>\n<p>Savjeti za pranje: Preporu\u010duje se ru\u010dno pranje nogometnih dresova. Ako \u017eelite koristiti perilicu, sjetite se okrenuti dresove naopako prije pranja. Napunite perilicu hladnom vodom i koristite program za osjetljive tkanine kako biste bolje za\u0161titili boje.<\/p>","protected":false},"excerpt":{"rendered":"<p>Du unterst\u00fctzt dein Team in guten wie in schlechten Zeiten mit dem schwei\u00dfableitenden Modell in Wei\u00df. Mit dem Trikot aus dem Hause a-didas kann man wirklich nichts falsch machen. Als echter FC Arsenal London-Fan brauchst du dieses Heim-Trikot, das die Spieler in der Premier League tragen. Es ist atmungsaktiv, super bequem und schwei\u00dfableitend. Bei diesem [&hellip;]<\/p>","protected":false},"featured_media":1608,"comment_status":"open","ping_status":"closed","template":"","meta":[],"product_brand":[],"product_cat":[55],"product_tag":[20,57,21,22,23,54,24],"class_list":{"0":"post-1577","1":"product","2":"type-product","3":"status-publish","4":"has-post-thumbnail","6":"product_cat-arsenal","7":"product_tag-coole-fussballtrikots","8":"product_tag-fc-arsenal-trikots","9":"product_tag-fussballtrikot-fuer-herren","10":"product_tag-fussballtrikot-guenstig-kaufen","11":"product_tag-fussballtrikot-kurzarm","12":"product_tag-fussballtrikot-set","13":"product_tag-guenstiges-fussballtrikot","15":"first","16":"instock","17":"shipping-taxable","18":"purchasable","19":"product-type-variable"},"_links":{"self":[{"href":"https:\/\/www.billigtrikotde.com\/hr\/wp-json\/wp\/v2\/product\/1577","targetHints":{"allow":["GET"]}}],"collection":[{"href":"https:\/\/www.billigtrikotde.com\/hr\/wp-json\/wp\/v2\/product"}],"about":[{"href":"https:\/\/www.billigtrikotde.com\/hr\/wp-json\/wp\/v2\/types\/product"}],"replies":[{"embeddable":true,"href":"https:\/\/www.billigtrikotde.com\/hr\/wp-json\/wp\/v2\/comments?post=1577"}],"wp:featuredmedia":[{"embeddable":true,"href":"https:\/\/www.billigtrikotde.com\/hr\/wp-json\/wp\/v2\/media\/1608"}],"wp:attachment":[{"href":"https:\/\/www.billigtrikotde.com\/hr\/wp-json\/wp\/v2\/media?parent=1577"}],"wp:term":[{"taxonomy":"product_brand","embeddable":true,"href":"https:\/\/www.billigtrikotde.com\/hr\/wp-json\/wp\/v2\/product_brand?post=1577"},{"taxonomy":"product_cat","embeddable":true,"href":"https:\/\/www.billigtrikotde.com\/hr\/wp-json\/wp\/v2\/product_cat?post=1577"},{"taxonomy":"product_tag","embeddable":true,"href":"https:\/\/www.billigtrikotde.com\/hr\/wp-json\/wp\/v2\/product_tag?post=1577"}],"curies":[{"name":"wp","href":"https:\/\/api.w.org\/{rel}","templated":true}]}}